{"id":280,"date":"2021-12-12T19:35:05","date_gmt":"2021-12-12T18:35:05","guid":{"rendered":"https:\/\/www.bauplay.com\/?post_type=product&#038;p=280"},"modified":"2026-03-02T14:58:41","modified_gmt":"2026-03-02T13:58:41","slug":"bautype-jogo-tipografico","status":"publish","type":"product","link":"https:\/\/www.bauplay.com\/pt\/producto\/bautype-juego-tipografico\/","title":{"rendered":"Bautype"},"content":{"rendered":"<p class=\"translation-block\">Bautype jogo tipogr\u00e1fico \u00e9 adequado a partir dos <strong>4 anos<\/strong> at\u00e9 qualquer idade<\/p>\n<p class=\"translation-block\">\u00b7 <strong>54 pe\u00e7as<\/strong> de madeira DM pintadas \u00e0 m\u00e3o com tinta ecol\u00f3gica e certificada para uso com menores<\/p>\n<ul>\n<li>As pe\u00e7as s\u00e3o cortadas a laser e t\u00eam uma espessura de 2,5 mm<\/li>\n<li>A pe\u00e7a maior mede 14 cm<\/li>\n<li>A pe\u00e7a menor mede 2 cm<\/li>\n<li class=\"translation-block\">Recomenda-se a <strong>supervis\u00e3o de um adulto<\/strong> durante o tempo de jogo<\/li>\n<\/ul>\n<p>&nbsp;<\/p>\n<p class=\"translation-block\">\u00b7 <strong>26 cart\u00f5es<\/strong> educativos com as letras do alfabeto e conceitos art\u00edsticos, obras art\u00edsticas ou artistas relacionados com cada uma delas<\/p>\n<ul>\n<li>Cart\u00f5es a dupla face, por um lado a letra com a tipografia de Bautype para ser constru\u00edda e pelo verso o conceito com um breve texto explicativo e um desafio<\/li>\n<li>Os desafios propostos podem ser criativos (construir com as pe\u00e7as, pintar, etc.) ou de debate<\/li>\n<li>N\u00e3o h\u00e1 respostas incorretas, a criatividade est\u00e1 viva!<\/li>\n<\/ul>\n<pre><span class=\"Y2IQFc\" lang=\"es\">Educa, Desenvolve, Capta a aten\u00e7\u00e3o! Cada crian\u00e7a estuda cores, formas geom\u00e9tricas, aprende a contar desenvolvendo a coordena\u00e7\u00e3o visual e t\u00e1til. Tudo isso faz parte do jogo e da aprendizagem. Cada um dos<\/span><span class=\"Y2IQFc\" lang=\"es\"> elementos destina-se ao desenvolvimento da motricidade fina do pequeno. <\/span><span class=\"Y2IQFc\" lang=\"es\">Nossos brinquedos d\u00e3o a cada crian\u00e7a a oportunidade de trabalhar de forma independente, no seu pr\u00f3prio ritmo e usar a sua criatividade. <\/span><\/pre>\n<p style=\"text-align: center;\"><a href=\"https:\/\/www.bauplay.com\/pt\/educa-y-crea\/\"><img decoding=\"async\" class=\"alignnone\" src=\"https:\/\/www.bauplay.com\/wp-content\/uploads\/2022\/10\/EyC.png\" alt=\"Educa &amp; Cria\" width=\"178\" height=\"118\" \/><\/a><\/p>\n<p>Aplicamos metodologias ativas porque para aprender \u00e9 preciso vivenciar e experimentar. Todos os jogos da marca Bauplay\u00ae potencializam as intelig\u00eancias m\u00faltiplas e seguem os princ\u00edpios da <strong>educa\u00e7\u00e3o centrada na crian\u00e7a<\/strong>, como nas escolas Reggio Emilia, Pikler, Waldorf ou <a href=\"https:\/\/es.wikipedia.org\/wiki\/M%C3%A9todo_Montessori\" target=\"_blank\" rel=\"noopener\">Montessori<\/a> (com suas respectivas diferen\u00e7as).<\/p>","protected":false},"excerpt":{"rendered":"<p class=\"translation-block\">Bautype jogo tipogr\u00e1fico e criativo que consiste em construir todas as letras do alfabeto ou outras formas atrav\u00e9s de pe\u00e7as geom\u00e9tricas de madeira pintadas em quatro cores b\u00e1sicas (vermelho, azul, amarelo e preto). Cont\u00e9m 54 pe\u00e7as de diferentes formas e tamanhos derivados de uma tipografia inspirada na escola de design <a href=\"https:\/\/es.wikipedia.org\/wiki\/Escuela_de_la_Bauhaus\" target=\"_blank\" rel=\"noopener\">Bauhaus <\/a>que foi criada por Eva Kaluzova. Jogo de aprendizagem que al\u00e9m disso inclui 26 cart\u00f5es educativos que introduzem os pequenos no mundo da arte e criatividade. Tem um sem fim de possibilidades de jogo, como por exemplo: construir, copiar, desenhar e realizar os desafios. Fomenta a motricidade fina, concentra\u00e7\u00e3o, mem\u00f3ria, pensamento l\u00f3gico e criativo, etc\u2026<\/p>\n<p>&nbsp;<\/p>\n<p><a href=\"https:\/\/www.bauplay.com\/pt\/bautype\/\">SABER MAIS SOBRE BAUTYPE<\/a><\/p>","protected":false},"featured_media":3077,"comment_status":"open","ping_status":"closed","template":"","meta":{"_acf_changed":false},"product_brand":[],"product_cat":[46,21],"product_tag":[102,68,101,109,107,108,96,89,34,88,64,67,104,106,105,87,66,62,65,103,60,52,85,86,91,90,53,59,55,54],"class_list":{"0":"post-280","1":"product","2":"type-product","3":"status-publish","4":"has-post-thumbnail","6":"product_cat-bautype","7":"product_cat-juegos","8":"product_tag-abecedario","9":"product_tag-aprender-jugando","10":"product_tag-arte","11":"product_tag-bauhaus","12":"product_tag-colores","13":"product_tag-colores-basicos","14":"product_tag-concentracion","15":"product_tag-creatividad","16":"product_tag-destacado","17":"product_tag-destreza","18":"product_tag-educacion","19":"product_tag-fabricado-en-eu","20":"product_tag-formas","21":"product_tag-formas-geometricas","22":"product_tag-geometria","23":"product_tag-imaginacion","24":"product_tag-juguetes-artesanos","25":"product_tag-juguetes-de-madera","26":"product_tag-juguetes-sostenibles","27":"product_tag-letras","28":"product_tag-material-manipulativo","29":"product_tag-montessori","30":"product_tag-motricidad","31":"product_tag-motricidad-fina","32":"product_tag-paciencia","33":"product_tag-pensamiento-logico","34":"product_tag-pikler","35":"product_tag-primera-infancia","36":"product_tag-reggio-emilia","37":"product_tag-waldorf","39":"first","40":"instock","41":"purchasable","42":"product-type-variable"},"acf":[],"yoast_head":"<!-- This site is optimized with the Yoast SEO plugin v27.3 - https:\/\/yoast.com\/product\/yoast-seo-wordpress\/ -->\n<title>Bautype, juego tipogr\u00e1fico educativo &#8226; Bauplay<\/title>\n<meta name=\"description\" content=\"Bautype juego tipogr\u00e1fico fomenta a aprender abecedario, construir con piezas geom\u00e9tricas, dibujar retos, aprender sobre el arte y ser creativo sin l\u00edmites.\" \/>\n<meta name=\"robots\" content=\"index, follow, max-snippet:-1, max-image-preview:large, max-video-preview:-1\" \/>\n<link rel=\"canonical\" href=\"https:\/\/www.bauplay.com\/pt\/product-2\/bautype-jogo-tipografico\/\" \/>\n<meta property=\"og:locale\" content=\"pt_PT\" \/>\n<meta property=\"og:type\" content=\"article\" \/>\n<meta property=\"og:title\" content=\"Bautype, juego tipogr\u00e1fico educativo &#8226; Bauplay\" \/>\n<meta property=\"og:description\" content=\"Bautype juego tipogr\u00e1fico fomenta a aprender abecedario, construir con piezas geom\u00e9tricas, dibujar retos, aprender sobre el arte y ser creativo sin l\u00edmites.\" \/>\n<meta property=\"og:url\" content=\"https:\/\/www.bauplay.com\/pt\/product-2\/bautype-jogo-tipografico\/\" \/>\n<meta property=\"og:site_name\" content=\"Bauplay\" \/>\n<meta property=\"article:modified_time\" content=\"2026-03-02T13:58:41+00:00\" \/>\n<meta property=\"og:image\" content=\"https:\/\/www.bauplay.com\/wp-content\/uploads\/2021\/12\/Bautype-2.jpg\" \/>\n\t<meta property=\"og:image:width\" content=\"1200\" \/>\n\t<meta property=\"og:image:height\" content=\"1200\" \/>\n\t<meta property=\"og:image:type\" content=\"image\/jpeg\" \/>\n<meta name=\"twitter:card\" content=\"summary_large_image\" \/>\n<meta name=\"twitter:label1\" content=\"Tempo estimado de leitura\" \/>\n\t<meta name=\"twitter:data1\" content=\"1 minuto\" \/>\n<script type=\"application\/ld+json\" class=\"yoast-schema-graph\">{\"@context\":\"https:\\\/\\\/schema.org\",\"@graph\":[{\"@type\":\"WebPage\",\"@id\":\"https:\\\/\\\/www.bauplay.com\\\/producto\\\/bautype-juego-tipografico\\\/\",\"url\":\"https:\\\/\\\/www.bauplay.com\\\/producto\\\/bautype-juego-tipografico\\\/\",\"name\":\"Bautype, juego tipogr\u00e1fico educativo &#8226; Bauplay\",\"isPartOf\":{\"@id\":\"https:\\\/\\\/www.bauplay.com\\\/#website\"},\"primaryImageOfPage\":{\"@id\":\"https:\\\/\\\/www.bauplay.com\\\/producto\\\/bautype-juego-tipografico\\\/#primaryimage\"},\"image\":{\"@id\":\"https:\\\/\\\/www.bauplay.com\\\/producto\\\/bautype-juego-tipografico\\\/#primaryimage\"},\"thumbnailUrl\":\"https:\\\/\\\/www.bauplay.com\\\/wp-content\\\/uploads\\\/2021\\\/12\\\/Bautype-2.jpg\",\"datePublished\":\"2021-12-12T18:35:05+00:00\",\"dateModified\":\"2026-03-02T13:58:41+00:00\",\"description\":\"Bautype juego tipogr\u00e1fico fomenta a aprender abecedario, construir con piezas geom\u00e9tricas, dibujar retos, aprender sobre el arte y ser creativo sin l\u00edmites.\",\"breadcrumb\":{\"@id\":\"https:\\\/\\\/www.bauplay.com\\\/producto\\\/bautype-juego-tipografico\\\/#breadcrumb\"},\"inLanguage\":\"pt-PT\",\"potentialAction\":[{\"@type\":\"ReadAction\",\"target\":[\"https:\\\/\\\/www.bauplay.com\\\/producto\\\/bautype-juego-tipografico\\\/\"]}]},{\"@type\":\"ImageObject\",\"inLanguage\":\"pt-PT\",\"@id\":\"https:\\\/\\\/www.bauplay.com\\\/producto\\\/bautype-juego-tipografico\\\/#primaryimage\",\"url\":\"https:\\\/\\\/www.bauplay.com\\\/wp-content\\\/uploads\\\/2021\\\/12\\\/Bautype-2.jpg\",\"contentUrl\":\"https:\\\/\\\/www.bauplay.com\\\/wp-content\\\/uploads\\\/2021\\\/12\\\/Bautype-2.jpg\",\"width\":1200,\"height\":1200},{\"@type\":\"BreadcrumbList\",\"@id\":\"https:\\\/\\\/www.bauplay.com\\\/producto\\\/bautype-juego-tipografico\\\/#breadcrumb\",\"itemListElement\":[{\"@type\":\"ListItem\",\"position\":1,\"name\":\"Portada\",\"item\":\"https:\\\/\\\/www.bauplay.com\\\/\"},{\"@type\":\"ListItem\",\"position\":2,\"name\":\"Tienda\",\"item\":\"https:\\\/\\\/www.bauplay.com\\\/tienda\\\/\"},{\"@type\":\"ListItem\",\"position\":3,\"name\":\"Bautype\"}]},{\"@type\":\"WebSite\",\"@id\":\"https:\\\/\\\/www.bauplay.com\\\/#website\",\"url\":\"https:\\\/\\\/www.bauplay.com\\\/\",\"name\":\"Bauplay\",\"description\":\"\",\"publisher\":{\"@id\":\"https:\\\/\\\/www.bauplay.com\\\/#organization\"},\"potentialAction\":[{\"@type\":\"SearchAction\",\"target\":{\"@type\":\"EntryPoint\",\"urlTemplate\":\"https:\\\/\\\/www.bauplay.com\\\/?s={search_term_string}\"},\"query-input\":{\"@type\":\"PropertyValueSpecification\",\"valueRequired\":true,\"valueName\":\"search_term_string\"}}],\"inLanguage\":\"pt-PT\"},{\"@type\":\"Organization\",\"@id\":\"https:\\\/\\\/www.bauplay.com\\\/#organization\",\"name\":\"Bauplay\",\"url\":\"https:\\\/\\\/www.bauplay.com\\\/\",\"logo\":{\"@type\":\"ImageObject\",\"inLanguage\":\"pt-PT\",\"@id\":\"https:\\\/\\\/www.bauplay.com\\\/#\\\/schema\\\/logo\\\/image\\\/\",\"url\":\"https:\\\/\\\/www.bauplay.com\\\/wp-content\\\/uploads\\\/2021\\\/11\\\/Bauplay_logo.svg\",\"contentUrl\":\"https:\\\/\\\/www.bauplay.com\\\/wp-content\\\/uploads\\\/2021\\\/11\\\/Bauplay_logo.svg\",\"width\":918,\"height\":207,\"caption\":\"Bauplay\"},\"image\":{\"@id\":\"https:\\\/\\\/www.bauplay.com\\\/#\\\/schema\\\/logo\\\/image\\\/\"}}]}<\/script>\n<!-- \/ Yoast SEO plugin. -->","yoast_head_json":{"title":"Bautype, jogo tipogr\u00e1fico educativo \u2022 Bauplay","description":"Bautype jogo tipogr\u00e1fico incentiva a aprender o abeced\u00e1rio, construir com pe\u00e7as geom\u00e9tricas, desenhar desafios, aprender sobre arte e ser criativo sem limites.","robots":{"index":"index","follow":"follow","max-snippet":"max-snippet:-1","max-image-preview":"max-image-preview:large","max-video-preview":"max-video-preview:-1"},"canonical":"https:\/\/www.bauplay.com\/pt\/product-2\/bautype-jogo-tipografico\/","og_locale":"pt_PT","og_type":"article","og_title":"Bautype, juego tipogr\u00e1fico educativo &#8226; Bauplay","og_description":"Bautype juego tipogr\u00e1fico fomenta a aprender abecedario, construir con piezas geom\u00e9tricas, dibujar retos, aprender sobre el arte y ser creativo sin l\u00edmites.","og_url":"https:\/\/www.bauplay.com\/pt\/product-2\/bautype-jogo-tipografico\/","og_site_name":"Bauplay","article_modified_time":"2026-03-02T13:58:41+00:00","og_image":[{"width":1200,"height":1200,"url":"https:\/\/www.bauplay.com\/wp-content\/uploads\/2021\/12\/Bautype-2.jpg","type":"image\/jpeg"}],"twitter_card":"summary_large_image","twitter_misc":{"Tempo estimado de leitura":"1 minuto"},"schema":{"@context":"https:\/\/schema.org","@graph":[{"@type":"WebPage","@id":"https:\/\/www.bauplay.com\/producto\/bautype-juego-tipografico\/","url":"https:\/\/www.bauplay.com\/producto\/bautype-juego-tipografico\/","name":"Bautype, jogo tipogr\u00e1fico educativo \u2022 Bauplay","isPartOf":{"@id":"https:\/\/www.bauplay.com\/#website"},"primaryImageOfPage":{"@id":"https:\/\/www.bauplay.com\/producto\/bautype-juego-tipografico\/#primaryimage"},"image":{"@id":"https:\/\/www.bauplay.com\/producto\/bautype-juego-tipografico\/#primaryimage"},"thumbnailUrl":"https:\/\/www.bauplay.com\/wp-content\/uploads\/2021\/12\/Bautype-2.jpg","datePublished":"2021-12-12T18:35:05+00:00","dateModified":"2026-03-02T13:58:41+00:00","description":"Bautype jogo tipogr\u00e1fico incentiva a aprender o abeced\u00e1rio, construir com pe\u00e7as geom\u00e9tricas, desenhar desafios, aprender sobre arte e ser criativo sem limites.","breadcrumb":{"@id":"https:\/\/www.bauplay.com\/producto\/bautype-juego-tipografico\/#breadcrumb"},"inLanguage":"pt-PT","potentialAction":[{"@type":"ReadAction","target":["https:\/\/www.bauplay.com\/producto\/bautype-juego-tipografico\/"]}]},{"@type":"ImageObject","inLanguage":"pt-PT","@id":"https:\/\/www.bauplay.com\/producto\/bautype-juego-tipografico\/#primaryimage","url":"https:\/\/www.bauplay.com\/wp-content\/uploads\/2021\/12\/Bautype-2.jpg","contentUrl":"https:\/\/www.bauplay.com\/wp-content\/uploads\/2021\/12\/Bautype-2.jpg","width":1200,"height":1200},{"@type":"BreadcrumbList","@id":"https:\/\/www.bauplay.com\/producto\/bautype-juego-tipografico\/#breadcrumb","itemListElement":[{"@type":"ListItem","position":1,"name":"Portada","item":"https:\/\/www.bauplay.com\/"},{"@type":"ListItem","position":2,"name":"Tienda","item":"https:\/\/www.bauplay.com\/tienda\/"},{"@type":"ListItem","position":3,"name":"Bautype"}]},{"@type":"WebSite","@id":"https:\/\/www.bauplay.com\/#website","url":"https:\/\/www.bauplay.com\/","name":"Bauplay","description":"","publisher":{"@id":"https:\/\/www.bauplay.com\/#organization"},"potentialAction":[{"@type":"SearchAction","target":{"@type":"EntryPoint","urlTemplate":"https:\/\/www.bauplay.com\/?s={search_term_string}"},"query-input":{"@type":"PropertyValueSpecification","valueRequired":true,"valueName":"search_term_string"}}],"inLanguage":"pt-PT"},{"@type":"Organization","@id":"https:\/\/www.bauplay.com\/#organization","name":"Bauplay","url":"https:\/\/www.bauplay.com\/","logo":{"@type":"ImageObject","inLanguage":"pt-PT","@id":"https:\/\/www.bauplay.com\/#\/schema\/logo\/image\/","url":"https:\/\/www.bauplay.com\/wp-content\/uploads\/2021\/11\/Bauplay_logo.svg","contentUrl":"https:\/\/www.bauplay.com\/wp-content\/uploads\/2021\/11\/Bauplay_logo.svg","width":918,"height":207,"caption":"Bauplay"},"image":{"@id":"https:\/\/www.bauplay.com\/#\/schema\/logo\/image\/"}}]}},"_links":{"self":[{"href":"https:\/\/www.bauplay.com\/pt\/wp-json\/wp\/v2\/product\/280","targetHints":{"allow":["GET"]}}],"collection":[{"href":"https:\/\/www.bauplay.com\/pt\/wp-json\/wp\/v2\/product"}],"about":[{"href":"https:\/\/www.bauplay.com\/pt\/wp-json\/wp\/v2\/types\/product"}],"replies":[{"embeddable":true,"href":"https:\/\/www.bauplay.com\/pt\/wp-json\/wp\/v2\/comments?post=280"}],"wp:featuredmedia":[{"embeddable":true,"href":"https:\/\/www.bauplay.com\/pt\/wp-json\/wp\/v2\/media\/3077"}],"wp:attachment":[{"href":"https:\/\/www.bauplay.com\/pt\/wp-json\/wp\/v2\/media?parent=280"}],"wp:term":[{"taxonomy":"product_brand","embeddable":true,"href":"https:\/\/www.bauplay.com\/pt\/wp-json\/wp\/v2\/product_brand?post=280"},{"taxonomy":"product_cat","embeddable":true,"href":"https:\/\/www.bauplay.com\/pt\/wp-json\/wp\/v2\/product_cat?post=280"},{"taxonomy":"product_tag","embeddable":true,"href":"https:\/\/www.bauplay.com\/pt\/wp-json\/wp\/v2\/product_tag?post=280"}],"curies":[{"name":"wp","href":"https:\/\/api.w.org\/{rel}","templated":true}]}}