{"id":398,"date":"2021-12-12T18:48:50","date_gmt":"2021-12-12T17:48:50","guid":{"rendered":"https:\/\/www.bauplay.com\/terms-privacy\/"},"modified":"2022-03-03T20:31:35","modified_gmt":"2022-03-03T19:31:35","slug":"politica-de-privacidade","status":"publish","type":"page","link":"https:\/\/www.bauplay.com\/pt\/politica-de-privacidad\/","title":{"rendered":"Pol\u00edtica de privacidade"},"content":{"rendered":"<div data-elementor-type=\"wp-page\" data-elementor-id=\"398\" class=\"elementor elementor-398\" data-elementor-post-type=\"page\">\n\t\t\t\t\t\t<section class=\"elementor-section elementor-top-section elementor-element elementor-element-20bce81d elementor-section-content-middle elementor-section-full_width elementor-section-height-default elementor-section-height-default\" data-id=\"20bce81d\" data-element_type=\"section\" data-e-type=\"section\">\n\t\t\t\t\t\t<div class=\"elementor-container elementor-column-gap-no\">\n\t\t\t\t\t<div class=\"elementor-column elementor-col-100 elementor-top-column elementor-element elementor-element-cc00c06\" data-id=\"cc00c06\" data-element_type=\"column\" data-e-type=\"column\">\n\t\t\t<div class=\"elementor-widget-wrap elementor-element-populated\">\n\t\t\t\t\t\t<div class=\"elementor-element elementor-element-129ac6fb elementor-widget elementor-widget-heading\" data-id=\"129ac6fb\" data-element_type=\"widget\" data-e-type=\"widget\" data-widget_type=\"heading.default\">\n\t\t\t\t<div class=\"elementor-widget-container\">\n\t\t\t\t\t<h2 class=\"elementor-heading-title elementor-size-default\">Pol\u00edtica de privacidade<\/h2>\t\t\t\t<\/div>\n\t\t\t\t<\/div>\n\t\t\t\t\t<\/div>\n\t\t<\/div>\n\t\t\t\t\t<\/div>\n\t\t<\/section>\n\t\t\t\t<section class=\"elementor-section elementor-top-section elementor-element elementor-element-4d6ca093 elementor-section-content-top elementor-section-full_width elementor-section-height-default elementor-section-height-default\" data-id=\"4d6ca093\" data-element_type=\"section\" data-e-type=\"section\">\n\t\t\t\t\t\t<div class=\"elementor-container elementor-column-gap-no\">\n\t\t\t\t\t<div class=\"elementor-column elementor-col-50 elementor-top-column elementor-element elementor-element-34c226bd\" data-id=\"34c226bd\" data-element_type=\"column\" data-e-type=\"column\">\n\t\t\t<div class=\"elementor-widget-wrap elementor-element-populated\">\n\t\t\t\t\t\t<div class=\"elementor-element elementor-element-4a84c69a elementor-widget elementor-widget-text-editor\" data-id=\"4a84c69a\" data-element_type=\"widget\" data-e-type=\"widget\" data-widget_type=\"text-editor.default\">\n\t\t\t\t<div class=\"elementor-widget-container\">\n\t\t\t\t\t\t\t\t\t<p>A presente Pol\u00edtica de Privacidade estabelece os termos em que a Randomers usa e protege as informa\u00e7\u00f5es que s\u00e3o fornecidas pelos seus utilizadores no momento de utilizar o seu website. Esta empresa est\u00e1 comprometida com a seguran\u00e7a dos dados dos seus utilizadores. Quando lhe pedimos para preencher os campos de informa\u00e7\u00e3o pessoal com os quais voc\u00ea possa ser identificado, f\u00e1-lo-emos garantindo que s\u00f3 ser\u00e1 utilizada de acordo com os termos deste documento. No entanto, esta Pol\u00edtica de Privacidade pode mudar com o tempo ou ser atualizada, pelo que recomendamos e enfatizamos que revise continuamente esta p\u00e1gina para se certificar de que est\u00e1 de acordo com tais mudan\u00e7as.<\/p><ul><li><strong>Informa\u00e7\u00e3o que \u00e9 recolhida<\/strong><\/li><\/ul><p>O nosso website poder\u00e1 recolher informa\u00e7\u00e3o pessoal, por exemplo: nome, informa\u00e7\u00e3o de contacto como o seu endere\u00e7o de correio eletr\u00f3nico e informa\u00e7\u00e3o demogr\u00e1fica. Da mesma forma, quando for necess\u00e1rio, poder\u00e1 ser requerida informa\u00e7\u00e3o espec\u00edfica para processar alguma encomenda ou realizar uma entrega ou fatura\u00e7\u00e3o.<\/p><ul><li><strong>Uso da informa\u00e7\u00e3o recolhida<\/strong><\/li><\/ul><p>O nosso website emprega a informa\u00e7\u00e3o com o fim de proporcionar o melhor servi\u00e7o poss\u00edvel, particularmente para manter um registo de utilizadores, de encomendas, caso se aplique, e melhorar os nossos produtos e servi\u00e7os. \u00c9 poss\u00edvel que sejam enviados correios eletr\u00f3nicos periodicamente atrav\u00e9s do nosso site com ofertas especiais, novos produtos e outra informa\u00e7\u00e3o publicit\u00e1ria que consideremos relevante para si ou que possa proporcionar-lhe algum benef\u00edcio, estes correios eletr\u00f3nicos ser\u00e3o enviados para o endere\u00e7o que voc\u00ea fornecer e poder\u00e3o ser cancelados a qualquer momento.<\/p><p>A Randomers est\u00e1 altamente comprometida em cumprir o objetivo de manter a sua informa\u00e7\u00e3o segura. Usamos os sistemas mais avan\u00e7ados e atualizamo-los constantemente para nos certificarmos de que n\u00e3o existe nenhum acesso n\u00e3o autorizado.<\/p><ul><li><strong>Cookies<\/strong><\/li><\/ul><p>Um cookie refere-se a um ficheiro que \u00e9 enviado com a finalidade de solicitar permiss\u00e3o para ser armazenado no seu computador, ao aceitar tal ficheiro, ele \u00e9 criado e o cookie serve ent\u00e3o para ter informa\u00e7\u00e3o relativamente ao tr\u00e1fego web, e tamb\u00e9m facilita as futuras visitas a um site recorrente. Outra fun\u00e7\u00e3o que os cookies t\u00eam \u00e9 que com eles os sites podem reconhec\u00ea-lo individualmente e, portanto, proporcionar-lhe o melhor servi\u00e7o personalizado do seu site.<\/p><p>O nosso website emprega os cookies para poder identificar as p\u00e1ginas que s\u00e3o visitadas e a sua frequ\u00eancia. Esta informa\u00e7\u00e3o \u00e9 empregada unicamente para an\u00e1lise estat\u00edstica e depois a informa\u00e7\u00e3o \u00e9 eliminada de forma permanente. Voc\u00ea pode eliminar os cookies a qualquer momento a partir do seu computador. No entanto, os cookies ajudam a proporcionar um melhor servi\u00e7o dos websites. Estes n\u00e3o d\u00e3o acesso a informa\u00e7\u00e3o do seu computador nem a si, a menos que voc\u00ea assim o queira e a forne\u00e7a diretamente. Voc\u00ea pode aceitar ou negar o uso de cookies, no entanto a maioria dos navegadores aceitam cookies automaticamente pois serve para ter um melhor servi\u00e7o web. Tamb\u00e9m voc\u00ea pode mudar a configura\u00e7\u00e3o do seu computador para declinar os cookies. Se forem declinados, \u00e9 poss\u00edvel que n\u00e3o possa utilizar alguns dos nossos servi\u00e7os.<\/p><ul><li><strong>Links para Terceiros<\/strong><\/li><\/ul><p>Este website poder\u00e1 conter links para outros sites que possam ser do seu interesse. Uma vez que voc\u00ea clique nestes links e abandone a nossa p\u00e1gina, j\u00e1 n\u00e3o temos controlo sobre o site para o qual \u00e9 redirecionado e, portanto, n\u00e3o somos respons\u00e1veis pelos termos ou privacidade nem pela prote\u00e7\u00e3o dos seus dados nesses outros sites de terceiros. Tais sites est\u00e3o sujeitos \u00e0s suas pr\u00f3prias pol\u00edticas de privacidade, pelo que \u00e9 recomend\u00e1vel que os consulte para confirmar que voc\u00ea est\u00e1 de acordo com estas.<\/p><ul><li><strong>Controlo da sua informa\u00e7\u00e3o pessoal<\/strong><\/li><\/ul><p>A qualquer momento voc\u00ea pode restringir a recolha ou o uso da informa\u00e7\u00e3o pessoal que \u00e9 fornecida ao nosso website. Cada vez que lhe for solicitado preencher um formul\u00e1rio, como o de registo de utilizador, pode marcar ou desmarcar a op\u00e7\u00e3o de receber informa\u00e7\u00e3o por correio eletr\u00f3nico. No caso de ter marcado a op\u00e7\u00e3o de receber o nosso boletim ou publicidade, voc\u00ea pode cancel\u00e1-la a qualquer momento.<\/p><p>Esta empresa n\u00e3o vender\u00e1, ceder\u00e1 nem distribuir\u00e1 a informa\u00e7\u00e3o pessoal que \u00e9 recolhida sem o seu consentimento, salvo que seja requerido por um juiz com uma ordem judicial.<\/p>\t\t\t\t\t\t\t\t<\/div>\n\t\t\t\t<\/div>\n\t\t\t\t\t<\/div>\n\t\t<\/div>\n\t\t\t\t<div class=\"elementor-column elementor-col-50 elementor-top-column elementor-element elementor-element-1221f8dd\" data-id=\"1221f8dd\" data-element_type=\"column\" data-e-type=\"column\">\n\t\t\t<div class=\"elementor-widget-wrap elementor-element-populated\">\n\t\t\t\t\t\t<div class=\"elementor-element elementor-element-81b2bba elementor-widget elementor-widget-heading\" data-id=\"81b2bba\" data-element_type=\"widget\" data-e-type=\"widget\" data-widget_type=\"heading.default\">\n\t\t\t\t<div class=\"elementor-widget-container\">\n\t\t\t\t\t<h3 class=\"elementor-heading-title elementor-size-default\">PROTE\u00c7\u00c3O DE DADOS PESSOAIS<\/h3>\t\t\t\t<\/div>\n\t\t\t\t<\/div>\n\t\t\t\t<div class=\"elementor-element elementor-element-b3c3c5d elementor-widget elementor-widget-text-editor\" data-id=\"b3c3c5d\" data-element_type=\"widget\" data-e-type=\"widget\" data-widget_type=\"text-editor.default\">\n\t\t\t\t<div class=\"elementor-widget-container\">\n\t\t\t\t\t\t\t\t\t<p>15.1. A prote\u00e7\u00e3o dos dados pessoais da pessoa f\u00edsica - o comprador ou o seu representante (doravante, o \u00abinteressado\u00bb) est\u00e1 prevista no Regulamento N\u00ba 2016\/679 sobre a prote\u00e7\u00e3o das pessoas f\u00edsicas em rela\u00e7\u00e3o ao tratamento de dados pessoais e sobre a livre circula\u00e7\u00e3o de tais dados, e pelo qual se derroga a Diretiva 95\/46 \/ CE (Regulamento geral de prote\u00e7\u00e3o de dados), a Lei n\u00ba 101\/2000 Coll., sobre Prote\u00e7\u00e3o de dados pessoais, na reda\u00e7\u00e3o das regulamenta\u00e7\u00f5es posteriores, e a lei que derrogar\u00e1 a Lei No. 101\/2000 Coll.<\/p><p>15.2. Se o interessado registrar a conta do usu\u00e1rio, aprova o processamento dos dados pessoais fornecidos no processo de registro e dos dados pessoais adicionais obtidos atrav\u00e9s do uso da conta do usu\u00e1rio, tanto para fins de administra\u00e7\u00e3o do vendedor da conta do usu\u00e1rio <br \/><br \/><br \/><\/p><p><strong>A qualquer momento voc\u00ea pode exercer seus direitos de acesso, retifica\u00e7\u00e3o ou cancelamento em rela\u00e7\u00e3o a esses dados, dirigindo sua solicita\u00e7\u00e3o ao nosso e-mail: <\/strong><a href=\"mailto:lab@randomers.org\"><strong>lab@randomers.org<\/strong><\/a><\/p><p><strong>Voc\u00ea pode encontrar formul\u00e1rios para o exerc\u00edcio de seus direitos no site da Ag\u00eancia de Prote\u00e7\u00e3o de Dados.<\/strong><\/p><p>A Randomers reserva-se o direito de alterar os termos da presente Pol\u00edtica de Privacidade a qualquer momento.<\/p>\t\t\t\t\t\t\t\t<\/div>\n\t\t\t\t<\/div>\n\t\t\t\t\t<\/div>\n\t\t<\/div>\n\t\t\t\t\t<\/div>\n\t\t<\/section>\n\t\t\t\t<\/div>","protected":false},"excerpt":{"rendered":"<p>La\u200b \u200bpresente\u200b \u200bPol\u00edtica\u200b \u200bde\u200b \u200bPrivacidad\u200b \u200bestablece\u200b \u200blos\u200b \u200bt\u00e9rminos\u200b \u200ben\u200b \u200bque\u200b Randomers\u200b \u200busa\u200b \u200by\u200b \u200bprotege\u200b \u200bla\u200b \u200binformaci\u00f3n\u200b \u200bque\u200b \u200bes\u200b \u200bproporcionada\u200b \u200bpor\u200b \u200bsus\u200b \u200busuarios\u200b \u200ben\u200b \u200bel momento\u200b \u200bde\u200b \u200butilizar\u200b \u200bsu\u200b \u200bsitio\u200b \u200bweb.\u200b \u200bEsta\u200b \u200bcompa\u00f1\u00eda\u200b \u200best\u00e1\u200b\u00a0 comprometida\u200b \u200bcon\u200b \u200bla seguridad\u200b \u200bde\u200b \u200blos\u200b \u200bdatos\u200b \u200bde\u200b \u200bsus\u200b \u200busuarios.\u200b \u200bCuando\u200b \u200ble\u200b \u200bpedimos\u200b \u200bcumplimentar\u200b \u200blos campos\u200b \u200bde\u200b \u200binformaci\u00f3n\u200b \u200bpersonal\u200b \u200bcon\u200b \u200bla\u200b \u200bcual\u200b [&hellip;]<\/p>\n","protected":false},"author":1,"featured_media":0,"parent":0,"menu_order":0,"comment_status":"closed","ping_status":"closed","template":"elementor_header_footer","meta":{"_acf_changed":false,"footnotes":""},"class_list":["post-398","page","type-page","status-publish","hentry"],"acf":[],"yoast_head":"<!-- This site is optimized with the Yoast SEO plugin v27.3 - https:\/\/yoast.com\/product\/yoast-seo-wordpress\/ -->\n<title>Pol\u00edtica de privacidad &#8226; Bauplay<\/title>\n<meta name=\"robots\" content=\"index, follow, max-snippet:-1, max-image-preview:large, max-video-preview:-1\" \/>\n<link rel=\"canonical\" href=\"https:\/\/www.bauplay.com\/pt\/politica-de-privacidade\/\" \/>\n<meta property=\"og:locale\" content=\"pt_PT\" \/>\n<meta property=\"og:type\" content=\"article\" \/>\n<meta property=\"og:title\" content=\"Pol\u00edtica de privacidad &#8226; Bauplay\" \/>\n<meta property=\"og:description\" content=\"La\u200b \u200bpresente\u200b \u200bPol\u00edtica\u200b \u200bde\u200b \u200bPrivacidad\u200b \u200bestablece\u200b \u200blos\u200b \u200bt\u00e9rminos\u200b \u200ben\u200b \u200bque\u200b Randomers\u200b \u200busa\u200b \u200by\u200b \u200bprotege\u200b \u200bla\u200b \u200binformaci\u00f3n\u200b \u200bque\u200b \u200bes\u200b \u200bproporcionada\u200b \u200bpor\u200b \u200bsus\u200b \u200busuarios\u200b \u200ben\u200b \u200bel momento\u200b \u200bde\u200b \u200butilizar\u200b \u200bsu\u200b \u200bsitio\u200b \u200bweb.\u200b \u200bEsta\u200b \u200bcompa\u00f1\u00eda\u200b \u200best\u00e1\u200b\u00a0 comprometida\u200b \u200bcon\u200b \u200bla seguridad\u200b \u200bde\u200b \u200blos\u200b \u200bdatos\u200b \u200bde\u200b \u200bsus\u200b \u200busuarios.\u200b \u200bCuando\u200b \u200ble\u200b \u200bpedimos\u200b \u200bcumplimentar\u200b \u200blos campos\u200b \u200bde\u200b \u200binformaci\u00f3n\u200b \u200bpersonal\u200b \u200bcon\u200b \u200bla\u200b \u200bcual\u200b [&hellip;]\" \/>\n<meta property=\"og:url\" content=\"https:\/\/www.bauplay.com\/pt\/politica-de-privacidade\/\" \/>\n<meta property=\"og:site_name\" content=\"Bauplay\" \/>\n<meta property=\"article:modified_time\" content=\"2022-03-03T19:31:35+00:00\" \/>\n<meta name=\"twitter:card\" content=\"summary_large_image\" \/>\n<meta name=\"twitter:label1\" content=\"Tempo estimado de leitura\" \/>\n\t<meta name=\"twitter:data1\" content=\"5 minutos\" \/>\n<script type=\"application\/ld+json\" class=\"yoast-schema-graph\">{\"@context\":\"https:\\\/\\\/schema.org\",\"@graph\":[{\"@type\":\"WebPage\",\"@id\":\"https:\\\/\\\/www.bauplay.com\\\/politica-de-privacidad\\\/\",\"url\":\"https:\\\/\\\/www.bauplay.com\\\/politica-de-privacidad\\\/\",\"name\":\"Pol\u00edtica de privacidad &#8226; Bauplay\",\"isPartOf\":{\"@id\":\"https:\\\/\\\/www.bauplay.com\\\/#website\"},\"datePublished\":\"2021-12-12T17:48:50+00:00\",\"dateModified\":\"2022-03-03T19:31:35+00:00\",\"breadcrumb\":{\"@id\":\"https:\\\/\\\/www.bauplay.com\\\/politica-de-privacidad\\\/#breadcrumb\"},\"inLanguage\":\"pt-PT\",\"potentialAction\":[{\"@type\":\"ReadAction\",\"target\":[\"https:\\\/\\\/www.bauplay.com\\\/politica-de-privacidad\\\/\"]}]},{\"@type\":\"BreadcrumbList\",\"@id\":\"https:\\\/\\\/www.bauplay.com\\\/politica-de-privacidad\\\/#breadcrumb\",\"itemListElement\":[{\"@type\":\"ListItem\",\"position\":1,\"name\":\"Portada\",\"item\":\"https:\\\/\\\/www.bauplay.com\\\/\"},{\"@type\":\"ListItem\",\"position\":2,\"name\":\"Pol\u00edtica de privacidad\"}]},{\"@type\":\"WebSite\",\"@id\":\"https:\\\/\\\/www.bauplay.com\\\/#website\",\"url\":\"https:\\\/\\\/www.bauplay.com\\\/\",\"name\":\"Bauplay\",\"description\":\"\",\"publisher\":{\"@id\":\"https:\\\/\\\/www.bauplay.com\\\/#organization\"},\"potentialAction\":[{\"@type\":\"SearchAction\",\"target\":{\"@type\":\"EntryPoint\",\"urlTemplate\":\"https:\\\/\\\/www.bauplay.com\\\/?s={search_term_string}\"},\"query-input\":{\"@type\":\"PropertyValueSpecification\",\"valueRequired\":true,\"valueName\":\"search_term_string\"}}],\"inLanguage\":\"pt-PT\"},{\"@type\":\"Organization\",\"@id\":\"https:\\\/\\\/www.bauplay.com\\\/#organization\",\"name\":\"Bauplay\",\"url\":\"https:\\\/\\\/www.bauplay.com\\\/\",\"logo\":{\"@type\":\"ImageObject\",\"inLanguage\":\"pt-PT\",\"@id\":\"https:\\\/\\\/www.bauplay.com\\\/#\\\/schema\\\/logo\\\/image\\\/\",\"url\":\"https:\\\/\\\/www.bauplay.com\\\/wp-content\\\/uploads\\\/2021\\\/11\\\/Bauplay_logo.svg\",\"contentUrl\":\"https:\\\/\\\/www.bauplay.com\\\/wp-content\\\/uploads\\\/2021\\\/11\\\/Bauplay_logo.svg\",\"width\":918,\"height\":207,\"caption\":\"Bauplay\"},\"image\":{\"@id\":\"https:\\\/\\\/www.bauplay.com\\\/#\\\/schema\\\/logo\\\/image\\\/\"}}]}<\/script>\n<!-- \/ Yoast SEO plugin. -->","yoast_head_json":{"title":"Pol\u00edtica de privacidade \u2022 Bauplay","robots":{"index":"index","follow":"follow","max-snippet":"max-snippet:-1","max-image-preview":"max-image-preview:large","max-video-preview":"max-video-preview:-1"},"canonical":"https:\/\/www.bauplay.com\/pt\/politica-de-privacidade\/","og_locale":"pt_PT","og_type":"article","og_title":"Pol\u00edtica de privacidad &#8226; Bauplay","og_description":"La\u200b \u200bpresente\u200b \u200bPol\u00edtica\u200b \u200bde\u200b \u200bPrivacidad\u200b \u200bestablece\u200b \u200blos\u200b \u200bt\u00e9rminos\u200b \u200ben\u200b \u200bque\u200b Randomers\u200b \u200busa\u200b \u200by\u200b \u200bprotege\u200b \u200bla\u200b \u200binformaci\u00f3n\u200b \u200bque\u200b \u200bes\u200b \u200bproporcionada\u200b \u200bpor\u200b \u200bsus\u200b \u200busuarios\u200b \u200ben\u200b \u200bel momento\u200b \u200bde\u200b \u200butilizar\u200b \u200bsu\u200b \u200bsitio\u200b \u200bweb.\u200b \u200bEsta\u200b \u200bcompa\u00f1\u00eda\u200b \u200best\u00e1\u200b\u00a0 comprometida\u200b \u200bcon\u200b \u200bla seguridad\u200b \u200bde\u200b \u200blos\u200b \u200bdatos\u200b \u200bde\u200b \u200bsus\u200b \u200busuarios.\u200b \u200bCuando\u200b \u200ble\u200b \u200bpedimos\u200b \u200bcumplimentar\u200b \u200blos campos\u200b \u200bde\u200b \u200binformaci\u00f3n\u200b \u200bpersonal\u200b \u200bcon\u200b \u200bla\u200b \u200bcual\u200b [&hellip;]","og_url":"https:\/\/www.bauplay.com\/pt\/politica-de-privacidade\/","og_site_name":"Bauplay","article_modified_time":"2022-03-03T19:31:35+00:00","twitter_card":"summary_large_image","twitter_misc":{"Tempo estimado de leitura":"5 minutos"},"schema":{"@context":"https:\/\/schema.org","@graph":[{"@type":"WebPage","@id":"https:\/\/www.bauplay.com\/politica-de-privacidad\/","url":"https:\/\/www.bauplay.com\/politica-de-privacidad\/","name":"Pol\u00edtica de privacidade \u2022 Bauplay","isPartOf":{"@id":"https:\/\/www.bauplay.com\/#website"},"datePublished":"2021-12-12T17:48:50+00:00","dateModified":"2022-03-03T19:31:35+00:00","breadcrumb":{"@id":"https:\/\/www.bauplay.com\/politica-de-privacidad\/#breadcrumb"},"inLanguage":"pt-PT","potentialAction":[{"@type":"ReadAction","target":["https:\/\/www.bauplay.com\/politica-de-privacidad\/"]}]},{"@type":"BreadcrumbList","@id":"https:\/\/www.bauplay.com\/politica-de-privacidad\/#breadcrumb","itemListElement":[{"@type":"ListItem","position":1,"name":"Portada","item":"https:\/\/www.bauplay.com\/"},{"@type":"ListItem","position":2,"name":"Pol\u00edtica de privacidad"}]},{"@type":"WebSite","@id":"https:\/\/www.bauplay.com\/#website","url":"https:\/\/www.bauplay.com\/","name":"Bauplay","description":"","publisher":{"@id":"https:\/\/www.bauplay.com\/#organization"},"potentialAction":[{"@type":"SearchAction","target":{"@type":"EntryPoint","urlTemplate":"https:\/\/www.bauplay.com\/?s={search_term_string}"},"query-input":{"@type":"PropertyValueSpecification","valueRequired":true,"valueName":"search_term_string"}}],"inLanguage":"pt-PT"},{"@type":"Organization","@id":"https:\/\/www.bauplay.com\/#organization","name":"Bauplay","url":"https:\/\/www.bauplay.com\/","logo":{"@type":"ImageObject","inLanguage":"pt-PT","@id":"https:\/\/www.bauplay.com\/#\/schema\/logo\/image\/","url":"https:\/\/www.bauplay.com\/wp-content\/uploads\/2021\/11\/Bauplay_logo.svg","contentUrl":"https:\/\/www.bauplay.com\/wp-content\/uploads\/2021\/11\/Bauplay_logo.svg","width":918,"height":207,"caption":"Bauplay"},"image":{"@id":"https:\/\/www.bauplay.com\/#\/schema\/logo\/image\/"}}]}},"_links":{"self":[{"href":"https:\/\/www.bauplay.com\/pt\/wp-json\/wp\/v2\/pages\/398","targetHints":{"allow":["GET"]}}],"collection":[{"href":"https:\/\/www.bauplay.com\/pt\/wp-json\/wp\/v2\/pages"}],"about":[{"href":"https:\/\/www.bauplay.com\/pt\/wp-json\/wp\/v2\/types\/page"}],"author":[{"embeddable":true,"href":"https:\/\/www.bauplay.com\/pt\/wp-json\/wp\/v2\/users\/1"}],"replies":[{"embeddable":true,"href":"https:\/\/www.bauplay.com\/pt\/wp-json\/wp\/v2\/comments?post=398"}],"version-history":[{"count":0,"href":"https:\/\/www.bauplay.com\/pt\/wp-json\/wp\/v2\/pages\/398\/revisions"}],"wp:attachment":[{"href":"https:\/\/www.bauplay.com\/pt\/wp-json\/wp\/v2\/media?parent=398"}],"curies":[{"name":"wp","href":"https:\/\/api.w.org\/{rel}","templated":true}]}}