{"id":2399,"date":"2022-08-30T12:51:08","date_gmt":"2022-08-30T10:51:08","guid":{"rendered":"https:\/\/www.bauplay.com\/?page_id=2399"},"modified":"2022-08-30T14:21:22","modified_gmt":"2022-08-30T12:21:22","slug":"bauplay-em-usos-terapeuticos","status":"publish","type":"page","link":"https:\/\/www.bauplay.com\/pt\/bauplay-en-usos-terapeuticos\/","title":{"rendered":"Em usos terap\u00eauticos"},"content":{"rendered":"<div data-elementor-type=\"wp-page\" data-elementor-id=\"2399\" class=\"elementor elementor-2399\" data-elementor-post-type=\"page\">\n\t\t\t\t\t\t<section class=\"elementor-section elementor-top-section elementor-element elementor-element-6926409 elementor-section-full_width elementor-section-content-top elementor-reverse-mobile elementor-section-height-default elementor-section-height-default\" data-id=\"6926409\" data-element_type=\"section\" data-e-type=\"section\" data-settings=\"{&quot;background_background&quot;:&quot;classic&quot;}\">\n\t\t\t\t\t\t<div class=\"elementor-container elementor-column-gap-no\">\n\t\t\t\t\t<div class=\"elementor-column elementor-col-50 elementor-top-column elementor-element elementor-element-20123a0\" data-id=\"20123a0\" data-element_type=\"column\" data-e-type=\"column\">\n\t\t\t<div class=\"elementor-widget-wrap elementor-element-populated\">\n\t\t\t\t\t\t<div class=\"elementor-element elementor-element-25f04b5 elementor-hidden-mobile elementor-widget elementor-widget-heading\" data-id=\"25f04b5\" data-element_type=\"widget\" data-e-type=\"widget\" data-widget_type=\"heading.default\">\n\t\t\t\t<div class=\"elementor-widget-container\">\n\t\t\t\t\t<h2 class=\"elementor-heading-title elementor-size-default\">Educa e cria &gt;<\/h2>\t\t\t\t<\/div>\n\t\t\t\t<\/div>\n\t\t\t\t<div class=\"elementor-element elementor-element-2ea4de2 elementor-hidden-mobile elementor-widget elementor-widget-heading\" data-id=\"2ea4de2\" data-element_type=\"widget\" data-e-type=\"widget\" data-widget_type=\"heading.default\">\n\t\t\t\t<div class=\"elementor-widget-container\">\n\t\t\t\t\t<h2 class=\"elementor-heading-title elementor-size-default\">Em usos terap\u00eauticos<\/h2>\t\t\t\t<\/div>\n\t\t\t\t<\/div>\n\t\t\t\t<div class=\"elementor-element elementor-element-450c22d elementor-widget elementor-widget-text-editor\" data-id=\"450c22d\" data-element_type=\"widget\" data-e-type=\"widget\" data-widget_type=\"text-editor.default\">\n\t\t\t\t<div class=\"elementor-widget-container\">\n\t\t\t\t\t\t\t\t\t<p>Tanto Bautype, como outros dos jogos que voc\u00ea pode encontrar no Bauplay s\u00e3o perfeitos para refor\u00e7ar a orienta\u00e7\u00e3o espacial e a pr\u00e1xis construtiva.<\/p><p>Estes jogos testam e ensinam a rela\u00e7\u00e3o do corpo do jogador com o espa\u00e7o. Ajudam a calcular a dist\u00e2ncia e o espa\u00e7o atrav\u00e9s das diferentes medidas das formas e sua poss\u00edvel coloca\u00e7\u00e3o.<\/p><p>Bautype, por exemplo, \u00e9 um jogo que pode ser usado no campo terap\u00eautico, atrav\u00e9s da gradua\u00e7\u00e3o de n\u00edvel e adapta\u00e7\u00e3o por parte do terapeuta, o qual pode propor diferentes desafios, como pode ser discriminar visualmente as pe\u00e7as que s\u00e3o necess\u00e1rias para copiar um design, seja o do cart\u00e3o de amostra como o de um design criado com as pr\u00f3prias pe\u00e7as do jogo.<\/p>\t\t\t\t\t\t\t\t<\/div>\n\t\t\t\t<\/div>\n\t\t\t\t\t<\/div>\n\t\t<\/div>\n\t\t\t\t<div class=\"elementor-column elementor-col-50 elementor-top-column elementor-element elementor-element-973a307\" data-id=\"973a307\" data-element_type=\"column\" data-e-type=\"column\">\n\t\t\t<div class=\"elementor-widget-wrap elementor-element-populated\">\n\t\t\t\t\t\t<div class=\"elementor-element elementor-element-c33b31d elementor-hidden-desktop elementor-hidden-tablet elementor-widget elementor-widget-heading\" data-id=\"c33b31d\" data-element_type=\"widget\" data-e-type=\"widget\" data-widget_type=\"heading.default\">\n\t\t\t\t<div class=\"elementor-widget-container\">\n\t\t\t\t\t<h2 class=\"elementor-heading-title elementor-size-default\">Educa e cria &gt;<\/h2>\t\t\t\t<\/div>\n\t\t\t\t<\/div>\n\t\t\t\t<div class=\"elementor-element elementor-element-705ab26 elementor-hidden-desktop elementor-hidden-tablet elementor-widget elementor-widget-heading\" data-id=\"705ab26\" data-element_type=\"widget\" data-e-type=\"widget\" data-widget_type=\"heading.default\">\n\t\t\t\t<div class=\"elementor-widget-container\">\n\t\t\t\t\t<h2 class=\"elementor-heading-title elementor-size-default\">Em usos terap\u00eauticos<\/h2>\t\t\t\t<\/div>\n\t\t\t\t<\/div>\n\t\t\t\t<div class=\"elementor-element elementor-element-b1b3fb5 elementor-widget elementor-widget-image\" data-id=\"b1b3fb5\" data-element_type=\"widget\" data-e-type=\"widget\" data-widget_type=\"image.default\">\n\t\t\t\t<div class=\"elementor-widget-container\">\n\t\t\t\t\t\t\t\t\t\t\t\t\t\t\t<img fetchpriority=\"high\" decoding=\"async\" width=\"900\" height=\"600\" src=\"https:\/\/www.bauplay.com\/wp-content\/uploads\/2022\/08\/sp1.jpg\" class=\"attachment-full size-full wp-image-2401\" alt=\"\" srcset=\"https:\/\/www.bauplay.com\/wp-content\/uploads\/2022\/08\/sp1.jpg 900w, https:\/\/www.bauplay.com\/wp-content\/uploads\/2022\/08\/sp1-300x200.jpg 300w, https:\/\/www.bauplay.com\/wp-content\/uploads\/2022\/08\/sp1-768x512.jpg 768w, https:\/\/www.bauplay.com\/wp-content\/uploads\/2022\/08\/sp1-18x12.jpg 18w\" sizes=\"(max-width: 900px) 100vw, 900px\" \/>\t\t\t\t\t\t\t\t\t\t\t\t\t\t\t<\/div>\n\t\t\t\t<\/div>\n\t\t\t\t<section class=\"elementor-section elementor-inner-section elementor-element elementor-element-2406368 elementor-section-boxed elementor-section-height-default elementor-section-height-default\" data-id=\"2406368\" data-element_type=\"section\" data-e-type=\"section\">\n\t\t\t\t\t\t<div class=\"elementor-container elementor-column-gap-default\">\n\t\t\t\t\t<div class=\"elementor-column elementor-col-100 elementor-inner-column elementor-element elementor-element-19108bb\" data-id=\"19108bb\" data-element_type=\"column\" data-e-type=\"column\">\n\t\t\t<div class=\"elementor-widget-wrap elementor-element-populated\">\n\t\t\t\t\t\t<div class=\"elementor-element elementor-element-87d6e1a elementor-widget__width-auto elementor-widget-tablet__width-inherit elementor-widget elementor-widget-text-editor\" data-id=\"87d6e1a\" data-element_type=\"widget\" data-e-type=\"widget\" data-widget_type=\"text-editor.default\">\n\t\t\t\t<div class=\"elementor-widget-container\">\n\t\t\t\t\t\t\t\t\t<p>Compra aqui os nossos jogos!<\/p>\t\t\t\t\t\t\t\t<\/div>\n\t\t\t\t<\/div>\n\t\t\t\t<div class=\"elementor-element elementor-element-ef6e73f elementor-align-left elementor-tablet-align-center elementor-widget__width-auto elementor-widget-tablet__width-inherit elementor-widget elementor-widget-button\" data-id=\"ef6e73f\" data-element_type=\"widget\" data-e-type=\"widget\" data-widget_type=\"button.default\">\n\t\t\t\t<div class=\"elementor-widget-container\">\n\t\t\t\t\t\t\t\t\t<div class=\"elementor-button-wrapper\">\n\t\t\t\t\t<a class=\"elementor-button elementor-button-link elementor-size-sm\" href=\"https:\/\/www.bauplay.com\/pt\/product-category-2\/jogos\/\" target=\"_blank\">\n\t\t\t\t\t\t<span class=\"elementor-button-content-wrapper\">\n\t\t\t\t\t\t\t\t\t<span class=\"elementor-button-text\">Comprar<\/span>\n\t\t\t\t\t<\/span>\n\t\t\t\t\t<\/a>\n\t\t\t\t<\/div>\n\t\t\t\t\t\t\t\t<\/div>\n\t\t\t\t<\/div>\n\t\t\t\t\t<\/div>\n\t\t<\/div>\n\t\t\t\t\t<\/div>\n\t\t<\/section>\n\t\t\t\t\t<\/div>\n\t\t<\/div>\n\t\t\t\t\t<\/div>\n\t\t<\/section>\n\t\t\t\t<section class=\"elementor-section elementor-top-section elementor-element elementor-element-fc9cc2a elementor-section-full_width elementor-section-content-top elementor-reverse-mobile elementor-section-height-default elementor-section-height-default\" data-id=\"fc9cc2a\" data-element_type=\"section\" data-e-type=\"section\">\n\t\t\t\t\t\t<div class=\"elementor-container elementor-column-gap-no\">\n\t\t\t\t\t<div class=\"elementor-column elementor-col-50 elementor-top-column elementor-element elementor-element-ded68da\" data-id=\"ded68da\" data-element_type=\"column\" data-e-type=\"column\">\n\t\t\t<div class=\"elementor-widget-wrap elementor-element-populated\">\n\t\t\t\t\t\t<div class=\"elementor-element elementor-element-91bac16 elementor-widget elementor-widget-heading\" data-id=\"91bac16\" data-element_type=\"widget\" data-e-type=\"widget\" data-widget_type=\"heading.default\">\n\t\t\t\t<div class=\"elementor-widget-container\">\n\t\t\t\t\t<h2 class=\"elementor-heading-title elementor-size-default\">Potencial terap\u00eautico<\/h2>\t\t\t\t<\/div>\n\t\t\t\t<\/div>\n\t\t\t\t<div class=\"elementor-element elementor-element-16a88fa elementor-widget elementor-widget-text-editor\" data-id=\"16a88fa\" data-element_type=\"widget\" data-e-type=\"widget\" data-widget_type=\"text-editor.default\">\n\t\t\t\t<div class=\"elementor-widget-container\">\n\t\t\t\t\t\t\t\t\t<p>As propostas do Bauplay demonstram um grande potencial terap\u00eautico em crian\u00e7as que mostram dificuldades para se concentrar ou manter o foco de aten\u00e7\u00e3o, como no TDA\/TDAH.\u00a0<\/p><p>Por ser um material manipulativo, oferece refer\u00eancias tanto a n\u00edvel t\u00e1til como visuais, b\u00e1sicas para as habilidades de constru\u00e7\u00e3o e cria\u00e7\u00e3o.\u00a0<\/p><p>Suas cores vibrantes, juntamente com suas formas originais, permitem criar desde um lugar inovador que afasta o t\u00e9dio.\u00a0<\/p>\t\t\t\t\t\t\t\t<\/div>\n\t\t\t\t<\/div>\n\t\t\t\t\t<\/div>\n\t\t<\/div>\n\t\t\t\t<div class=\"elementor-column elementor-col-50 elementor-top-column elementor-element elementor-element-2b06290\" data-id=\"2b06290\" data-element_type=\"column\" data-e-type=\"column\">\n\t\t\t<div class=\"elementor-widget-wrap elementor-element-populated\">\n\t\t\t\t\t\t<div class=\"elementor-element elementor-element-9ebc8ee elementor-widget__width-initial elementor-widget-tablet__width-initial elementor-widget-mobile__width-initial elementor-widget elementor-widget-image\" data-id=\"9ebc8ee\" data-element_type=\"widget\" data-e-type=\"widget\" data-widget_type=\"image.default\">\n\t\t\t\t<div class=\"elementor-widget-container\">\n\t\t\t\t\t\t\t\t\t\t\t\t\t\t\t<img decoding=\"async\" width=\"900\" height=\"600\" src=\"https:\/\/www.bauplay.com\/wp-content\/uploads\/2022\/08\/sp2.jpg\" class=\"attachment-full size-full wp-image-2402\" alt=\"\" srcset=\"https:\/\/www.bauplay.com\/wp-content\/uploads\/2022\/08\/sp2.jpg 900w, https:\/\/www.bauplay.com\/wp-content\/uploads\/2022\/08\/sp2-300x200.jpg 300w, https:\/\/www.bauplay.com\/wp-content\/uploads\/2022\/08\/sp2-768x512.jpg 768w, https:\/\/www.bauplay.com\/wp-content\/uploads\/2022\/08\/sp2-18x12.jpg 18w\" sizes=\"(max-width: 900px) 100vw, 900px\" \/>\t\t\t\t\t\t\t\t\t\t\t\t\t\t\t<\/div>\n\t\t\t\t<\/div>\n\t\t\t\t\t<\/div>\n\t\t<\/div>\n\t\t\t\t\t<\/div>\n\t\t<\/section>\n\t\t\t\t<section class=\"elementor-section elementor-top-section elementor-element elementor-element-8c0be9c elementor-section-full_width elementor-section-content-top elementor-section-height-default elementor-section-height-default\" data-id=\"8c0be9c\" data-element_type=\"section\" data-e-type=\"section\" data-settings=\"{&quot;background_background&quot;:&quot;classic&quot;}\">\n\t\t\t\t\t\t<div class=\"elementor-container elementor-column-gap-no\">\n\t\t\t\t\t<div class=\"elementor-column elementor-col-50 elementor-top-column elementor-element elementor-element-56561fc\" data-id=\"56561fc\" data-element_type=\"column\" data-e-type=\"column\">\n\t\t\t<div class=\"elementor-widget-wrap elementor-element-populated\">\n\t\t\t\t\t\t<div class=\"elementor-element elementor-element-c21bb3d elementor-widget elementor-widget-image\" data-id=\"c21bb3d\" data-element_type=\"widget\" data-e-type=\"widget\" data-widget_type=\"image.default\">\n\t\t\t\t<div class=\"elementor-widget-container\">\n\t\t\t\t\t\t\t\t\t\t\t\t\t\t\t<img decoding=\"async\" width=\"900\" height=\"600\" src=\"https:\/\/www.bauplay.com\/wp-content\/uploads\/2022\/08\/sp3_.jpg\" class=\"attachment-full size-full wp-image-2404\" alt=\"\" srcset=\"https:\/\/www.bauplay.com\/wp-content\/uploads\/2022\/08\/sp3_.jpg 900w, https:\/\/www.bauplay.com\/wp-content\/uploads\/2022\/08\/sp3_-300x200.jpg 300w, https:\/\/www.bauplay.com\/wp-content\/uploads\/2022\/08\/sp3_-768x512.jpg 768w, https:\/\/www.bauplay.com\/wp-content\/uploads\/2022\/08\/sp3_-18x12.jpg 18w\" sizes=\"(max-width: 900px) 100vw, 900px\" \/>\t\t\t\t\t\t\t\t\t\t\t\t\t\t\t<\/div>\n\t\t\t\t<\/div>\n\t\t\t\t\t<\/div>\n\t\t<\/div>\n\t\t\t\t<div class=\"elementor-column elementor-col-50 elementor-top-column elementor-element elementor-element-763236a\" data-id=\"763236a\" data-element_type=\"column\" data-e-type=\"column\">\n\t\t\t<div class=\"elementor-widget-wrap elementor-element-populated\">\n\t\t\t\t\t\t<div class=\"elementor-element elementor-element-acfc08a elementor-widget elementor-widget-heading\" data-id=\"acfc08a\" data-element_type=\"widget\" data-e-type=\"widget\" data-widget_type=\"heading.default\">\n\t\t\t\t<div class=\"elementor-widget-container\">\n\t\t\t\t\t<h2 class=\"elementor-heading-title elementor-size-default\">Um desafio justo<\/h2>\t\t\t\t<\/div>\n\t\t\t\t<\/div>\n\t\t\t\t<div class=\"elementor-element elementor-element-62165ab elementor-widget elementor-widget-text-editor\" data-id=\"62165ab\" data-element_type=\"widget\" data-e-type=\"widget\" data-widget_type=\"text-editor.default\">\n\t\t\t\t<div class=\"elementor-widget-container\">\n\t\t\t\t\t\t\t\t\t<p>O tamanho das pe\u00e7as do jogo Bautype, por exemplo, faz com que possa ser usado tanto por crian\u00e7as que t\u00eam grande habilidade com as m\u00e3os, como por aquelas que apresentam alguma dificuldade de motricidade fina.\u00a0<\/p><p>\u00c9 um desafio justo para um grande n\u00famero de crian\u00e7as, j\u00e1 que pretende ser um jogo muito inclusivo.\u00a0<\/p><p>A constru\u00e7\u00e3o sobre plano com as pe\u00e7as vai exigir tamb\u00e9m controle da impulsividade, enquanto se estimula o seu controle motor fino.<\/p>\t\t\t\t\t\t\t\t<\/div>\n\t\t\t\t<\/div>\n\t\t\t\t\t<\/div>\n\t\t<\/div>\n\t\t\t\t\t<\/div>\n\t\t<\/section>\n\t\t\t\t<\/div>","protected":false},"excerpt":{"rendered":"<p>Educa y crea > En usos terap\u00e9uticos Tanto Bautype, como otros de los juegos que puedes encontrar en Bauplay son perfectos para reforzar la orientaci\u00f3n espacial y la praxis construccional. Estos juegos ponen a prueba y ense\u00f1an la relaci\u00f3n del cuerpo del jugador con el espacio. Ayudan a calcular la distancia y el espacio mediante [&hellip;]<\/p>\n","protected":false},"author":1,"featured_media":1893,"parent":0,"menu_order":0,"comment_status":"closed","ping_status":"closed","template":"elementor_header_footer","meta":{"_acf_changed":false,"footnotes":""},"class_list":["post-2399","page","type-page","status-publish","has-post-thumbnail","hentry"],"acf":[],"yoast_head":"<!-- This site is optimized with the Yoast SEO plugin v27.3 - https:\/\/yoast.com\/product\/yoast-seo-wordpress\/ -->\n<title>En usos terap\u00e9uticos &#8226; Bauplay<\/title>\n<meta name=\"description\" content=\"Bautype es un juego tipogr\u00e1fico, educativo y art\u00edstico que fomenta la creatividad en personas de todas las edades y niveles educativos\" \/>\n<meta name=\"robots\" content=\"index, follow, max-snippet:-1, max-image-preview:large, max-video-preview:-1\" \/>\n<link rel=\"canonical\" href=\"https:\/\/www.bauplay.com\/pt\/bauplay-em-usos-terapeuticos\/\" \/>\n<meta property=\"og:locale\" content=\"pt_PT\" \/>\n<meta property=\"og:type\" content=\"article\" \/>\n<meta property=\"og:title\" content=\"En usos terap\u00e9uticos &#8226; Bauplay\" \/>\n<meta property=\"og:description\" content=\"Bautype es un juego tipogr\u00e1fico, educativo y art\u00edstico que fomenta la creatividad en personas de todas las edades y niveles educativos\" \/>\n<meta property=\"og:url\" content=\"https:\/\/www.bauplay.com\/pt\/bauplay-em-usos-terapeuticos\/\" \/>\n<meta property=\"og:site_name\" content=\"Bauplay\" \/>\n<meta property=\"article:modified_time\" content=\"2022-08-30T12:21:22+00:00\" \/>\n<meta property=\"og:image\" content=\"https:\/\/www.bauplay.com\/wp-content\/uploads\/2022\/03\/Foto-blog-11.jpg\" \/>\n\t<meta property=\"og:image:width\" content=\"1400\" \/>\n\t<meta property=\"og:image:height\" content=\"700\" \/>\n\t<meta property=\"og:image:type\" content=\"image\/jpeg\" \/>\n<meta name=\"twitter:card\" content=\"summary_large_image\" \/>\n<meta name=\"twitter:image\" content=\"https:\/\/www.bauplay.com\/wp-content\/uploads\/2022\/03\/Foto-blog-11.jpg\" \/>\n<meta name=\"twitter:label1\" content=\"Tempo estimado de leitura\" \/>\n\t<meta name=\"twitter:data1\" content=\"3 minutos\" \/>\n<script type=\"application\/ld+json\" class=\"yoast-schema-graph\">{\"@context\":\"https:\\\/\\\/schema.org\",\"@graph\":[{\"@type\":\"WebPage\",\"@id\":\"https:\\\/\\\/www.bauplay.com\\\/cs\\\/bauplay-en-usos-terapeuticos\\\/\",\"url\":\"https:\\\/\\\/www.bauplay.com\\\/cs\\\/bauplay-en-usos-terapeuticos\\\/\",\"name\":\"En usos terap\u00e9uticos &#8226; Bauplay\",\"isPartOf\":{\"@id\":\"https:\\\/\\\/www.bauplay.com\\\/#website\"},\"primaryImageOfPage\":{\"@id\":\"https:\\\/\\\/www.bauplay.com\\\/cs\\\/bauplay-en-usos-terapeuticos\\\/#primaryimage\"},\"image\":{\"@id\":\"https:\\\/\\\/www.bauplay.com\\\/cs\\\/bauplay-en-usos-terapeuticos\\\/#primaryimage\"},\"thumbnailUrl\":\"https:\\\/\\\/www.bauplay.com\\\/wp-content\\\/uploads\\\/2022\\\/03\\\/Foto-blog-11.jpg\",\"datePublished\":\"2022-08-30T10:51:08+00:00\",\"dateModified\":\"2022-08-30T12:21:22+00:00\",\"description\":\"Bautype es un juego tipogr\u00e1fico, educativo y art\u00edstico que fomenta la creatividad en personas de todas las edades y niveles educativos\",\"breadcrumb\":{\"@id\":\"https:\\\/\\\/www.bauplay.com\\\/cs\\\/bauplay-en-usos-terapeuticos\\\/#breadcrumb\"},\"inLanguage\":\"pt-PT\",\"potentialAction\":[{\"@type\":\"ReadAction\",\"target\":[\"https:\\\/\\\/www.bauplay.com\\\/cs\\\/bauplay-en-usos-terapeuticos\\\/\"]}]},{\"@type\":\"ImageObject\",\"inLanguage\":\"pt-PT\",\"@id\":\"https:\\\/\\\/www.bauplay.com\\\/cs\\\/bauplay-en-usos-terapeuticos\\\/#primaryimage\",\"url\":\"https:\\\/\\\/www.bauplay.com\\\/wp-content\\\/uploads\\\/2022\\\/03\\\/Foto-blog-11.jpg\",\"contentUrl\":\"https:\\\/\\\/www.bauplay.com\\\/wp-content\\\/uploads\\\/2022\\\/03\\\/Foto-blog-11.jpg\",\"width\":1400,\"height\":700},{\"@type\":\"BreadcrumbList\",\"@id\":\"https:\\\/\\\/www.bauplay.com\\\/cs\\\/bauplay-en-usos-terapeuticos\\\/#breadcrumb\",\"itemListElement\":[{\"@type\":\"ListItem\",\"position\":1,\"name\":\"Portada\",\"item\":\"https:\\\/\\\/www.bauplay.com\\\/\"},{\"@type\":\"ListItem\",\"position\":2,\"name\":\"En usos terap\u00e9uticos\"}]},{\"@type\":\"WebSite\",\"@id\":\"https:\\\/\\\/www.bauplay.com\\\/#website\",\"url\":\"https:\\\/\\\/www.bauplay.com\\\/\",\"name\":\"Bauplay\",\"description\":\"\",\"publisher\":{\"@id\":\"https:\\\/\\\/www.bauplay.com\\\/#organization\"},\"potentialAction\":[{\"@type\":\"SearchAction\",\"target\":{\"@type\":\"EntryPoint\",\"urlTemplate\":\"https:\\\/\\\/www.bauplay.com\\\/?s={search_term_string}\"},\"query-input\":{\"@type\":\"PropertyValueSpecification\",\"valueRequired\":true,\"valueName\":\"search_term_string\"}}],\"inLanguage\":\"pt-PT\"},{\"@type\":\"Organization\",\"@id\":\"https:\\\/\\\/www.bauplay.com\\\/#organization\",\"name\":\"Bauplay\",\"url\":\"https:\\\/\\\/www.bauplay.com\\\/\",\"logo\":{\"@type\":\"ImageObject\",\"inLanguage\":\"pt-PT\",\"@id\":\"https:\\\/\\\/www.bauplay.com\\\/#\\\/schema\\\/logo\\\/image\\\/\",\"url\":\"https:\\\/\\\/www.bauplay.com\\\/wp-content\\\/uploads\\\/2021\\\/11\\\/Bauplay_logo.svg\",\"contentUrl\":\"https:\\\/\\\/www.bauplay.com\\\/wp-content\\\/uploads\\\/2021\\\/11\\\/Bauplay_logo.svg\",\"width\":918,\"height\":207,\"caption\":\"Bauplay\"},\"image\":{\"@id\":\"https:\\\/\\\/www.bauplay.com\\\/#\\\/schema\\\/logo\\\/image\\\/\"}}]}<\/script>\n<!-- \/ Yoast SEO plugin. -->","yoast_head_json":{"title":"Em usos terap\u00eauticos \u2022 Bauplay","description":"Bautype \u00e9 um jogo tipogr\u00e1fico, educativo e art\u00edstico que fomenta a criatividade em pessoas de todas as idades e n\u00edveis educacionais","robots":{"index":"index","follow":"follow","max-snippet":"max-snippet:-1","max-image-preview":"max-image-preview:large","max-video-preview":"max-video-preview:-1"},"canonical":"https:\/\/www.bauplay.com\/pt\/bauplay-em-usos-terapeuticos\/","og_locale":"pt_PT","og_type":"article","og_title":"En usos terap\u00e9uticos &#8226; Bauplay","og_description":"Bautype es un juego tipogr\u00e1fico, educativo y art\u00edstico que fomenta la creatividad en personas de todas las edades y niveles educativos","og_url":"https:\/\/www.bauplay.com\/pt\/bauplay-em-usos-terapeuticos\/","og_site_name":"Bauplay","article_modified_time":"2022-08-30T12:21:22+00:00","og_image":[{"width":1400,"height":700,"url":"https:\/\/www.bauplay.com\/wp-content\/uploads\/2022\/03\/Foto-blog-11.jpg","type":"image\/jpeg"}],"twitter_card":"summary_large_image","twitter_image":"https:\/\/www.bauplay.com\/wp-content\/uploads\/2022\/03\/Foto-blog-11.jpg","twitter_misc":{"Tempo estimado de leitura":"3 minutos"},"schema":{"@context":"https:\/\/schema.org","@graph":[{"@type":"WebPage","@id":"https:\/\/www.bauplay.com\/cs\/bauplay-en-usos-terapeuticos\/","url":"https:\/\/www.bauplay.com\/cs\/bauplay-en-usos-terapeuticos\/","name":"Em usos terap\u00eauticos \u2022 Bauplay","isPartOf":{"@id":"https:\/\/www.bauplay.com\/#website"},"primaryImageOfPage":{"@id":"https:\/\/www.bauplay.com\/cs\/bauplay-en-usos-terapeuticos\/#primaryimage"},"image":{"@id":"https:\/\/www.bauplay.com\/cs\/bauplay-en-usos-terapeuticos\/#primaryimage"},"thumbnailUrl":"https:\/\/www.bauplay.com\/wp-content\/uploads\/2022\/03\/Foto-blog-11.jpg","datePublished":"2022-08-30T10:51:08+00:00","dateModified":"2022-08-30T12:21:22+00:00","description":"Bautype \u00e9 um jogo tipogr\u00e1fico, educativo e art\u00edstico que fomenta a criatividade em pessoas de todas as idades e n\u00edveis educacionais","breadcrumb":{"@id":"https:\/\/www.bauplay.com\/cs\/bauplay-en-usos-terapeuticos\/#breadcrumb"},"inLanguage":"pt-PT","potentialAction":[{"@type":"ReadAction","target":["https:\/\/www.bauplay.com\/cs\/bauplay-en-usos-terapeuticos\/"]}]},{"@type":"ImageObject","inLanguage":"pt-PT","@id":"https:\/\/www.bauplay.com\/cs\/bauplay-en-usos-terapeuticos\/#primaryimage","url":"https:\/\/www.bauplay.com\/wp-content\/uploads\/2022\/03\/Foto-blog-11.jpg","contentUrl":"https:\/\/www.bauplay.com\/wp-content\/uploads\/2022\/03\/Foto-blog-11.jpg","width":1400,"height":700},{"@type":"BreadcrumbList","@id":"https:\/\/www.bauplay.com\/cs\/bauplay-en-usos-terapeuticos\/#breadcrumb","itemListElement":[{"@type":"ListItem","position":1,"name":"Portada","item":"https:\/\/www.bauplay.com\/"},{"@type":"ListItem","position":2,"name":"En usos terap\u00e9uticos"}]},{"@type":"WebSite","@id":"https:\/\/www.bauplay.com\/#website","url":"https:\/\/www.bauplay.com\/","name":"Bauplay","description":"","publisher":{"@id":"https:\/\/www.bauplay.com\/#organization"},"potentialAction":[{"@type":"SearchAction","target":{"@type":"EntryPoint","urlTemplate":"https:\/\/www.bauplay.com\/?s={search_term_string}"},"query-input":{"@type":"PropertyValueSpecification","valueRequired":true,"valueName":"search_term_string"}}],"inLanguage":"pt-PT"},{"@type":"Organization","@id":"https:\/\/www.bauplay.com\/#organization","name":"Bauplay","url":"https:\/\/www.bauplay.com\/","logo":{"@type":"ImageObject","inLanguage":"pt-PT","@id":"https:\/\/www.bauplay.com\/#\/schema\/logo\/image\/","url":"https:\/\/www.bauplay.com\/wp-content\/uploads\/2021\/11\/Bauplay_logo.svg","contentUrl":"https:\/\/www.bauplay.com\/wp-content\/uploads\/2021\/11\/Bauplay_logo.svg","width":918,"height":207,"caption":"Bauplay"},"image":{"@id":"https:\/\/www.bauplay.com\/#\/schema\/logo\/image\/"}}]}},"_links":{"self":[{"href":"https:\/\/www.bauplay.com\/pt\/wp-json\/wp\/v2\/pages\/2399","targetHints":{"allow":["GET"]}}],"collection":[{"href":"https:\/\/www.bauplay.com\/pt\/wp-json\/wp\/v2\/pages"}],"about":[{"href":"https:\/\/www.bauplay.com\/pt\/wp-json\/wp\/v2\/types\/page"}],"author":[{"embeddable":true,"href":"https:\/\/www.bauplay.com\/pt\/wp-json\/wp\/v2\/users\/1"}],"replies":[{"embeddable":true,"href":"https:\/\/www.bauplay.com\/pt\/wp-json\/wp\/v2\/comments?post=2399"}],"version-history":[{"count":0,"href":"https:\/\/www.bauplay.com\/pt\/wp-json\/wp\/v2\/pages\/2399\/revisions"}],"wp:featuredmedia":[{"embeddable":true,"href":"https:\/\/www.bauplay.com\/pt\/wp-json\/wp\/v2\/media\/1893"}],"wp:attachment":[{"href":"https:\/\/www.bauplay.com\/pt\/wp-json\/wp\/v2\/media?parent=2399"}],"curies":[{"name":"wp","href":"https:\/\/api.w.org\/{rel}","templated":true}]}}