{"id":3179,"date":"2025-03-06T19:49:31","date_gmt":"2025-03-06T18:49:31","guid":{"rendered":"https:\/\/www.bauplay.com\/?post_type=product&#038;p=3179"},"modified":"2025-03-07T11:10:28","modified_gmt":"2025-03-07T10:10:28","slug":"bauboard-ars-feminae","status":"publish","type":"product","link":"https:\/\/www.bauplay.com\/nl\/producto\/bauboard-ars-feminae\/","title":{"rendered":"Bauboard \u00b7 Ars feminae"},"content":{"rendered":"<p>Bauboard Ars feminae es una herramienta para practicar la motricidad fina, pensamiento l\u00f3gico y creativo, paciencia, memoria y sobre todo aprender jugando<\/p>\n<p>&nbsp;<\/p>\n<p style=\"text-align: center;\"><img decoding=\"async\" src=\"https:\/\/www.bauplay.com\/wp-content\/uploads\/2022\/10\/EyC.png\" width=\"100px\" \/><\/p>\n<p>We apply active methodologies because to learn, it is necessary to live and experience it. All Bauplay\u00ae brand games enhance multiple intelligences and follow the principles of <strong>child-centered education<\/strong>, as in Reggio Emilia, Pikler, Waldorf or <a href=\"https:\/\/es.wikipedia.org\/wiki\/M%C3%A9todo_Montessori\" target=\"_blank\" rel=\"noopener\">Montessori<\/a> schools (with their respective differences).<\/p>","protected":false},"excerpt":{"rendered":"<p><strong><span style=\"color: #000000;\"><u>\u00a1Reserva ya tu juego de manera anticipada!<\/u> \u2013 Tenemos previsto empezar a enviar el nuevo juego a partir del 31\/5\/25<\/span><\/strong><\/p>\n<p>Descubre el fascinante mundo del arte a trav\u00e9s de un juego educativo y creativo con nuestro nuevo Bauboard \u00b7 Ars feminae y sus piezas de fieltro. Utilizando las tarjetas art\u00edsticas que encontrar\u00e1s en el juego, aprender\u00e1s sobre mujeres artistas, algunas olvidadas y no reconocidas, explorando los elementos principales que aparecen en sus obras. Cada tarjeta presenta una breve informaci\u00f3n de cada artista, destacando su contribuci\u00f3n al mundo del arte y los motivos recurrentes en sus creaciones.<\/p>\n<p>Despu\u00e9s de aprender sobre estas artistas, enfrentar\u00e1s emocionantes retos que te invitan a crear tus propias obras inspiradas en sus estilos y tem\u00e1ticas. Desde autorretratos expresivos hasta composiciones surrealistas, este juego te permitir\u00e1 experimentar y conectar con la historia del arte de una manera l\u00fadica e interactiva.<\/p>\n<p><strong>\u00bfQu\u00e9 te espera dentro de la caja?<\/strong><\/p>\n<ul>\n<li>4 nuevos colores vibrantes<\/li>\n<li>Nuevas formas geom\u00e9tricas y org\u00e1nicas<\/li>\n<li>Nuevas tarjeras con artistas escogidas<\/li>\n<li>Una tarjeta extra con m\u00e1s mujeres artistas y retos a realizar<\/li>\n<\/ul>\n<p><strong><br \/>\nEl porqu\u00e9 de sus colores:<\/strong><\/p>\n<p>Nos hemos aventurado m\u00e1s all\u00e1 de los colores primarios, y s\u00ed, lo que lees es verdad. Aunque no creemos en etiquetar los colores como femeninos o masculinos, no pudimos resistirnos a incluir el lila, un color que es sin\u00f3nimo de la celebraci\u00f3n de la mujer, por numerosos y poderosos motivos. Pero no nos detuvimos ah\u00ed. \u00a1Nos atrevimos a descomponer este hermoso tono!<\/p>\n<p>Ahora te presentamos una paleta vibrante y diversa: lavanda suave, rosa \u00abchill\u00f3n\u00bb, y azul marino, acompa\u00f1ados por un amarillo ocre que simplemente amamos y que ofrece un contraste espectacular con el resto de las piezas para que tus creaciones brillen. Con estos colores, no solo puedes crear obras de arte fascinantes, sino que tambi\u00e9n celebrar\u00e1s tu individualidad y creatividad. \u00a1Haz tuya esta paleta de colores y juega con nuestro Bauboard: Ars Feminae!<\/p>","protected":false},"featured_media":3186,"comment_status":"open","ping_status":"closed","template":"","meta":{"_acf_changed":false},"product_brand":[],"product_cat":[47,21],"product_tag":[68,101,115,116,109,107,108,96,89,34,88,64,67,104,106,105,87,66,62,65,60,52,85,86,114,113,91,90,53,59,55,54],"class_list":{"0":"post-3179","1":"product","2":"type-product","3":"status-publish","4":"has-post-thumbnail","6":"product_cat-bauboard","7":"product_cat-juegos","8":"product_tag-aprender-jugando","9":"product_tag-arte","10":"product_tag-artista","11":"product_tag-artistas","12":"product_tag-bauhaus","13":"product_tag-colores","14":"product_tag-colores-basicos","15":"product_tag-concentracion","16":"product_tag-creatividad","17":"product_tag-destacado","18":"product_tag-destreza","19":"product_tag-educacion","20":"product_tag-fabricado-en-eu","21":"product_tag-formas","22":"product_tag-formas-geometricas","23":"product_tag-geometria","24":"product_tag-imaginacion","25":"product_tag-juguetes-artesanos","26":"product_tag-juguetes-de-madera","27":"product_tag-juguetes-sostenibles","28":"product_tag-material-manipulativo","29":"product_tag-montessori","30":"product_tag-motricidad","31":"product_tag-motricidad-fina","32":"product_tag-mujer","33":"product_tag-mujeres","34":"product_tag-paciencia","35":"product_tag-pensamiento-logico","36":"product_tag-pikler","37":"product_tag-primera-infancia","38":"product_tag-reggio-emilia","39":"product_tag-waldorf","41":"first","42":"instock","43":"purchasable","44":"product-type-variable"},"acf":[],"yoast_head":"<!-- This site is optimized with the Yoast SEO plugin v27.3 - https:\/\/yoast.com\/product\/yoast-seo-wordpress\/ -->\n<title>Bauboard Ars feminae &#8226; Bauplay<\/title>\n<meta name=\"description\" content=\"Bauboard Ars feminae inspira y fomenta el conocimiento sobre mujeres artista. \u00a1Crea tu obra de arte enganchando las piezas en lienzo de velcro!\" \/>\n<meta name=\"robots\" content=\"index, follow, max-snippet:-1, max-image-preview:large, max-video-preview:-1\" \/>\n<link rel=\"canonical\" href=\"https:\/\/www.bauplay.com\/nl\/product-2\/bauboard-ars-feminae\/\" \/>\n<meta property=\"og:locale\" content=\"nl_NL\" \/>\n<meta property=\"og:type\" content=\"article\" \/>\n<meta property=\"og:title\" content=\"Bauboard Ars feminae &#8226; Bauplay\" \/>\n<meta property=\"og:description\" content=\"Bauboard Ars feminae inspira y fomenta el conocimiento sobre mujeres artista. \u00a1Crea tu obra de arte enganchando las piezas en lienzo de velcro!\" \/>\n<meta property=\"og:url\" content=\"https:\/\/www.bauplay.com\/nl\/product-2\/bauboard-ars-feminae\/\" \/>\n<meta property=\"og:site_name\" content=\"Bauplay\" \/>\n<meta property=\"article:modified_time\" content=\"2025-03-07T10:10:28+00:00\" \/>\n<meta property=\"og:image\" content=\"https:\/\/www.bauplay.com\/wp-content\/uploads\/2025\/03\/Bauboard-Ars-feminae-pre.png\" \/>\n\t<meta property=\"og:image:width\" content=\"1200\" \/>\n\t<meta property=\"og:image:height\" content=\"1200\" \/>\n\t<meta property=\"og:image:type\" content=\"image\/png\" \/>\n<meta name=\"twitter:card\" content=\"summary_large_image\" \/>\n<script type=\"application\/ld+json\" class=\"yoast-schema-graph\">{\"@context\":\"https:\\\/\\\/schema.org\",\"@graph\":[{\"@type\":\"WebPage\",\"@id\":\"https:\\\/\\\/www.bauplay.com\\\/producto\\\/bauboard-ars-feminae\\\/\",\"url\":\"https:\\\/\\\/www.bauplay.com\\\/producto\\\/bauboard-ars-feminae\\\/\",\"name\":\"Bauboard Ars feminae &#8226; Bauplay\",\"isPartOf\":{\"@id\":\"https:\\\/\\\/www.bauplay.com\\\/#website\"},\"primaryImageOfPage\":{\"@id\":\"https:\\\/\\\/www.bauplay.com\\\/producto\\\/bauboard-ars-feminae\\\/#primaryimage\"},\"image\":{\"@id\":\"https:\\\/\\\/www.bauplay.com\\\/producto\\\/bauboard-ars-feminae\\\/#primaryimage\"},\"thumbnailUrl\":\"https:\\\/\\\/www.bauplay.com\\\/wp-content\\\/uploads\\\/2025\\\/03\\\/Bauboard-Ars-feminae-pre.png\",\"datePublished\":\"2025-03-06T18:49:31+00:00\",\"dateModified\":\"2025-03-07T10:10:28+00:00\",\"description\":\"Bauboard Ars feminae inspira y fomenta el conocimiento sobre mujeres artista. \u00a1Crea tu obra de arte enganchando las piezas en lienzo de velcro!\",\"breadcrumb\":{\"@id\":\"https:\\\/\\\/www.bauplay.com\\\/producto\\\/bauboard-ars-feminae\\\/#breadcrumb\"},\"inLanguage\":\"nl-NL\",\"potentialAction\":[{\"@type\":\"ReadAction\",\"target\":[\"https:\\\/\\\/www.bauplay.com\\\/producto\\\/bauboard-ars-feminae\\\/\"]}]},{\"@type\":\"ImageObject\",\"inLanguage\":\"nl-NL\",\"@id\":\"https:\\\/\\\/www.bauplay.com\\\/producto\\\/bauboard-ars-feminae\\\/#primaryimage\",\"url\":\"https:\\\/\\\/www.bauplay.com\\\/wp-content\\\/uploads\\\/2025\\\/03\\\/Bauboard-Ars-feminae-pre.png\",\"contentUrl\":\"https:\\\/\\\/www.bauplay.com\\\/wp-content\\\/uploads\\\/2025\\\/03\\\/Bauboard-Ars-feminae-pre.png\",\"width\":1200,\"height\":1200},{\"@type\":\"BreadcrumbList\",\"@id\":\"https:\\\/\\\/www.bauplay.com\\\/producto\\\/bauboard-ars-feminae\\\/#breadcrumb\",\"itemListElement\":[{\"@type\":\"ListItem\",\"position\":1,\"name\":\"Portada\",\"item\":\"https:\\\/\\\/www.bauplay.com\\\/\"},{\"@type\":\"ListItem\",\"position\":2,\"name\":\"Tienda\",\"item\":\"https:\\\/\\\/www.bauplay.com\\\/tienda\\\/\"},{\"@type\":\"ListItem\",\"position\":3,\"name\":\"Bauboard \u00b7 Ars feminae\"}]},{\"@type\":\"WebSite\",\"@id\":\"https:\\\/\\\/www.bauplay.com\\\/#website\",\"url\":\"https:\\\/\\\/www.bauplay.com\\\/\",\"name\":\"Bauplay\",\"description\":\"\",\"publisher\":{\"@id\":\"https:\\\/\\\/www.bauplay.com\\\/#organization\"},\"potentialAction\":[{\"@type\":\"SearchAction\",\"target\":{\"@type\":\"EntryPoint\",\"urlTemplate\":\"https:\\\/\\\/www.bauplay.com\\\/?s={search_term_string}\"},\"query-input\":{\"@type\":\"PropertyValueSpecification\",\"valueRequired\":true,\"valueName\":\"search_term_string\"}}],\"inLanguage\":\"nl-NL\"},{\"@type\":\"Organization\",\"@id\":\"https:\\\/\\\/www.bauplay.com\\\/#organization\",\"name\":\"Bauplay\",\"url\":\"https:\\\/\\\/www.bauplay.com\\\/\",\"logo\":{\"@type\":\"ImageObject\",\"inLanguage\":\"nl-NL\",\"@id\":\"https:\\\/\\\/www.bauplay.com\\\/#\\\/schema\\\/logo\\\/image\\\/\",\"url\":\"https:\\\/\\\/www.bauplay.com\\\/wp-content\\\/uploads\\\/2021\\\/11\\\/Bauplay_logo.svg\",\"contentUrl\":\"https:\\\/\\\/www.bauplay.com\\\/wp-content\\\/uploads\\\/2021\\\/11\\\/Bauplay_logo.svg\",\"width\":918,\"height\":207,\"caption\":\"Bauplay\"},\"image\":{\"@id\":\"https:\\\/\\\/www.bauplay.com\\\/#\\\/schema\\\/logo\\\/image\\\/\"}}]}<\/script>\n<!-- \/ Yoast SEO plugin. -->","yoast_head_json":{"title":"Bauboard Ars feminae \u2022 Bauplay","description":"Bauboard Ars inspireert en bevordert kennis over vrouwelijke kunstenaars. Cre\u00eber uw kunstwerk door de stukken op het klittenbanddoek te bevestigen!","robots":{"index":"index","follow":"follow","max-snippet":"max-snippet:-1","max-image-preview":"max-image-preview:large","max-video-preview":"max-video-preview:-1"},"canonical":"https:\/\/www.bauplay.com\/nl\/product-2\/bauboard-ars-feminae\/","og_locale":"nl_NL","og_type":"article","og_title":"Bauboard Ars feminae &#8226; Bauplay","og_description":"Bauboard Ars feminae inspira y fomenta el conocimiento sobre mujeres artista. \u00a1Crea tu obra de arte enganchando las piezas en lienzo de velcro!","og_url":"https:\/\/www.bauplay.com\/nl\/product-2\/bauboard-ars-feminae\/","og_site_name":"Bauplay","article_modified_time":"2025-03-07T10:10:28+00:00","og_image":[{"width":1200,"height":1200,"url":"https:\/\/www.bauplay.com\/wp-content\/uploads\/2025\/03\/Bauboard-Ars-feminae-pre.png","type":"image\/png"}],"twitter_card":"summary_large_image","schema":{"@context":"https:\/\/schema.org","@graph":[{"@type":"WebPage","@id":"https:\/\/www.bauplay.com\/producto\/bauboard-ars-feminae\/","url":"https:\/\/www.bauplay.com\/producto\/bauboard-ars-feminae\/","name":"Bauboard Ars feminae \u2022 Bauplay","isPartOf":{"@id":"https:\/\/www.bauplay.com\/#website"},"primaryImageOfPage":{"@id":"https:\/\/www.bauplay.com\/producto\/bauboard-ars-feminae\/#primaryimage"},"image":{"@id":"https:\/\/www.bauplay.com\/producto\/bauboard-ars-feminae\/#primaryimage"},"thumbnailUrl":"https:\/\/www.bauplay.com\/wp-content\/uploads\/2025\/03\/Bauboard-Ars-feminae-pre.png","datePublished":"2025-03-06T18:49:31+00:00","dateModified":"2025-03-07T10:10:28+00:00","description":"Bauboard Ars inspireert en bevordert kennis over vrouwelijke kunstenaars. Cre\u00eber uw kunstwerk door de stukken op het klittenbanddoek te bevestigen!","breadcrumb":{"@id":"https:\/\/www.bauplay.com\/producto\/bauboard-ars-feminae\/#breadcrumb"},"inLanguage":"nl-NL","potentialAction":[{"@type":"ReadAction","target":["https:\/\/www.bauplay.com\/producto\/bauboard-ars-feminae\/"]}]},{"@type":"ImageObject","inLanguage":"nl-NL","@id":"https:\/\/www.bauplay.com\/producto\/bauboard-ars-feminae\/#primaryimage","url":"https:\/\/www.bauplay.com\/wp-content\/uploads\/2025\/03\/Bauboard-Ars-feminae-pre.png","contentUrl":"https:\/\/www.bauplay.com\/wp-content\/uploads\/2025\/03\/Bauboard-Ars-feminae-pre.png","width":1200,"height":1200},{"@type":"BreadcrumbList","@id":"https:\/\/www.bauplay.com\/producto\/bauboard-ars-feminae\/#breadcrumb","itemListElement":[{"@type":"ListItem","position":1,"name":"Portada","item":"https:\/\/www.bauplay.com\/"},{"@type":"ListItem","position":2,"name":"Tienda","item":"https:\/\/www.bauplay.com\/tienda\/"},{"@type":"ListItem","position":3,"name":"Bauboard \u00b7 Ars feminae"}]},{"@type":"WebSite","@id":"https:\/\/www.bauplay.com\/#website","url":"https:\/\/www.bauplay.com\/","name":"Bauplay","description":"","publisher":{"@id":"https:\/\/www.bauplay.com\/#organization"},"potentialAction":[{"@type":"SearchAction","target":{"@type":"EntryPoint","urlTemplate":"https:\/\/www.bauplay.com\/?s={search_term_string}"},"query-input":{"@type":"PropertyValueSpecification","valueRequired":true,"valueName":"search_term_string"}}],"inLanguage":"nl-NL"},{"@type":"Organization","@id":"https:\/\/www.bauplay.com\/#organization","name":"Bauplay","url":"https:\/\/www.bauplay.com\/","logo":{"@type":"ImageObject","inLanguage":"nl-NL","@id":"https:\/\/www.bauplay.com\/#\/schema\/logo\/image\/","url":"https:\/\/www.bauplay.com\/wp-content\/uploads\/2021\/11\/Bauplay_logo.svg","contentUrl":"https:\/\/www.bauplay.com\/wp-content\/uploads\/2021\/11\/Bauplay_logo.svg","width":918,"height":207,"caption":"Bauplay"},"image":{"@id":"https:\/\/www.bauplay.com\/#\/schema\/logo\/image\/"}}]}},"_links":{"self":[{"href":"https:\/\/www.bauplay.com\/nl\/wp-json\/wp\/v2\/product\/3179","targetHints":{"allow":["GET"]}}],"collection":[{"href":"https:\/\/www.bauplay.com\/nl\/wp-json\/wp\/v2\/product"}],"about":[{"href":"https:\/\/www.bauplay.com\/nl\/wp-json\/wp\/v2\/types\/product"}],"replies":[{"embeddable":true,"href":"https:\/\/www.bauplay.com\/nl\/wp-json\/wp\/v2\/comments?post=3179"}],"wp:featuredmedia":[{"embeddable":true,"href":"https:\/\/www.bauplay.com\/nl\/wp-json\/wp\/v2\/media\/3186"}],"wp:attachment":[{"href":"https:\/\/www.bauplay.com\/nl\/wp-json\/wp\/v2\/media?parent=3179"}],"wp:term":[{"taxonomy":"product_brand","embeddable":true,"href":"https:\/\/www.bauplay.com\/nl\/wp-json\/wp\/v2\/product_brand?post=3179"},{"taxonomy":"product_cat","embeddable":true,"href":"https:\/\/www.bauplay.com\/nl\/wp-json\/wp\/v2\/product_cat?post=3179"},{"taxonomy":"product_tag","embeddable":true,"href":"https:\/\/www.bauplay.com\/nl\/wp-json\/wp\/v2\/product_tag?post=3179"}],"curies":[{"name":"wp","href":"https:\/\/api.w.org\/{rel}","templated":true}]}}