{"id":3179,"date":"2025-03-06T19:49:31","date_gmt":"2025-03-06T18:49:31","guid":{"rendered":"https:\/\/www.bauplay.com\/?post_type=product&#038;p=3179"},"modified":"2025-03-07T11:10:28","modified_gmt":"2025-03-07T10:10:28","slug":"bauboard-ars-feminae","status":"publish","type":"product","link":"https:\/\/www.bauplay.com\/it\/producto\/bauboard-ars-feminae\/","title":{"rendered":"Bauboard \u00b7 Ars feminae"},"content":{"rendered":"<p>Bauboard Ars feminae \u00e8 uno strumento per praticare la motricit\u00e0 fine, il pensiero logico e creativo, la pazienza, la memoria e soprattutto imparare giocando<\/p>\n<p>&nbsp;<\/p>\n<p style=\"text-align: center;\"><img decoding=\"async\" src=\"https:\/\/www.bauplay.com\/wp-content\/uploads\/2022\/10\/EyC.png\" width=\"100px\" \/><\/p>\n<p>Applichiamo metodologie attive perch\u00e9 per imparare \u00e8 necessario viverlo e sperimentarlo. Tutti i giochi del marchio Bauplay\u00ae potenziano le intelligenze multiple e seguono i principi dell' <strong>educazione centrata sul bambino<\/strong>, come nelle scuole Reggio Emilia, Pikler, Waldorf o <a href=\"https:\/\/es.wikipedia.org\/wiki\/M%C3%A9todo_Montessori\" target=\"_blank\" rel=\"noopener\">Montessori<\/a> (con le loro rispettive differenze).<\/p>","protected":false},"excerpt":{"rendered":"<p><strong><span style=\"color: #000000;\"><u>Prenota subito il tuo gioco in anticipo!<\/u> \u2013 Prevediamo di iniziare a spedire il nuovo gioco a partire dal 31\/5\/25<\/span><\/strong><\/p>\n<p>Scopri l'affascinante mondo dell'arte attraverso un gioco educativo e creativo con il nostro nuovo Bauboard \u00b7 Ars feminae e i suoi pezzi di feltro. Utilizzando le carte artistiche che troverai nel gioco, imparerai a conoscere artiste, alcune dimenticate e non riconosciute, esplorando gli elementi principali che appaiono nelle loro opere. Ogni carta presenta una breve informazione su ciascuna artista, evidenziando il suo contributo al mondo dell'arte e i motivi ricorrenti nelle sue creazioni.<\/p>\n<p>Dopo aver imparato a conoscere queste artiste, affronterai emozionanti sfide che ti inviteranno a creare le tue opere ispirate ai loro stili e temi. Dai autoritratti espressivi alle composizioni surrealiste, questo gioco ti permetter\u00e0 di sperimentare e connetterti con la storia dell'arte in modo ludico e interattivo.<\/p>\n<p><strong>Cosa ti aspetta dentro la scatola?<\/strong><\/p>\n<ul>\n<li>4 nuovi colori vibranti<\/li>\n<li>Nuove forme geometriche e organiche<\/li>\n<li>Nuove carte con artiste scelte<\/li>\n<li>Una carta extra con pi\u00f9 artiste e sfide da realizzare<\/li>\n<\/ul>\n<p><strong><br \/>\nIl perch\u00e9 dei suoi colori:<\/strong><\/p>\n<p>Ci siamo avventurati oltre i colori primari, e s\u00ec, quello che leggi \u00e8 vero. Anche se non crediamo nell'etichettare i colori come femminili o maschili, non abbiamo potuto resistere all'inclusione del lilla, un colore che \u00e8 sinonimo della celebrazione della donna, per numerosi e potenti motivi. Ma non ci siamo fermati l\u00ec. Abbiamo osato scomporre questa bellissima tonalit\u00e0!<\/p>\n<p>Ora ti presentiamo una palette vibrante e diversificata: lavanda tenue, rosa \u00absgargiante\u00bb, e blu navy, accompagnati da un giallo ocra che semplicemente amiamo e che offre un contrasto spettacolare con il resto dei pezzi affinch\u00e9 le tue creazioni brillino. Con questi colori, non solo puoi creare opere d'arte affascinanti, ma celebrerai anche la tua individualit\u00e0 e creativit\u00e0. Rendi tua questa palette di colori e gioca con il nostro Bauboard: Ars Feminae!<\/p>","protected":false},"featured_media":3186,"comment_status":"open","ping_status":"closed","template":"","meta":{"_acf_changed":false},"product_brand":[],"product_cat":[47,21],"product_tag":[68,101,115,116,109,107,108,96,89,34,88,64,67,104,106,105,87,66,62,65,60,52,85,86,114,113,91,90,53,59,55,54],"class_list":{"0":"post-3179","1":"product","2":"type-product","3":"status-publish","4":"has-post-thumbnail","6":"product_cat-bauboard","7":"product_cat-juegos","8":"product_tag-aprender-jugando","9":"product_tag-arte","10":"product_tag-artista","11":"product_tag-artistas","12":"product_tag-bauhaus","13":"product_tag-colores","14":"product_tag-colores-basicos","15":"product_tag-concentracion","16":"product_tag-creatividad","17":"product_tag-destacado","18":"product_tag-destreza","19":"product_tag-educacion","20":"product_tag-fabricado-en-eu","21":"product_tag-formas","22":"product_tag-formas-geometricas","23":"product_tag-geometria","24":"product_tag-imaginacion","25":"product_tag-juguetes-artesanos","26":"product_tag-juguetes-de-madera","27":"product_tag-juguetes-sostenibles","28":"product_tag-material-manipulativo","29":"product_tag-montessori","30":"product_tag-motricidad","31":"product_tag-motricidad-fina","32":"product_tag-mujer","33":"product_tag-mujeres","34":"product_tag-paciencia","35":"product_tag-pensamiento-logico","36":"product_tag-pikler","37":"product_tag-primera-infancia","38":"product_tag-reggio-emilia","39":"product_tag-waldorf","41":"first","42":"instock","43":"purchasable","44":"product-type-variable"},"acf":[],"yoast_head":"<!-- This site is optimized with the Yoast SEO plugin v27.3 - https:\/\/yoast.com\/product\/yoast-seo-wordpress\/ -->\n<title>Bauboard Ars feminae &#8226; Bauplay<\/title>\n<meta name=\"description\" content=\"Bauboard Ars feminae inspira y fomenta el conocimiento sobre mujeres artista. \u00a1Crea tu obra de arte enganchando las piezas en lienzo de velcro!\" \/>\n<meta name=\"robots\" content=\"index, follow, max-snippet:-1, max-image-preview:large, max-video-preview:-1\" \/>\n<link rel=\"canonical\" href=\"https:\/\/www.bauplay.com\/it\/product-2\/bauboard-ars-feminae\/\" \/>\n<meta property=\"og:locale\" content=\"it_IT\" \/>\n<meta property=\"og:type\" content=\"article\" \/>\n<meta property=\"og:title\" content=\"Bauboard Ars feminae &#8226; Bauplay\" \/>\n<meta property=\"og:description\" content=\"Bauboard Ars feminae inspira y fomenta el conocimiento sobre mujeres artista. \u00a1Crea tu obra de arte enganchando las piezas en lienzo de velcro!\" \/>\n<meta property=\"og:url\" content=\"https:\/\/www.bauplay.com\/it\/product-2\/bauboard-ars-feminae\/\" \/>\n<meta property=\"og:site_name\" content=\"Bauplay\" \/>\n<meta property=\"article:modified_time\" content=\"2025-03-07T10:10:28+00:00\" \/>\n<meta property=\"og:image\" content=\"https:\/\/www.bauplay.com\/wp-content\/uploads\/2025\/03\/Bauboard-Ars-feminae-pre.png\" \/>\n\t<meta property=\"og:image:width\" content=\"1200\" \/>\n\t<meta property=\"og:image:height\" content=\"1200\" \/>\n\t<meta property=\"og:image:type\" content=\"image\/png\" \/>\n<meta name=\"twitter:card\" content=\"summary_large_image\" \/>\n<script type=\"application\/ld+json\" class=\"yoast-schema-graph\">{\"@context\":\"https:\\\/\\\/schema.org\",\"@graph\":[{\"@type\":\"WebPage\",\"@id\":\"https:\\\/\\\/www.bauplay.com\\\/producto\\\/bauboard-ars-feminae\\\/\",\"url\":\"https:\\\/\\\/www.bauplay.com\\\/producto\\\/bauboard-ars-feminae\\\/\",\"name\":\"Bauboard Ars feminae &#8226; Bauplay\",\"isPartOf\":{\"@id\":\"https:\\\/\\\/www.bauplay.com\\\/#website\"},\"primaryImageOfPage\":{\"@id\":\"https:\\\/\\\/www.bauplay.com\\\/producto\\\/bauboard-ars-feminae\\\/#primaryimage\"},\"image\":{\"@id\":\"https:\\\/\\\/www.bauplay.com\\\/producto\\\/bauboard-ars-feminae\\\/#primaryimage\"},\"thumbnailUrl\":\"https:\\\/\\\/www.bauplay.com\\\/wp-content\\\/uploads\\\/2025\\\/03\\\/Bauboard-Ars-feminae-pre.png\",\"datePublished\":\"2025-03-06T18:49:31+00:00\",\"dateModified\":\"2025-03-07T10:10:28+00:00\",\"description\":\"Bauboard Ars feminae inspira y fomenta el conocimiento sobre mujeres artista. \u00a1Crea tu obra de arte enganchando las piezas en lienzo de velcro!\",\"breadcrumb\":{\"@id\":\"https:\\\/\\\/www.bauplay.com\\\/producto\\\/bauboard-ars-feminae\\\/#breadcrumb\"},\"inLanguage\":\"it-IT\",\"potentialAction\":[{\"@type\":\"ReadAction\",\"target\":[\"https:\\\/\\\/www.bauplay.com\\\/producto\\\/bauboard-ars-feminae\\\/\"]}]},{\"@type\":\"ImageObject\",\"inLanguage\":\"it-IT\",\"@id\":\"https:\\\/\\\/www.bauplay.com\\\/producto\\\/bauboard-ars-feminae\\\/#primaryimage\",\"url\":\"https:\\\/\\\/www.bauplay.com\\\/wp-content\\\/uploads\\\/2025\\\/03\\\/Bauboard-Ars-feminae-pre.png\",\"contentUrl\":\"https:\\\/\\\/www.bauplay.com\\\/wp-content\\\/uploads\\\/2025\\\/03\\\/Bauboard-Ars-feminae-pre.png\",\"width\":1200,\"height\":1200},{\"@type\":\"BreadcrumbList\",\"@id\":\"https:\\\/\\\/www.bauplay.com\\\/producto\\\/bauboard-ars-feminae\\\/#breadcrumb\",\"itemListElement\":[{\"@type\":\"ListItem\",\"position\":1,\"name\":\"Portada\",\"item\":\"https:\\\/\\\/www.bauplay.com\\\/\"},{\"@type\":\"ListItem\",\"position\":2,\"name\":\"Tienda\",\"item\":\"https:\\\/\\\/www.bauplay.com\\\/tienda\\\/\"},{\"@type\":\"ListItem\",\"position\":3,\"name\":\"Bauboard \u00b7 Ars feminae\"}]},{\"@type\":\"WebSite\",\"@id\":\"https:\\\/\\\/www.bauplay.com\\\/#website\",\"url\":\"https:\\\/\\\/www.bauplay.com\\\/\",\"name\":\"Bauplay\",\"description\":\"\",\"publisher\":{\"@id\":\"https:\\\/\\\/www.bauplay.com\\\/#organization\"},\"potentialAction\":[{\"@type\":\"SearchAction\",\"target\":{\"@type\":\"EntryPoint\",\"urlTemplate\":\"https:\\\/\\\/www.bauplay.com\\\/?s={search_term_string}\"},\"query-input\":{\"@type\":\"PropertyValueSpecification\",\"valueRequired\":true,\"valueName\":\"search_term_string\"}}],\"inLanguage\":\"it-IT\"},{\"@type\":\"Organization\",\"@id\":\"https:\\\/\\\/www.bauplay.com\\\/#organization\",\"name\":\"Bauplay\",\"url\":\"https:\\\/\\\/www.bauplay.com\\\/\",\"logo\":{\"@type\":\"ImageObject\",\"inLanguage\":\"it-IT\",\"@id\":\"https:\\\/\\\/www.bauplay.com\\\/#\\\/schema\\\/logo\\\/image\\\/\",\"url\":\"https:\\\/\\\/www.bauplay.com\\\/wp-content\\\/uploads\\\/2021\\\/11\\\/Bauplay_logo.svg\",\"contentUrl\":\"https:\\\/\\\/www.bauplay.com\\\/wp-content\\\/uploads\\\/2021\\\/11\\\/Bauplay_logo.svg\",\"width\":918,\"height\":207,\"caption\":\"Bauplay\"},\"image\":{\"@id\":\"https:\\\/\\\/www.bauplay.com\\\/#\\\/schema\\\/logo\\\/image\\\/\"}}]}<\/script>\n<!-- \/ Yoast SEO plugin. -->","yoast_head_json":{"title":"Bauboard Ars feminae \u2022 Bauplay","description":"Bauboard Ars feminae ispira e incoraggia la conoscenza sulle artiste. Crea la tua opera d'arte agganciando i pezzi su tela in velcro!","robots":{"index":"index","follow":"follow","max-snippet":"max-snippet:-1","max-image-preview":"max-image-preview:large","max-video-preview":"max-video-preview:-1"},"canonical":"https:\/\/www.bauplay.com\/it\/product-2\/bauboard-ars-feminae\/","og_locale":"it_IT","og_type":"article","og_title":"Bauboard Ars feminae &#8226; Bauplay","og_description":"Bauboard Ars feminae inspira y fomenta el conocimiento sobre mujeres artista. \u00a1Crea tu obra de arte enganchando las piezas en lienzo de velcro!","og_url":"https:\/\/www.bauplay.com\/it\/product-2\/bauboard-ars-feminae\/","og_site_name":"Bauplay","article_modified_time":"2025-03-07T10:10:28+00:00","og_image":[{"width":1200,"height":1200,"url":"https:\/\/www.bauplay.com\/wp-content\/uploads\/2025\/03\/Bauboard-Ars-feminae-pre.png","type":"image\/png"}],"twitter_card":"summary_large_image","schema":{"@context":"https:\/\/schema.org","@graph":[{"@type":"WebPage","@id":"https:\/\/www.bauplay.com\/producto\/bauboard-ars-feminae\/","url":"https:\/\/www.bauplay.com\/producto\/bauboard-ars-feminae\/","name":"Bauboard Ars feminae \u2022 Bauplay","isPartOf":{"@id":"https:\/\/www.bauplay.com\/#website"},"primaryImageOfPage":{"@id":"https:\/\/www.bauplay.com\/producto\/bauboard-ars-feminae\/#primaryimage"},"image":{"@id":"https:\/\/www.bauplay.com\/producto\/bauboard-ars-feminae\/#primaryimage"},"thumbnailUrl":"https:\/\/www.bauplay.com\/wp-content\/uploads\/2025\/03\/Bauboard-Ars-feminae-pre.png","datePublished":"2025-03-06T18:49:31+00:00","dateModified":"2025-03-07T10:10:28+00:00","description":"Bauboard Ars feminae ispira e incoraggia la conoscenza sulle artiste. Crea la tua opera d'arte agganciando i pezzi su tela in velcro!","breadcrumb":{"@id":"https:\/\/www.bauplay.com\/producto\/bauboard-ars-feminae\/#breadcrumb"},"inLanguage":"it-IT","potentialAction":[{"@type":"ReadAction","target":["https:\/\/www.bauplay.com\/producto\/bauboard-ars-feminae\/"]}]},{"@type":"ImageObject","inLanguage":"it-IT","@id":"https:\/\/www.bauplay.com\/producto\/bauboard-ars-feminae\/#primaryimage","url":"https:\/\/www.bauplay.com\/wp-content\/uploads\/2025\/03\/Bauboard-Ars-feminae-pre.png","contentUrl":"https:\/\/www.bauplay.com\/wp-content\/uploads\/2025\/03\/Bauboard-Ars-feminae-pre.png","width":1200,"height":1200},{"@type":"BreadcrumbList","@id":"https:\/\/www.bauplay.com\/producto\/bauboard-ars-feminae\/#breadcrumb","itemListElement":[{"@type":"ListItem","position":1,"name":"Portada","item":"https:\/\/www.bauplay.com\/"},{"@type":"ListItem","position":2,"name":"Tienda","item":"https:\/\/www.bauplay.com\/tienda\/"},{"@type":"ListItem","position":3,"name":"Bauboard \u00b7 Ars feminae"}]},{"@type":"WebSite","@id":"https:\/\/www.bauplay.com\/#website","url":"https:\/\/www.bauplay.com\/","name":"Bauplay","description":"","publisher":{"@id":"https:\/\/www.bauplay.com\/#organization"},"potentialAction":[{"@type":"SearchAction","target":{"@type":"EntryPoint","urlTemplate":"https:\/\/www.bauplay.com\/?s={search_term_string}"},"query-input":{"@type":"PropertyValueSpecification","valueRequired":true,"valueName":"search_term_string"}}],"inLanguage":"it-IT"},{"@type":"Organization","@id":"https:\/\/www.bauplay.com\/#organization","name":"Bauplay","url":"https:\/\/www.bauplay.com\/","logo":{"@type":"ImageObject","inLanguage":"it-IT","@id":"https:\/\/www.bauplay.com\/#\/schema\/logo\/image\/","url":"https:\/\/www.bauplay.com\/wp-content\/uploads\/2021\/11\/Bauplay_logo.svg","contentUrl":"https:\/\/www.bauplay.com\/wp-content\/uploads\/2021\/11\/Bauplay_logo.svg","width":918,"height":207,"caption":"Bauplay"},"image":{"@id":"https:\/\/www.bauplay.com\/#\/schema\/logo\/image\/"}}]}},"_links":{"self":[{"href":"https:\/\/www.bauplay.com\/it\/wp-json\/wp\/v2\/product\/3179","targetHints":{"allow":["GET"]}}],"collection":[{"href":"https:\/\/www.bauplay.com\/it\/wp-json\/wp\/v2\/product"}],"about":[{"href":"https:\/\/www.bauplay.com\/it\/wp-json\/wp\/v2\/types\/product"}],"replies":[{"embeddable":true,"href":"https:\/\/www.bauplay.com\/it\/wp-json\/wp\/v2\/comments?post=3179"}],"wp:featuredmedia":[{"embeddable":true,"href":"https:\/\/www.bauplay.com\/it\/wp-json\/wp\/v2\/media\/3186"}],"wp:attachment":[{"href":"https:\/\/www.bauplay.com\/it\/wp-json\/wp\/v2\/media?parent=3179"}],"wp:term":[{"taxonomy":"product_brand","embeddable":true,"href":"https:\/\/www.bauplay.com\/it\/wp-json\/wp\/v2\/product_brand?post=3179"},{"taxonomy":"product_cat","embeddable":true,"href":"https:\/\/www.bauplay.com\/it\/wp-json\/wp\/v2\/product_cat?post=3179"},{"taxonomy":"product_tag","embeddable":true,"href":"https:\/\/www.bauplay.com\/it\/wp-json\/wp\/v2\/product_tag?post=3179"}],"curies":[{"name":"wp","href":"https:\/\/api.w.org\/{rel}","templated":true}]}}