{"id":2399,"date":"2022-08-30T12:51:08","date_gmt":"2022-08-30T10:51:08","guid":{"rendered":"https:\/\/www.bauplay.com\/?page_id=2399"},"modified":"2022-08-30T14:21:22","modified_gmt":"2022-08-30T12:21:22","slug":"bauplay-negli-usi-terapeutici","status":"publish","type":"page","link":"https:\/\/www.bauplay.com\/it\/bauplay-en-usos-terapeuticos\/","title":{"rendered":"Negli usi terapeutici"},"content":{"rendered":"<div data-elementor-type=\"wp-page\" data-elementor-id=\"2399\" class=\"elementor elementor-2399\" data-elementor-post-type=\"page\">\n\t\t\t\t\t\t<section class=\"elementor-section elementor-top-section elementor-element elementor-element-6926409 elementor-section-full_width elementor-section-content-top elementor-reverse-mobile elementor-section-height-default elementor-section-height-default\" data-id=\"6926409\" data-element_type=\"section\" data-e-type=\"section\" data-settings=\"{&quot;background_background&quot;:&quot;classic&quot;}\">\n\t\t\t\t\t\t<div class=\"elementor-container elementor-column-gap-no\">\n\t\t\t\t\t<div class=\"elementor-column elementor-col-50 elementor-top-column elementor-element elementor-element-20123a0\" data-id=\"20123a0\" data-element_type=\"column\" data-e-type=\"column\">\n\t\t\t<div class=\"elementor-widget-wrap elementor-element-populated\">\n\t\t\t\t\t\t<div class=\"elementor-element elementor-element-25f04b5 elementor-hidden-mobile elementor-widget elementor-widget-heading\" data-id=\"25f04b5\" data-element_type=\"widget\" data-e-type=\"widget\" data-widget_type=\"heading.default\">\n\t\t\t\t<div class=\"elementor-widget-container\">\n\t\t\t\t\t<h2 class=\"elementor-heading-title elementor-size-default\">Educa e crea &gt;<\/h2>\t\t\t\t<\/div>\n\t\t\t\t<\/div>\n\t\t\t\t<div class=\"elementor-element elementor-element-2ea4de2 elementor-hidden-mobile elementor-widget elementor-widget-heading\" data-id=\"2ea4de2\" data-element_type=\"widget\" data-e-type=\"widget\" data-widget_type=\"heading.default\">\n\t\t\t\t<div class=\"elementor-widget-container\">\n\t\t\t\t\t<h2 class=\"elementor-heading-title elementor-size-default\">Negli usi terapeutici<\/h2>\t\t\t\t<\/div>\n\t\t\t\t<\/div>\n\t\t\t\t<div class=\"elementor-element elementor-element-450c22d elementor-widget elementor-widget-text-editor\" data-id=\"450c22d\" data-element_type=\"widget\" data-e-type=\"widget\" data-widget_type=\"text-editor.default\">\n\t\t\t\t<div class=\"elementor-widget-container\">\n\t\t\t\t\t\t\t\t\t<p>Sia Bautype che altri giochi che puoi trovare su Bauplay sono perfetti per rafforzare l'orientamento spaziale e la praxis costruttiva.<\/p><p>Questi giochi mettono alla prova e insegnano la relazione del corpo del giocatore con lo spazio. Aiutano a calcolare la distanza e lo spazio attraverso le diverse misure delle forme e la loro possibile collocazione.<\/p><p>Bautype, ad esempio, \u00e8 un gioco che pu\u00f2 essere utilizzato in campo terapeutico, attraverso la graduazione del livello e l'adattamento da parte del terapeuta, il quale pu\u00f2 proporre diverse sfide, come ad esempio discriminare visivamente i pezzi necessari per copiare un disegno, sia quello della scheda campione che quello di un disegno creato con i pezzi del gioco stesso.<\/p>\t\t\t\t\t\t\t\t<\/div>\n\t\t\t\t<\/div>\n\t\t\t\t\t<\/div>\n\t\t<\/div>\n\t\t\t\t<div class=\"elementor-column elementor-col-50 elementor-top-column elementor-element elementor-element-973a307\" data-id=\"973a307\" data-element_type=\"column\" data-e-type=\"column\">\n\t\t\t<div class=\"elementor-widget-wrap elementor-element-populated\">\n\t\t\t\t\t\t<div class=\"elementor-element elementor-element-c33b31d elementor-hidden-desktop elementor-hidden-tablet elementor-widget elementor-widget-heading\" data-id=\"c33b31d\" data-element_type=\"widget\" data-e-type=\"widget\" data-widget_type=\"heading.default\">\n\t\t\t\t<div class=\"elementor-widget-container\">\n\t\t\t\t\t<h2 class=\"elementor-heading-title elementor-size-default\">Educa e crea &gt;<\/h2>\t\t\t\t<\/div>\n\t\t\t\t<\/div>\n\t\t\t\t<div class=\"elementor-element elementor-element-705ab26 elementor-hidden-desktop elementor-hidden-tablet elementor-widget elementor-widget-heading\" data-id=\"705ab26\" data-element_type=\"widget\" data-e-type=\"widget\" data-widget_type=\"heading.default\">\n\t\t\t\t<div class=\"elementor-widget-container\">\n\t\t\t\t\t<h2 class=\"elementor-heading-title elementor-size-default\">Negli usi terapeutici<\/h2>\t\t\t\t<\/div>\n\t\t\t\t<\/div>\n\t\t\t\t<div class=\"elementor-element elementor-element-b1b3fb5 elementor-widget elementor-widget-image\" data-id=\"b1b3fb5\" data-element_type=\"widget\" data-e-type=\"widget\" data-widget_type=\"image.default\">\n\t\t\t\t<div class=\"elementor-widget-container\">\n\t\t\t\t\t\t\t\t\t\t\t\t\t\t\t<img fetchpriority=\"high\" decoding=\"async\" width=\"900\" height=\"600\" src=\"https:\/\/www.bauplay.com\/wp-content\/uploads\/2022\/08\/sp1.jpg\" class=\"attachment-full size-full wp-image-2401\" alt=\"\" srcset=\"https:\/\/www.bauplay.com\/wp-content\/uploads\/2022\/08\/sp1.jpg 900w, https:\/\/www.bauplay.com\/wp-content\/uploads\/2022\/08\/sp1-300x200.jpg 300w, https:\/\/www.bauplay.com\/wp-content\/uploads\/2022\/08\/sp1-768x512.jpg 768w, https:\/\/www.bauplay.com\/wp-content\/uploads\/2022\/08\/sp1-18x12.jpg 18w\" sizes=\"(max-width: 900px) 100vw, 900px\" \/>\t\t\t\t\t\t\t\t\t\t\t\t\t\t\t<\/div>\n\t\t\t\t<\/div>\n\t\t\t\t<section class=\"elementor-section elementor-inner-section elementor-element elementor-element-2406368 elementor-section-boxed elementor-section-height-default elementor-section-height-default\" data-id=\"2406368\" data-element_type=\"section\" data-e-type=\"section\">\n\t\t\t\t\t\t<div class=\"elementor-container elementor-column-gap-default\">\n\t\t\t\t\t<div class=\"elementor-column elementor-col-100 elementor-inner-column elementor-element elementor-element-19108bb\" data-id=\"19108bb\" data-element_type=\"column\" data-e-type=\"column\">\n\t\t\t<div class=\"elementor-widget-wrap elementor-element-populated\">\n\t\t\t\t\t\t<div class=\"elementor-element elementor-element-87d6e1a elementor-widget__width-auto elementor-widget-tablet__width-inherit elementor-widget elementor-widget-text-editor\" data-id=\"87d6e1a\" data-element_type=\"widget\" data-e-type=\"widget\" data-widget_type=\"text-editor.default\">\n\t\t\t\t<div class=\"elementor-widget-container\">\n\t\t\t\t\t\t\t\t\t<p>Acquista qui i nostri giochi!<\/p>\t\t\t\t\t\t\t\t<\/div>\n\t\t\t\t<\/div>\n\t\t\t\t<div class=\"elementor-element elementor-element-ef6e73f elementor-align-left elementor-tablet-align-center elementor-widget__width-auto elementor-widget-tablet__width-inherit elementor-widget elementor-widget-button\" data-id=\"ef6e73f\" data-element_type=\"widget\" data-e-type=\"widget\" data-widget_type=\"button.default\">\n\t\t\t\t<div class=\"elementor-widget-container\">\n\t\t\t\t\t\t\t\t\t<div class=\"elementor-button-wrapper\">\n\t\t\t\t\t<a class=\"elementor-button elementor-button-link elementor-size-sm\" href=\"https:\/\/www.bauplay.com\/it\/product-category-2\/giochi\/\" target=\"_blank\">\n\t\t\t\t\t\t<span class=\"elementor-button-content-wrapper\">\n\t\t\t\t\t\t\t\t\t<span class=\"elementor-button-text\">Comprare<\/span>\n\t\t\t\t\t<\/span>\n\t\t\t\t\t<\/a>\n\t\t\t\t<\/div>\n\t\t\t\t\t\t\t\t<\/div>\n\t\t\t\t<\/div>\n\t\t\t\t\t<\/div>\n\t\t<\/div>\n\t\t\t\t\t<\/div>\n\t\t<\/section>\n\t\t\t\t\t<\/div>\n\t\t<\/div>\n\t\t\t\t\t<\/div>\n\t\t<\/section>\n\t\t\t\t<section class=\"elementor-section elementor-top-section elementor-element elementor-element-fc9cc2a elementor-section-full_width elementor-section-content-top elementor-reverse-mobile elementor-section-height-default elementor-section-height-default\" data-id=\"fc9cc2a\" data-element_type=\"section\" data-e-type=\"section\">\n\t\t\t\t\t\t<div class=\"elementor-container elementor-column-gap-no\">\n\t\t\t\t\t<div class=\"elementor-column elementor-col-50 elementor-top-column elementor-element elementor-element-ded68da\" data-id=\"ded68da\" data-element_type=\"column\" data-e-type=\"column\">\n\t\t\t<div class=\"elementor-widget-wrap elementor-element-populated\">\n\t\t\t\t\t\t<div class=\"elementor-element elementor-element-91bac16 elementor-widget elementor-widget-heading\" data-id=\"91bac16\" data-element_type=\"widget\" data-e-type=\"widget\" data-widget_type=\"heading.default\">\n\t\t\t\t<div class=\"elementor-widget-container\">\n\t\t\t\t\t<h2 class=\"elementor-heading-title elementor-size-default\">Potenziale terapeutico<\/h2>\t\t\t\t<\/div>\n\t\t\t\t<\/div>\n\t\t\t\t<div class=\"elementor-element elementor-element-16a88fa elementor-widget elementor-widget-text-editor\" data-id=\"16a88fa\" data-element_type=\"widget\" data-e-type=\"widget\" data-widget_type=\"text-editor.default\">\n\t\t\t\t<div class=\"elementor-widget-container\">\n\t\t\t\t\t\t\t\t\t<p>Le proposte di Bauplay dimostrano un grande potenziale terapeutico nei bambini e nelle bambine che mostrano difficolt\u00e0 a concentrarsi o a mantenere il focus dell'attenzione, come nel TDA\/ADHD.\u00a0<\/p><p>Essendo un materiale manipolativo, offre riferimenti sia tattili che visivi, fondamentali per le abilit\u00e0 di costruzione e creazione.\u00a0<\/p><p>I suoi colori vivaci, insieme alle sue forme originali, permettono di creare da un luogo nuovo che allontana dalla noia.\u00a0<\/p>\t\t\t\t\t\t\t\t<\/div>\n\t\t\t\t<\/div>\n\t\t\t\t\t<\/div>\n\t\t<\/div>\n\t\t\t\t<div class=\"elementor-column elementor-col-50 elementor-top-column elementor-element elementor-element-2b06290\" data-id=\"2b06290\" data-element_type=\"column\" data-e-type=\"column\">\n\t\t\t<div class=\"elementor-widget-wrap elementor-element-populated\">\n\t\t\t\t\t\t<div class=\"elementor-element elementor-element-9ebc8ee elementor-widget__width-initial elementor-widget-tablet__width-initial elementor-widget-mobile__width-initial elementor-widget elementor-widget-image\" data-id=\"9ebc8ee\" data-element_type=\"widget\" data-e-type=\"widget\" data-widget_type=\"image.default\">\n\t\t\t\t<div class=\"elementor-widget-container\">\n\t\t\t\t\t\t\t\t\t\t\t\t\t\t\t<img decoding=\"async\" width=\"900\" height=\"600\" src=\"https:\/\/www.bauplay.com\/wp-content\/uploads\/2022\/08\/sp2.jpg\" class=\"attachment-full size-full wp-image-2402\" alt=\"\" srcset=\"https:\/\/www.bauplay.com\/wp-content\/uploads\/2022\/08\/sp2.jpg 900w, https:\/\/www.bauplay.com\/wp-content\/uploads\/2022\/08\/sp2-300x200.jpg 300w, https:\/\/www.bauplay.com\/wp-content\/uploads\/2022\/08\/sp2-768x512.jpg 768w, https:\/\/www.bauplay.com\/wp-content\/uploads\/2022\/08\/sp2-18x12.jpg 18w\" sizes=\"(max-width: 900px) 100vw, 900px\" \/>\t\t\t\t\t\t\t\t\t\t\t\t\t\t\t<\/div>\n\t\t\t\t<\/div>\n\t\t\t\t\t<\/div>\n\t\t<\/div>\n\t\t\t\t\t<\/div>\n\t\t<\/section>\n\t\t\t\t<section class=\"elementor-section elementor-top-section elementor-element elementor-element-8c0be9c elementor-section-full_width elementor-section-content-top elementor-section-height-default elementor-section-height-default\" data-id=\"8c0be9c\" data-element_type=\"section\" data-e-type=\"section\" data-settings=\"{&quot;background_background&quot;:&quot;classic&quot;}\">\n\t\t\t\t\t\t<div class=\"elementor-container elementor-column-gap-no\">\n\t\t\t\t\t<div class=\"elementor-column elementor-col-50 elementor-top-column elementor-element elementor-element-56561fc\" data-id=\"56561fc\" data-element_type=\"column\" data-e-type=\"column\">\n\t\t\t<div class=\"elementor-widget-wrap elementor-element-populated\">\n\t\t\t\t\t\t<div class=\"elementor-element elementor-element-c21bb3d elementor-widget elementor-widget-image\" data-id=\"c21bb3d\" data-element_type=\"widget\" data-e-type=\"widget\" data-widget_type=\"image.default\">\n\t\t\t\t<div class=\"elementor-widget-container\">\n\t\t\t\t\t\t\t\t\t\t\t\t\t\t\t<img decoding=\"async\" width=\"900\" height=\"600\" src=\"https:\/\/www.bauplay.com\/wp-content\/uploads\/2022\/08\/sp3_.jpg\" class=\"attachment-full size-full wp-image-2404\" alt=\"\" srcset=\"https:\/\/www.bauplay.com\/wp-content\/uploads\/2022\/08\/sp3_.jpg 900w, https:\/\/www.bauplay.com\/wp-content\/uploads\/2022\/08\/sp3_-300x200.jpg 300w, https:\/\/www.bauplay.com\/wp-content\/uploads\/2022\/08\/sp3_-768x512.jpg 768w, https:\/\/www.bauplay.com\/wp-content\/uploads\/2022\/08\/sp3_-18x12.jpg 18w\" sizes=\"(max-width: 900px) 100vw, 900px\" \/>\t\t\t\t\t\t\t\t\t\t\t\t\t\t\t<\/div>\n\t\t\t\t<\/div>\n\t\t\t\t\t<\/div>\n\t\t<\/div>\n\t\t\t\t<div class=\"elementor-column elementor-col-50 elementor-top-column elementor-element elementor-element-763236a\" data-id=\"763236a\" data-element_type=\"column\" data-e-type=\"column\">\n\t\t\t<div class=\"elementor-widget-wrap elementor-element-populated\">\n\t\t\t\t\t\t<div class=\"elementor-element elementor-element-acfc08a elementor-widget elementor-widget-heading\" data-id=\"acfc08a\" data-element_type=\"widget\" data-e-type=\"widget\" data-widget_type=\"heading.default\">\n\t\t\t\t<div class=\"elementor-widget-container\">\n\t\t\t\t\t<h2 class=\"elementor-heading-title elementor-size-default\">Una sfida equa<\/h2>\t\t\t\t<\/div>\n\t\t\t\t<\/div>\n\t\t\t\t<div class=\"elementor-element elementor-element-62165ab elementor-widget elementor-widget-text-editor\" data-id=\"62165ab\" data-element_type=\"widget\" data-e-type=\"widget\" data-widget_type=\"text-editor.default\">\n\t\t\t\t<div class=\"elementor-widget-container\">\n\t\t\t\t\t\t\t\t\t<p>Le dimensioni dei pezzi del gioco Bautype, ad esempio, fanno s\u00ec che possa essere utilizzato sia da bambini\/e che hanno grande abilit\u00e0 con le mani, sia da coloro che presentano qualche difficolt\u00e0 di motricit\u00e0 fine.\u00a0<\/p><p>\u00c8 una sfida equa per un gran numero di bambini e bambine, poich\u00e9 si propone come un gioco molto inclusivo.\u00a0<\/p><p>La costruzione su piano con i pezzi richieder\u00e0 anche controllo dell'impulsivit\u00e0, mentre si stimola il controllo motorio fine.<\/p>\t\t\t\t\t\t\t\t<\/div>\n\t\t\t\t<\/div>\n\t\t\t\t\t<\/div>\n\t\t<\/div>\n\t\t\t\t\t<\/div>\n\t\t<\/section>\n\t\t\t\t<\/div>","protected":false},"excerpt":{"rendered":"<p>Educa y crea > En usos terap\u00e9uticos Tanto Bautype, como otros de los juegos que puedes encontrar en Bauplay son perfectos para reforzar la orientaci\u00f3n espacial y la praxis construccional. Estos juegos ponen a prueba y ense\u00f1an la relaci\u00f3n del cuerpo del jugador con el espacio. Ayudan a calcular la distancia y el espacio mediante [&hellip;]<\/p>\n","protected":false},"author":1,"featured_media":1893,"parent":0,"menu_order":0,"comment_status":"closed","ping_status":"closed","template":"elementor_header_footer","meta":{"_acf_changed":false,"footnotes":""},"class_list":["post-2399","page","type-page","status-publish","has-post-thumbnail","hentry"],"acf":[],"yoast_head":"<!-- This site is optimized with the Yoast SEO plugin v27.3 - https:\/\/yoast.com\/product\/yoast-seo-wordpress\/ -->\n<title>En usos terap\u00e9uticos &#8226; Bauplay<\/title>\n<meta name=\"description\" content=\"Bautype es un juego tipogr\u00e1fico, educativo y art\u00edstico que fomenta la creatividad en personas de todas las edades y niveles educativos\" \/>\n<meta name=\"robots\" content=\"index, follow, max-snippet:-1, max-image-preview:large, max-video-preview:-1\" \/>\n<link rel=\"canonical\" href=\"https:\/\/www.bauplay.com\/it\/bauplay-negli-usi-terapeutici\/\" \/>\n<meta property=\"og:locale\" content=\"it_IT\" \/>\n<meta property=\"og:type\" content=\"article\" \/>\n<meta property=\"og:title\" content=\"En usos terap\u00e9uticos &#8226; Bauplay\" \/>\n<meta property=\"og:description\" content=\"Bautype es un juego tipogr\u00e1fico, educativo y art\u00edstico que fomenta la creatividad en personas de todas las edades y niveles educativos\" \/>\n<meta property=\"og:url\" content=\"https:\/\/www.bauplay.com\/it\/bauplay-negli-usi-terapeutici\/\" \/>\n<meta property=\"og:site_name\" content=\"Bauplay\" \/>\n<meta property=\"article:modified_time\" content=\"2022-08-30T12:21:22+00:00\" \/>\n<meta property=\"og:image\" content=\"https:\/\/www.bauplay.com\/wp-content\/uploads\/2022\/03\/Foto-blog-11.jpg\" \/>\n\t<meta property=\"og:image:width\" content=\"1400\" \/>\n\t<meta property=\"og:image:height\" content=\"700\" \/>\n\t<meta property=\"og:image:type\" content=\"image\/jpeg\" \/>\n<meta name=\"twitter:card\" content=\"summary_large_image\" \/>\n<meta name=\"twitter:image\" content=\"https:\/\/www.bauplay.com\/wp-content\/uploads\/2022\/03\/Foto-blog-11.jpg\" \/>\n<meta name=\"twitter:label1\" content=\"Tempo di lettura stimato\" \/>\n\t<meta name=\"twitter:data1\" content=\"3 minuti\" \/>\n<script type=\"application\/ld+json\" class=\"yoast-schema-graph\">{\"@context\":\"https:\\\/\\\/schema.org\",\"@graph\":[{\"@type\":\"WebPage\",\"@id\":\"https:\\\/\\\/www.bauplay.com\\\/cs\\\/bauplay-en-usos-terapeuticos\\\/\",\"url\":\"https:\\\/\\\/www.bauplay.com\\\/cs\\\/bauplay-en-usos-terapeuticos\\\/\",\"name\":\"En usos terap\u00e9uticos &#8226; Bauplay\",\"isPartOf\":{\"@id\":\"https:\\\/\\\/www.bauplay.com\\\/#website\"},\"primaryImageOfPage\":{\"@id\":\"https:\\\/\\\/www.bauplay.com\\\/cs\\\/bauplay-en-usos-terapeuticos\\\/#primaryimage\"},\"image\":{\"@id\":\"https:\\\/\\\/www.bauplay.com\\\/cs\\\/bauplay-en-usos-terapeuticos\\\/#primaryimage\"},\"thumbnailUrl\":\"https:\\\/\\\/www.bauplay.com\\\/wp-content\\\/uploads\\\/2022\\\/03\\\/Foto-blog-11.jpg\",\"datePublished\":\"2022-08-30T10:51:08+00:00\",\"dateModified\":\"2022-08-30T12:21:22+00:00\",\"description\":\"Bautype es un juego tipogr\u00e1fico, educativo y art\u00edstico que fomenta la creatividad en personas de todas las edades y niveles educativos\",\"breadcrumb\":{\"@id\":\"https:\\\/\\\/www.bauplay.com\\\/cs\\\/bauplay-en-usos-terapeuticos\\\/#breadcrumb\"},\"inLanguage\":\"it-IT\",\"potentialAction\":[{\"@type\":\"ReadAction\",\"target\":[\"https:\\\/\\\/www.bauplay.com\\\/cs\\\/bauplay-en-usos-terapeuticos\\\/\"]}]},{\"@type\":\"ImageObject\",\"inLanguage\":\"it-IT\",\"@id\":\"https:\\\/\\\/www.bauplay.com\\\/cs\\\/bauplay-en-usos-terapeuticos\\\/#primaryimage\",\"url\":\"https:\\\/\\\/www.bauplay.com\\\/wp-content\\\/uploads\\\/2022\\\/03\\\/Foto-blog-11.jpg\",\"contentUrl\":\"https:\\\/\\\/www.bauplay.com\\\/wp-content\\\/uploads\\\/2022\\\/03\\\/Foto-blog-11.jpg\",\"width\":1400,\"height\":700},{\"@type\":\"BreadcrumbList\",\"@id\":\"https:\\\/\\\/www.bauplay.com\\\/cs\\\/bauplay-en-usos-terapeuticos\\\/#breadcrumb\",\"itemListElement\":[{\"@type\":\"ListItem\",\"position\":1,\"name\":\"Portada\",\"item\":\"https:\\\/\\\/www.bauplay.com\\\/\"},{\"@type\":\"ListItem\",\"position\":2,\"name\":\"En usos terap\u00e9uticos\"}]},{\"@type\":\"WebSite\",\"@id\":\"https:\\\/\\\/www.bauplay.com\\\/#website\",\"url\":\"https:\\\/\\\/www.bauplay.com\\\/\",\"name\":\"Bauplay\",\"description\":\"\",\"publisher\":{\"@id\":\"https:\\\/\\\/www.bauplay.com\\\/#organization\"},\"potentialAction\":[{\"@type\":\"SearchAction\",\"target\":{\"@type\":\"EntryPoint\",\"urlTemplate\":\"https:\\\/\\\/www.bauplay.com\\\/?s={search_term_string}\"},\"query-input\":{\"@type\":\"PropertyValueSpecification\",\"valueRequired\":true,\"valueName\":\"search_term_string\"}}],\"inLanguage\":\"it-IT\"},{\"@type\":\"Organization\",\"@id\":\"https:\\\/\\\/www.bauplay.com\\\/#organization\",\"name\":\"Bauplay\",\"url\":\"https:\\\/\\\/www.bauplay.com\\\/\",\"logo\":{\"@type\":\"ImageObject\",\"inLanguage\":\"it-IT\",\"@id\":\"https:\\\/\\\/www.bauplay.com\\\/#\\\/schema\\\/logo\\\/image\\\/\",\"url\":\"https:\\\/\\\/www.bauplay.com\\\/wp-content\\\/uploads\\\/2021\\\/11\\\/Bauplay_logo.svg\",\"contentUrl\":\"https:\\\/\\\/www.bauplay.com\\\/wp-content\\\/uploads\\\/2021\\\/11\\\/Bauplay_logo.svg\",\"width\":918,\"height\":207,\"caption\":\"Bauplay\"},\"image\":{\"@id\":\"https:\\\/\\\/www.bauplay.com\\\/#\\\/schema\\\/logo\\\/image\\\/\"}}]}<\/script>\n<!-- \/ Yoast SEO plugin. -->","yoast_head_json":{"title":"Negli usi terapeutici \u2022 Bauplay","description":"Bautype \u00e8 un gioco tipografico, educativo e artistico che promuove la creativit\u00e0 in persone di tutte le et\u00e0 e livelli di istruzione","robots":{"index":"index","follow":"follow","max-snippet":"max-snippet:-1","max-image-preview":"max-image-preview:large","max-video-preview":"max-video-preview:-1"},"canonical":"https:\/\/www.bauplay.com\/it\/bauplay-negli-usi-terapeutici\/","og_locale":"it_IT","og_type":"article","og_title":"En usos terap\u00e9uticos &#8226; Bauplay","og_description":"Bautype es un juego tipogr\u00e1fico, educativo y art\u00edstico que fomenta la creatividad en personas de todas las edades y niveles educativos","og_url":"https:\/\/www.bauplay.com\/it\/bauplay-negli-usi-terapeutici\/","og_site_name":"Bauplay","article_modified_time":"2022-08-30T12:21:22+00:00","og_image":[{"width":1400,"height":700,"url":"https:\/\/www.bauplay.com\/wp-content\/uploads\/2022\/03\/Foto-blog-11.jpg","type":"image\/jpeg"}],"twitter_card":"summary_large_image","twitter_image":"https:\/\/www.bauplay.com\/wp-content\/uploads\/2022\/03\/Foto-blog-11.jpg","twitter_misc":{"Tempo di lettura stimato":"3 minuti"},"schema":{"@context":"https:\/\/schema.org","@graph":[{"@type":"WebPage","@id":"https:\/\/www.bauplay.com\/cs\/bauplay-en-usos-terapeuticos\/","url":"https:\/\/www.bauplay.com\/cs\/bauplay-en-usos-terapeuticos\/","name":"Negli usi terapeutici \u2022 Bauplay","isPartOf":{"@id":"https:\/\/www.bauplay.com\/#website"},"primaryImageOfPage":{"@id":"https:\/\/www.bauplay.com\/cs\/bauplay-en-usos-terapeuticos\/#primaryimage"},"image":{"@id":"https:\/\/www.bauplay.com\/cs\/bauplay-en-usos-terapeuticos\/#primaryimage"},"thumbnailUrl":"https:\/\/www.bauplay.com\/wp-content\/uploads\/2022\/03\/Foto-blog-11.jpg","datePublished":"2022-08-30T10:51:08+00:00","dateModified":"2022-08-30T12:21:22+00:00","description":"Bautype \u00e8 un gioco tipografico, educativo e artistico che promuove la creativit\u00e0 in persone di tutte le et\u00e0 e livelli di istruzione","breadcrumb":{"@id":"https:\/\/www.bauplay.com\/cs\/bauplay-en-usos-terapeuticos\/#breadcrumb"},"inLanguage":"it-IT","potentialAction":[{"@type":"ReadAction","target":["https:\/\/www.bauplay.com\/cs\/bauplay-en-usos-terapeuticos\/"]}]},{"@type":"ImageObject","inLanguage":"it-IT","@id":"https:\/\/www.bauplay.com\/cs\/bauplay-en-usos-terapeuticos\/#primaryimage","url":"https:\/\/www.bauplay.com\/wp-content\/uploads\/2022\/03\/Foto-blog-11.jpg","contentUrl":"https:\/\/www.bauplay.com\/wp-content\/uploads\/2022\/03\/Foto-blog-11.jpg","width":1400,"height":700},{"@type":"BreadcrumbList","@id":"https:\/\/www.bauplay.com\/cs\/bauplay-en-usos-terapeuticos\/#breadcrumb","itemListElement":[{"@type":"ListItem","position":1,"name":"Portada","item":"https:\/\/www.bauplay.com\/"},{"@type":"ListItem","position":2,"name":"En usos terap\u00e9uticos"}]},{"@type":"WebSite","@id":"https:\/\/www.bauplay.com\/#website","url":"https:\/\/www.bauplay.com\/","name":"Bauplay","description":"","publisher":{"@id":"https:\/\/www.bauplay.com\/#organization"},"potentialAction":[{"@type":"SearchAction","target":{"@type":"EntryPoint","urlTemplate":"https:\/\/www.bauplay.com\/?s={search_term_string}"},"query-input":{"@type":"PropertyValueSpecification","valueRequired":true,"valueName":"search_term_string"}}],"inLanguage":"it-IT"},{"@type":"Organization","@id":"https:\/\/www.bauplay.com\/#organization","name":"Bauplay","url":"https:\/\/www.bauplay.com\/","logo":{"@type":"ImageObject","inLanguage":"it-IT","@id":"https:\/\/www.bauplay.com\/#\/schema\/logo\/image\/","url":"https:\/\/www.bauplay.com\/wp-content\/uploads\/2021\/11\/Bauplay_logo.svg","contentUrl":"https:\/\/www.bauplay.com\/wp-content\/uploads\/2021\/11\/Bauplay_logo.svg","width":918,"height":207,"caption":"Bauplay"},"image":{"@id":"https:\/\/www.bauplay.com\/#\/schema\/logo\/image\/"}}]}},"_links":{"self":[{"href":"https:\/\/www.bauplay.com\/it\/wp-json\/wp\/v2\/pages\/2399","targetHints":{"allow":["GET"]}}],"collection":[{"href":"https:\/\/www.bauplay.com\/it\/wp-json\/wp\/v2\/pages"}],"about":[{"href":"https:\/\/www.bauplay.com\/it\/wp-json\/wp\/v2\/types\/page"}],"author":[{"embeddable":true,"href":"https:\/\/www.bauplay.com\/it\/wp-json\/wp\/v2\/users\/1"}],"replies":[{"embeddable":true,"href":"https:\/\/www.bauplay.com\/it\/wp-json\/wp\/v2\/comments?post=2399"}],"version-history":[{"count":0,"href":"https:\/\/www.bauplay.com\/it\/wp-json\/wp\/v2\/pages\/2399\/revisions"}],"wp:featuredmedia":[{"embeddable":true,"href":"https:\/\/www.bauplay.com\/it\/wp-json\/wp\/v2\/media\/1893"}],"wp:attachment":[{"href":"https:\/\/www.bauplay.com\/it\/wp-json\/wp\/v2\/media?parent=2399"}],"curies":[{"name":"wp","href":"https:\/\/api.w.org\/{rel}","templated":true}]}}