{"id":2198,"date":"2022-04-23T12:08:06","date_gmt":"2022-04-23T10:08:06","guid":{"rendered":"https:\/\/www.bauplay.com\/?page_id=2198"},"modified":"2022-12-11T23:55:06","modified_gmt":"2022-12-11T22:55:06","slug":"spedizioni-e-tempi-di-consegna","status":"publish","type":"page","link":"https:\/\/www.bauplay.com\/it\/envios-y-plazos-de-entrega\/","title":{"rendered":"Spedizioni e tempi di consegna"},"content":{"rendered":"<div data-elementor-type=\"wp-page\" data-elementor-id=\"2198\" class=\"elementor elementor-2198\" data-elementor-post-type=\"page\">\n\t\t\t\t\t\t<section class=\"elementor-section elementor-top-section elementor-element elementor-element-20bce81d elementor-section-content-middle elementor-section-full_width elementor-section-height-default elementor-section-height-default\" data-id=\"20bce81d\" data-element_type=\"section\" data-e-type=\"section\">\n\t\t\t\t\t\t<div class=\"elementor-container elementor-column-gap-no\">\n\t\t\t\t\t<div class=\"elementor-column elementor-col-100 elementor-top-column elementor-element elementor-element-cc00c06\" data-id=\"cc00c06\" data-element_type=\"column\" data-e-type=\"column\">\n\t\t\t<div class=\"elementor-widget-wrap elementor-element-populated\">\n\t\t\t\t\t\t<div class=\"elementor-element elementor-element-129ac6fb elementor-widget elementor-widget-heading\" data-id=\"129ac6fb\" data-element_type=\"widget\" data-e-type=\"widget\" data-widget_type=\"heading.default\">\n\t\t\t\t<div class=\"elementor-widget-container\">\n\t\t\t\t\t<h2 class=\"elementor-heading-title elementor-size-default\">Spedizioni e tempi di consegna<\/h2>\t\t\t\t<\/div>\n\t\t\t\t<\/div>\n\t\t\t\t\t<\/div>\n\t\t<\/div>\n\t\t\t\t\t<\/div>\n\t\t<\/section>\n\t\t\t\t<section class=\"elementor-section elementor-top-section elementor-element elementor-element-4d6ca093 elementor-section-content-top elementor-section-full_width elementor-section-height-default elementor-section-height-default\" data-id=\"4d6ca093\" data-element_type=\"section\" data-e-type=\"section\">\n\t\t\t\t\t\t<div class=\"elementor-container elementor-column-gap-no\">\n\t\t\t\t\t<div class=\"elementor-column elementor-col-50 elementor-top-column elementor-element elementor-element-34c226bd\" data-id=\"34c226bd\" data-element_type=\"column\" data-e-type=\"column\">\n\t\t\t<div class=\"elementor-widget-wrap elementor-element-populated\">\n\t\t\t\t\t\t<div class=\"elementor-element elementor-element-4a84c69a elementor-widget elementor-widget-text-editor\" data-id=\"4a84c69a\" data-element_type=\"widget\" data-e-type=\"widget\" data-widget_type=\"text-editor.default\">\n\t\t\t\t<div class=\"elementor-widget-container\">\n\t\t\t\t\t\t\t\t\t<p>In conformit\u00e0 con il punto 5 (Consegna e Rischio) dei Termini e Condizioni, in questa sezione specifichiamo dettagliatamente le opzioni di consegna e i tempi di consegna.<\/p><p>Offriamo 3 possibilit\u00e0 di consegna:<\/p><ul><li><strong>Ritiro gratuito a Barcellona citt\u00e0 (quartiere di Sants) in 48 ore<\/strong>. Se desideri ritirare il tuo ordine gratuitamente al momento del pagamento, scegli l'opzione \u00abritiro gratuito\u00bb e contattaci via e-mail <a href=\"mailto:lab@randomers.org\">lab@randomers.org<\/a> per concordare il punto di consegna conveniente.<\/li><\/ul><ul><li><strong>Spedizione in tutta la Spagna (Penisola e Baleari)<\/strong> per l'importo di 5,90 \u20ac IVA inclusa. La spedizione verr\u00e0 effettuata tramite Correos in modalit\u00e0 lettera raccomandata con tracciabilit\u00e0 per poter localizzare il pacco. I tempi di consegna abituali sono tra <strong>3-5 giorni lavorativi.<\/strong> Nel caso in cui il corriere non ti trovasse all'indirizzo di spedizione, ti verr\u00e0 lasciato un avviso nella cassetta delle lettere per ritirare il pacco presso l'ufficio postale pi\u00f9 vicino. Ti preghiamo di rispettare i tempi indicati nell'avviso, perch\u00e9 se il pacco dovesse essere restituito all'indirizzo di origine, dovrai pagare nuovamente l'importo della spedizione per poter ricevere il tuo ordine.<\/li><\/ul><ul><li style=\"list-style-type: none;\"><ul><li><strong>Spedizione in qualsiasi paese dell'Unione Europea<\/strong> per l'importo di 14,90 \u20ac IVA inclusa. La spedizione verr\u00e0 effettuata tramite Correos in modalit\u00e0 lettera raccomandata con tracciabilit\u00e0 per poter localizzare il pacco. I tempi di consegna abituali sono tra <strong>7-14 giorni lavorativi<\/strong>, poich\u00e9 dipendono dalla lontananza e dalla fluidit\u00e0 del transito del paese di destinazione. Nel caso in cui il corriere non ti trovasse all'indirizzo di spedizione, ti verr\u00e0 lasciato un avviso nella cassetta delle lettere per ritirare il pacco presso l'ufficio postale pi\u00f9 vicino. Ti preghiamo di rispettare i tempi indicati nell'avviso, perch\u00e9 se il pacco dovesse essere restituito all'indirizzo di origine, dovrai pagare nuovamente l'importo della spedizione per poter ricevere il tuo ordine.<\/li><\/ul><\/li><\/ul>\t\t\t\t\t\t\t\t<\/div>\n\t\t\t\t<\/div>\n\t\t\t\t\t<\/div>\n\t\t<\/div>\n\t\t\t\t<div class=\"elementor-column elementor-col-50 elementor-top-column elementor-element elementor-element-1221f8dd\" data-id=\"1221f8dd\" data-element_type=\"column\" data-e-type=\"column\">\n\t\t\t<div class=\"elementor-widget-wrap elementor-element-populated\">\n\t\t\t\t\t\t<div class=\"elementor-element elementor-element-4f25ac0 elementor-widget elementor-widget-text-editor\" data-id=\"4f25ac0\" data-element_type=\"widget\" data-e-type=\"widget\" data-widget_type=\"text-editor.default\">\n\t\t\t\t<div class=\"elementor-widget-container\">\n\t\t\t\t\t\t\t\t\t<p>Se desideri effettuare la spedizione verso le Isole Canarie, Ceuta e Melilla, Andorra, UK o qualsiasi altro paese al di fuori dell'Unione Europea, puoi contattarci via e-mail <a href=\"mailto:lab@randomers.org\">lab@randomers.org<\/a> e ti informeremo sulle condizioni e sui costi della spedizione.<\/p><p>* Non siamo responsabili per ritardi nel trasporto causati da scioperi, inconvenienti o cause di forza maggiore che possano verificarsi da parte di Correos o di terze parti coinvolte nelle spedizioni.\u00a0<\/p><p>* L'indirizzo di spedizione inserito dal cliente al momento dell'ordine viene automaticamente considerato corretto. In caso di errore o dati incompleti, non siamo responsabili per smarrimenti della spedizione o resi. Se rilevi un errore e il tuo ordine non \u00e8 ancora stato spedito, puoi correggerlo contattandoci il prima possibile. <\/p>\t\t\t\t\t\t\t\t<\/div>\n\t\t\t\t<\/div>\n\t\t\t\t\t<\/div>\n\t\t<\/div>\n\t\t\t\t\t<\/div>\n\t\t<\/section>\n\t\t\t\t<\/div>","protected":false},"excerpt":{"rendered":"<p>De acuerdo con el punto 5 (Entrega y Riesgo) en los T\u00e9rminos y Condiciones, en esta secci\u00f3n especificamos detalladamente las opciones de entrega y los plazos de entrega. Ofrecemos 3 posibilidades de entrega: Recogida gratuita en Barcelona ciudad (barrio de Sants) en 48 horas. Si deseas recoger tu pedido sin costes al realizar el pago [&hellip;]<\/p>\n","protected":false},"author":1,"featured_media":0,"parent":0,"menu_order":0,"comment_status":"closed","ping_status":"closed","template":"elementor_header_footer","meta":{"_acf_changed":false,"footnotes":""},"class_list":["post-2198","page","type-page","status-publish","hentry"],"acf":[],"yoast_head":"<!-- This site is optimized with the Yoast SEO plugin v27.3 - https:\/\/yoast.com\/product\/yoast-seo-wordpress\/ -->\n<title>Env\u00edos y plazos de entrega &#8226; Bauplay<\/title>\n<meta name=\"robots\" content=\"index, follow, max-snippet:-1, max-image-preview:large, max-video-preview:-1\" \/>\n<link rel=\"canonical\" href=\"https:\/\/www.bauplay.com\/it\/spedizioni-e-tempi-di-consegna\/\" \/>\n<meta property=\"og:locale\" content=\"it_IT\" \/>\n<meta property=\"og:type\" content=\"article\" \/>\n<meta property=\"og:title\" content=\"Env\u00edos y plazos de entrega &#8226; Bauplay\" \/>\n<meta property=\"og:description\" content=\"De acuerdo con el punto 5 (Entrega y Riesgo) en los T\u00e9rminos y Condiciones, en esta secci\u00f3n especificamos detalladamente las opciones de entrega y los plazos de entrega. Ofrecemos 3 posibilidades de entrega: Recogida gratuita en Barcelona ciudad (barrio de Sants) en 48 horas. Si deseas recoger tu pedido sin costes al realizar el pago [&hellip;]\" \/>\n<meta property=\"og:url\" content=\"https:\/\/www.bauplay.com\/it\/spedizioni-e-tempi-di-consegna\/\" \/>\n<meta property=\"og:site_name\" content=\"Bauplay\" \/>\n<meta property=\"article:modified_time\" content=\"2022-12-11T22:55:06+00:00\" \/>\n<meta name=\"twitter:card\" content=\"summary_large_image\" \/>\n<meta name=\"twitter:label1\" content=\"Tempo di lettura stimato\" \/>\n\t<meta name=\"twitter:data1\" content=\"2 minuti\" \/>\n<script type=\"application\/ld+json\" class=\"yoast-schema-graph\">{\"@context\":\"https:\\\/\\\/schema.org\",\"@graph\":[{\"@type\":\"WebPage\",\"@id\":\"https:\\\/\\\/www.bauplay.com\\\/cs\\\/envios-y-plazos-de-entrega\\\/\",\"url\":\"https:\\\/\\\/www.bauplay.com\\\/cs\\\/envios-y-plazos-de-entrega\\\/\",\"name\":\"Env\u00edos y plazos de entrega &#8226; Bauplay\",\"isPartOf\":{\"@id\":\"https:\\\/\\\/www.bauplay.com\\\/#website\"},\"datePublished\":\"2022-04-23T10:08:06+00:00\",\"dateModified\":\"2022-12-11T22:55:06+00:00\",\"breadcrumb\":{\"@id\":\"https:\\\/\\\/www.bauplay.com\\\/cs\\\/envios-y-plazos-de-entrega\\\/#breadcrumb\"},\"inLanguage\":\"it-IT\",\"potentialAction\":[{\"@type\":\"ReadAction\",\"target\":[\"https:\\\/\\\/www.bauplay.com\\\/cs\\\/envios-y-plazos-de-entrega\\\/\"]}]},{\"@type\":\"BreadcrumbList\",\"@id\":\"https:\\\/\\\/www.bauplay.com\\\/cs\\\/envios-y-plazos-de-entrega\\\/#breadcrumb\",\"itemListElement\":[{\"@type\":\"ListItem\",\"position\":1,\"name\":\"Portada\",\"item\":\"https:\\\/\\\/www.bauplay.com\\\/\"},{\"@type\":\"ListItem\",\"position\":2,\"name\":\"Env\u00edos y plazos de entrega\"}]},{\"@type\":\"WebSite\",\"@id\":\"https:\\\/\\\/www.bauplay.com\\\/#website\",\"url\":\"https:\\\/\\\/www.bauplay.com\\\/\",\"name\":\"Bauplay\",\"description\":\"\",\"publisher\":{\"@id\":\"https:\\\/\\\/www.bauplay.com\\\/#organization\"},\"potentialAction\":[{\"@type\":\"SearchAction\",\"target\":{\"@type\":\"EntryPoint\",\"urlTemplate\":\"https:\\\/\\\/www.bauplay.com\\\/?s={search_term_string}\"},\"query-input\":{\"@type\":\"PropertyValueSpecification\",\"valueRequired\":true,\"valueName\":\"search_term_string\"}}],\"inLanguage\":\"it-IT\"},{\"@type\":\"Organization\",\"@id\":\"https:\\\/\\\/www.bauplay.com\\\/#organization\",\"name\":\"Bauplay\",\"url\":\"https:\\\/\\\/www.bauplay.com\\\/\",\"logo\":{\"@type\":\"ImageObject\",\"inLanguage\":\"it-IT\",\"@id\":\"https:\\\/\\\/www.bauplay.com\\\/#\\\/schema\\\/logo\\\/image\\\/\",\"url\":\"https:\\\/\\\/www.bauplay.com\\\/wp-content\\\/uploads\\\/2021\\\/11\\\/Bauplay_logo.svg\",\"contentUrl\":\"https:\\\/\\\/www.bauplay.com\\\/wp-content\\\/uploads\\\/2021\\\/11\\\/Bauplay_logo.svg\",\"width\":918,\"height\":207,\"caption\":\"Bauplay\"},\"image\":{\"@id\":\"https:\\\/\\\/www.bauplay.com\\\/#\\\/schema\\\/logo\\\/image\\\/\"}}]}<\/script>\n<!-- \/ Yoast SEO plugin. -->","yoast_head_json":{"title":"Spedizioni e tempi di consegna \u2022 Bauplay","robots":{"index":"index","follow":"follow","max-snippet":"max-snippet:-1","max-image-preview":"max-image-preview:large","max-video-preview":"max-video-preview:-1"},"canonical":"https:\/\/www.bauplay.com\/it\/spedizioni-e-tempi-di-consegna\/","og_locale":"it_IT","og_type":"article","og_title":"Env\u00edos y plazos de entrega &#8226; Bauplay","og_description":"De acuerdo con el punto 5 (Entrega y Riesgo) en los T\u00e9rminos y Condiciones, en esta secci\u00f3n especificamos detalladamente las opciones de entrega y los plazos de entrega. Ofrecemos 3 posibilidades de entrega: Recogida gratuita en Barcelona ciudad (barrio de Sants) en 48 horas. Si deseas recoger tu pedido sin costes al realizar el pago [&hellip;]","og_url":"https:\/\/www.bauplay.com\/it\/spedizioni-e-tempi-di-consegna\/","og_site_name":"Bauplay","article_modified_time":"2022-12-11T22:55:06+00:00","twitter_card":"summary_large_image","twitter_misc":{"Tempo di lettura stimato":"2 minuti"},"schema":{"@context":"https:\/\/schema.org","@graph":[{"@type":"WebPage","@id":"https:\/\/www.bauplay.com\/cs\/envios-y-plazos-de-entrega\/","url":"https:\/\/www.bauplay.com\/cs\/envios-y-plazos-de-entrega\/","name":"Spedizioni e tempi di consegna \u2022 Bauplay","isPartOf":{"@id":"https:\/\/www.bauplay.com\/#website"},"datePublished":"2022-04-23T10:08:06+00:00","dateModified":"2022-12-11T22:55:06+00:00","breadcrumb":{"@id":"https:\/\/www.bauplay.com\/cs\/envios-y-plazos-de-entrega\/#breadcrumb"},"inLanguage":"it-IT","potentialAction":[{"@type":"ReadAction","target":["https:\/\/www.bauplay.com\/cs\/envios-y-plazos-de-entrega\/"]}]},{"@type":"BreadcrumbList","@id":"https:\/\/www.bauplay.com\/cs\/envios-y-plazos-de-entrega\/#breadcrumb","itemListElement":[{"@type":"ListItem","position":1,"name":"Portada","item":"https:\/\/www.bauplay.com\/"},{"@type":"ListItem","position":2,"name":"Env\u00edos y plazos de entrega"}]},{"@type":"WebSite","@id":"https:\/\/www.bauplay.com\/#website","url":"https:\/\/www.bauplay.com\/","name":"Bauplay","description":"","publisher":{"@id":"https:\/\/www.bauplay.com\/#organization"},"potentialAction":[{"@type":"SearchAction","target":{"@type":"EntryPoint","urlTemplate":"https:\/\/www.bauplay.com\/?s={search_term_string}"},"query-input":{"@type":"PropertyValueSpecification","valueRequired":true,"valueName":"search_term_string"}}],"inLanguage":"it-IT"},{"@type":"Organization","@id":"https:\/\/www.bauplay.com\/#organization","name":"Bauplay","url":"https:\/\/www.bauplay.com\/","logo":{"@type":"ImageObject","inLanguage":"it-IT","@id":"https:\/\/www.bauplay.com\/#\/schema\/logo\/image\/","url":"https:\/\/www.bauplay.com\/wp-content\/uploads\/2021\/11\/Bauplay_logo.svg","contentUrl":"https:\/\/www.bauplay.com\/wp-content\/uploads\/2021\/11\/Bauplay_logo.svg","width":918,"height":207,"caption":"Bauplay"},"image":{"@id":"https:\/\/www.bauplay.com\/#\/schema\/logo\/image\/"}}]}},"_links":{"self":[{"href":"https:\/\/www.bauplay.com\/it\/wp-json\/wp\/v2\/pages\/2198","targetHints":{"allow":["GET"]}}],"collection":[{"href":"https:\/\/www.bauplay.com\/it\/wp-json\/wp\/v2\/pages"}],"about":[{"href":"https:\/\/www.bauplay.com\/it\/wp-json\/wp\/v2\/types\/page"}],"author":[{"embeddable":true,"href":"https:\/\/www.bauplay.com\/it\/wp-json\/wp\/v2\/users\/1"}],"replies":[{"embeddable":true,"href":"https:\/\/www.bauplay.com\/it\/wp-json\/wp\/v2\/comments?post=2198"}],"version-history":[{"count":0,"href":"https:\/\/www.bauplay.com\/it\/wp-json\/wp\/v2\/pages\/2198\/revisions"}],"wp:attachment":[{"href":"https:\/\/www.bauplay.com\/it\/wp-json\/wp\/v2\/media?parent=2198"}],"curies":[{"name":"wp","href":"https:\/\/api.w.org\/{rel}","templated":true}]}}