{"id":280,"date":"2021-12-12T19:35:05","date_gmt":"2021-12-12T18:35:05","guid":{"rendered":"https:\/\/www.bauplay.com\/?post_type=product&#038;p=280"},"modified":"2026-03-02T14:58:41","modified_gmt":"2026-03-02T13:58:41","slug":"bautype-typography-game","status":"publish","type":"product","link":"https:\/\/www.bauplay.com\/en\/producto\/bautype-juego-tipografico\/","title":{"rendered":"Bautype"},"content":{"rendered":"<p class=\"translation-block\">Bautype typographic game is suitable for children from <strong>4 years old<\/strong> to any age.<\/p>\n<p class=\"translation-block\">\u00b7 <strong>54 wooden MDF pieces<\/strong> hand-painted with eco-friendly paint certified for use with children.<\/p>\n<ul>\n<li>The pieces are laser-cut and have a thickness of 2.5 mm<\/li>\n<li>The largest piece measures 14 cm<\/li>\n<li>The smallest piece measures 2 cm<\/li>\n<li class=\"translation-block\">It is recommended to have <strong>adult supervision<\/strong> during playtime<\/li>\n<\/ul>\n<p>&nbsp;<\/p>\n<p class=\"translation-block\">\u00b7 <strong>26 educational cards<\/strong> with the letters of the alphabet and artistic concepts, artworks, or artists related to each of them<\/p>\n<ul>\n<li>Double-sided cards: on the front, the letter with the Bautype typography to be constructed; on the back, the concept with a brief explanatory text and a challenge<\/li>\n<li>The proposed challenges can be creative (building with the pieces, painting, etc.) or involve debate<\/li>\n<li>There are no wrong answers, creativity is alive!<\/li>\n<\/ul>\n<pre><span class=\"Y2IQFc\" lang=\"es\">Educate, Develop, Capture attention! Each child studies colors, geometric shapes, learns to count, developing visual and tactile coordination. All this is part of the game and learning. Each of the<\/span><span class=\"Y2IQFc\" lang=\"es\"> elements is intended for the development of the small motor skills. <\/span><span class=\"Y2IQFc\" lang=\"es\">Our toys give each child the opportunity to work independently, at their own pace, and to use their creativity. <\/span><\/pre>\n<p style=\"text-align: center;\"><a href=\"https:\/\/www.bauplay.com\/en\/educa-y-crea\/\"><img decoding=\"async\" class=\"alignnone\" src=\"https:\/\/www.bauplay.com\/wp-content\/uploads\/2022\/10\/EyC.png\" alt=\"Educate &amp; Create\" width=\"178\" height=\"118\" \/><\/a><\/p>\n<p>We apply active methodologies because in order to learn, it is necessary to live and experience it. All Bauplay\u00ae branded games enhance multiple intelligences and follow the principles of the <strong>child-centred education<\/strong>, as in the Reggio Emilia, Pikler, Waldorf or <a href=\"https:\/\/es.wikipedia.org\/wiki\/M%C3%A9todo_Montessori\" target=\"_blank\" rel=\"noopener\">Montessori<\/a> (with their respective differences).<\/p>","protected":false},"excerpt":{"rendered":"<p class=\"translation-block\">Bautype is a typographic and creative game that consists of constructing all the letters of the alphabet or other shapes using geometric wooden pieces painted in four basic colors (red, blue, yellow, and black). It contains 54 pieces of different shapes and sizes derived from a typeface, created by Eva Kaluzova, inspired by the <a href=\"https:\/\/en.wikipedia.org\/wiki\/Bauhaus\" target=\"_blank\" rel=\"noopener\">Bauhaus <\/a> design school. An educational game that also includes 26 educational cards that introduce little ones to the world of art and creativity. It has endless play possibilities, such as building, copying, drawing, and completing challenges. It promotes fine motor skills, concentration, memory, logical and creative thinking, etc.<\/p>\n<p>&nbsp;<\/p>\n<p><a href=\"https:\/\/www.bauplay.com\/en\/bautype\/\">Know more about Bautype<\/a><\/p>","protected":false},"featured_media":3077,"comment_status":"open","ping_status":"closed","template":"","meta":{"_acf_changed":false},"product_brand":[],"product_cat":[46,21],"product_tag":[102,68,101,109,107,108,96,89,34,88,64,67,104,106,105,87,66,62,65,103,60,52,85,86,91,90,53,59,55,54],"class_list":{"0":"post-280","1":"product","2":"type-product","3":"status-publish","4":"has-post-thumbnail","6":"product_cat-bautype","7":"product_cat-juegos","8":"product_tag-abecedario","9":"product_tag-aprender-jugando","10":"product_tag-arte","11":"product_tag-bauhaus","12":"product_tag-colores","13":"product_tag-colores-basicos","14":"product_tag-concentracion","15":"product_tag-creatividad","16":"product_tag-destacado","17":"product_tag-destreza","18":"product_tag-educacion","19":"product_tag-fabricado-en-eu","20":"product_tag-formas","21":"product_tag-formas-geometricas","22":"product_tag-geometria","23":"product_tag-imaginacion","24":"product_tag-juguetes-artesanos","25":"product_tag-juguetes-de-madera","26":"product_tag-juguetes-sostenibles","27":"product_tag-letras","28":"product_tag-material-manipulativo","29":"product_tag-montessori","30":"product_tag-motricidad","31":"product_tag-motricidad-fina","32":"product_tag-paciencia","33":"product_tag-pensamiento-logico","34":"product_tag-pikler","35":"product_tag-primera-infancia","36":"product_tag-reggio-emilia","37":"product_tag-waldorf","39":"first","40":"instock","41":"purchasable","42":"product-type-variable"},"acf":[],"yoast_head":"<!-- This site is optimized with the Yoast SEO plugin v27.3 - https:\/\/yoast.com\/product\/yoast-seo-wordpress\/ -->\n<title>Bautype, juego tipogr\u00e1fico educativo &#8226; Bauplay<\/title>\n<meta name=\"description\" content=\"Bautype juego tipogr\u00e1fico fomenta a aprender abecedario, construir con piezas geom\u00e9tricas, dibujar retos, aprender sobre el arte y ser creativo sin l\u00edmites.\" \/>\n<meta name=\"robots\" content=\"index, follow, max-snippet:-1, max-image-preview:large, max-video-preview:-1\" \/>\n<link rel=\"canonical\" href=\"https:\/\/www.bauplay.com\/en\/product-2\/bautype-typography-game\/\" \/>\n<meta property=\"og:locale\" content=\"en_GB\" \/>\n<meta property=\"og:type\" content=\"article\" \/>\n<meta property=\"og:title\" content=\"Bautype, juego tipogr\u00e1fico educativo &#8226; Bauplay\" \/>\n<meta property=\"og:description\" content=\"Bautype juego tipogr\u00e1fico fomenta a aprender abecedario, construir con piezas geom\u00e9tricas, dibujar retos, aprender sobre el arte y ser creativo sin l\u00edmites.\" \/>\n<meta property=\"og:url\" content=\"https:\/\/www.bauplay.com\/en\/product-2\/bautype-typography-game\/\" \/>\n<meta property=\"og:site_name\" content=\"Bauplay\" \/>\n<meta property=\"article:modified_time\" content=\"2026-03-02T13:58:41+00:00\" \/>\n<meta property=\"og:image\" content=\"https:\/\/www.bauplay.com\/wp-content\/uploads\/2021\/12\/Bautype-2.jpg\" \/>\n\t<meta property=\"og:image:width\" content=\"1200\" \/>\n\t<meta property=\"og:image:height\" content=\"1200\" \/>\n\t<meta property=\"og:image:type\" content=\"image\/jpeg\" \/>\n<meta name=\"twitter:card\" content=\"summary_large_image\" \/>\n<meta name=\"twitter:label1\" content=\"Estimated reading time\" \/>\n\t<meta name=\"twitter:data1\" content=\"1 minute\" \/>\n<script type=\"application\/ld+json\" class=\"yoast-schema-graph\">{\"@context\":\"https:\\\/\\\/schema.org\",\"@graph\":[{\"@type\":\"WebPage\",\"@id\":\"https:\\\/\\\/www.bauplay.com\\\/producto\\\/bautype-juego-tipografico\\\/\",\"url\":\"https:\\\/\\\/www.bauplay.com\\\/producto\\\/bautype-juego-tipografico\\\/\",\"name\":\"Bautype, juego tipogr\u00e1fico educativo &#8226; Bauplay\",\"isPartOf\":{\"@id\":\"https:\\\/\\\/www.bauplay.com\\\/#website\"},\"primaryImageOfPage\":{\"@id\":\"https:\\\/\\\/www.bauplay.com\\\/producto\\\/bautype-juego-tipografico\\\/#primaryimage\"},\"image\":{\"@id\":\"https:\\\/\\\/www.bauplay.com\\\/producto\\\/bautype-juego-tipografico\\\/#primaryimage\"},\"thumbnailUrl\":\"https:\\\/\\\/www.bauplay.com\\\/wp-content\\\/uploads\\\/2021\\\/12\\\/Bautype-2.jpg\",\"datePublished\":\"2021-12-12T18:35:05+00:00\",\"dateModified\":\"2026-03-02T13:58:41+00:00\",\"description\":\"Bautype juego tipogr\u00e1fico fomenta a aprender abecedario, construir con piezas geom\u00e9tricas, dibujar retos, aprender sobre el arte y ser creativo sin l\u00edmites.\",\"breadcrumb\":{\"@id\":\"https:\\\/\\\/www.bauplay.com\\\/producto\\\/bautype-juego-tipografico\\\/#breadcrumb\"},\"inLanguage\":\"en-GB\",\"potentialAction\":[{\"@type\":\"ReadAction\",\"target\":[\"https:\\\/\\\/www.bauplay.com\\\/producto\\\/bautype-juego-tipografico\\\/\"]}]},{\"@type\":\"ImageObject\",\"inLanguage\":\"en-GB\",\"@id\":\"https:\\\/\\\/www.bauplay.com\\\/producto\\\/bautype-juego-tipografico\\\/#primaryimage\",\"url\":\"https:\\\/\\\/www.bauplay.com\\\/wp-content\\\/uploads\\\/2021\\\/12\\\/Bautype-2.jpg\",\"contentUrl\":\"https:\\\/\\\/www.bauplay.com\\\/wp-content\\\/uploads\\\/2021\\\/12\\\/Bautype-2.jpg\",\"width\":1200,\"height\":1200},{\"@type\":\"BreadcrumbList\",\"@id\":\"https:\\\/\\\/www.bauplay.com\\\/producto\\\/bautype-juego-tipografico\\\/#breadcrumb\",\"itemListElement\":[{\"@type\":\"ListItem\",\"position\":1,\"name\":\"Portada\",\"item\":\"https:\\\/\\\/www.bauplay.com\\\/\"},{\"@type\":\"ListItem\",\"position\":2,\"name\":\"Tienda\",\"item\":\"https:\\\/\\\/www.bauplay.com\\\/tienda\\\/\"},{\"@type\":\"ListItem\",\"position\":3,\"name\":\"Bautype\"}]},{\"@type\":\"WebSite\",\"@id\":\"https:\\\/\\\/www.bauplay.com\\\/#website\",\"url\":\"https:\\\/\\\/www.bauplay.com\\\/\",\"name\":\"Bauplay\",\"description\":\"\",\"publisher\":{\"@id\":\"https:\\\/\\\/www.bauplay.com\\\/#organization\"},\"potentialAction\":[{\"@type\":\"SearchAction\",\"target\":{\"@type\":\"EntryPoint\",\"urlTemplate\":\"https:\\\/\\\/www.bauplay.com\\\/?s={search_term_string}\"},\"query-input\":{\"@type\":\"PropertyValueSpecification\",\"valueRequired\":true,\"valueName\":\"search_term_string\"}}],\"inLanguage\":\"en-GB\"},{\"@type\":\"Organization\",\"@id\":\"https:\\\/\\\/www.bauplay.com\\\/#organization\",\"name\":\"Bauplay\",\"url\":\"https:\\\/\\\/www.bauplay.com\\\/\",\"logo\":{\"@type\":\"ImageObject\",\"inLanguage\":\"en-GB\",\"@id\":\"https:\\\/\\\/www.bauplay.com\\\/#\\\/schema\\\/logo\\\/image\\\/\",\"url\":\"https:\\\/\\\/www.bauplay.com\\\/wp-content\\\/uploads\\\/2021\\\/11\\\/Bauplay_logo.svg\",\"contentUrl\":\"https:\\\/\\\/www.bauplay.com\\\/wp-content\\\/uploads\\\/2021\\\/11\\\/Bauplay_logo.svg\",\"width\":918,\"height\":207,\"caption\":\"Bauplay\"},\"image\":{\"@id\":\"https:\\\/\\\/www.bauplay.com\\\/#\\\/schema\\\/logo\\\/image\\\/\"}}]}<\/script>\n<!-- \/ Yoast SEO plugin. -->","yoast_head_json":{"title":"Bautype, educational typographic game - Bauplay","description":"Bautype typography game encourages learning the alphabet, building with geometric pieces, drawing challenges, learning about art and being creative without limits.","robots":{"index":"index","follow":"follow","max-snippet":"max-snippet:-1","max-image-preview":"max-image-preview:large","max-video-preview":"max-video-preview:-1"},"canonical":"https:\/\/www.bauplay.com\/en\/product-2\/bautype-typography-game\/","og_locale":"en_GB","og_type":"article","og_title":"Bautype, juego tipogr\u00e1fico educativo &#8226; Bauplay","og_description":"Bautype juego tipogr\u00e1fico fomenta a aprender abecedario, construir con piezas geom\u00e9tricas, dibujar retos, aprender sobre el arte y ser creativo sin l\u00edmites.","og_url":"https:\/\/www.bauplay.com\/en\/product-2\/bautype-typography-game\/","og_site_name":"Bauplay","article_modified_time":"2026-03-02T13:58:41+00:00","og_image":[{"width":1200,"height":1200,"url":"https:\/\/www.bauplay.com\/wp-content\/uploads\/2021\/12\/Bautype-2.jpg","type":"image\/jpeg"}],"twitter_card":"summary_large_image","twitter_misc":{"Estimated reading time":"1 minute"},"schema":{"@context":"https:\/\/schema.org","@graph":[{"@type":"WebPage","@id":"https:\/\/www.bauplay.com\/producto\/bautype-juego-tipografico\/","url":"https:\/\/www.bauplay.com\/producto\/bautype-juego-tipografico\/","name":"Bautype, educational typographic game - Bauplay","isPartOf":{"@id":"https:\/\/www.bauplay.com\/#website"},"primaryImageOfPage":{"@id":"https:\/\/www.bauplay.com\/producto\/bautype-juego-tipografico\/#primaryimage"},"image":{"@id":"https:\/\/www.bauplay.com\/producto\/bautype-juego-tipografico\/#primaryimage"},"thumbnailUrl":"https:\/\/www.bauplay.com\/wp-content\/uploads\/2021\/12\/Bautype-2.jpg","datePublished":"2021-12-12T18:35:05+00:00","dateModified":"2026-03-02T13:58:41+00:00","description":"Bautype typography game encourages learning the alphabet, building with geometric pieces, drawing challenges, learning about art and being creative without limits.","breadcrumb":{"@id":"https:\/\/www.bauplay.com\/producto\/bautype-juego-tipografico\/#breadcrumb"},"inLanguage":"en-GB","potentialAction":[{"@type":"ReadAction","target":["https:\/\/www.bauplay.com\/producto\/bautype-juego-tipografico\/"]}]},{"@type":"ImageObject","inLanguage":"en-GB","@id":"https:\/\/www.bauplay.com\/producto\/bautype-juego-tipografico\/#primaryimage","url":"https:\/\/www.bauplay.com\/wp-content\/uploads\/2021\/12\/Bautype-2.jpg","contentUrl":"https:\/\/www.bauplay.com\/wp-content\/uploads\/2021\/12\/Bautype-2.jpg","width":1200,"height":1200},{"@type":"BreadcrumbList","@id":"https:\/\/www.bauplay.com\/producto\/bautype-juego-tipografico\/#breadcrumb","itemListElement":[{"@type":"ListItem","position":1,"name":"Portada","item":"https:\/\/www.bauplay.com\/"},{"@type":"ListItem","position":2,"name":"Tienda","item":"https:\/\/www.bauplay.com\/tienda\/"},{"@type":"ListItem","position":3,"name":"Bautype"}]},{"@type":"WebSite","@id":"https:\/\/www.bauplay.com\/#website","url":"https:\/\/www.bauplay.com\/","name":"Bauplay","description":"","publisher":{"@id":"https:\/\/www.bauplay.com\/#organization"},"potentialAction":[{"@type":"SearchAction","target":{"@type":"EntryPoint","urlTemplate":"https:\/\/www.bauplay.com\/?s={search_term_string}"},"query-input":{"@type":"PropertyValueSpecification","valueRequired":true,"valueName":"search_term_string"}}],"inLanguage":"en-GB"},{"@type":"Organization","@id":"https:\/\/www.bauplay.com\/#organization","name":"Bauplay","url":"https:\/\/www.bauplay.com\/","logo":{"@type":"ImageObject","inLanguage":"en-GB","@id":"https:\/\/www.bauplay.com\/#\/schema\/logo\/image\/","url":"https:\/\/www.bauplay.com\/wp-content\/uploads\/2021\/11\/Bauplay_logo.svg","contentUrl":"https:\/\/www.bauplay.com\/wp-content\/uploads\/2021\/11\/Bauplay_logo.svg","width":918,"height":207,"caption":"Bauplay"},"image":{"@id":"https:\/\/www.bauplay.com\/#\/schema\/logo\/image\/"}}]}},"_links":{"self":[{"href":"https:\/\/www.bauplay.com\/en\/wp-json\/wp\/v2\/product\/280","targetHints":{"allow":["GET"]}}],"collection":[{"href":"https:\/\/www.bauplay.com\/en\/wp-json\/wp\/v2\/product"}],"about":[{"href":"https:\/\/www.bauplay.com\/en\/wp-json\/wp\/v2\/types\/product"}],"replies":[{"embeddable":true,"href":"https:\/\/www.bauplay.com\/en\/wp-json\/wp\/v2\/comments?post=280"}],"wp:featuredmedia":[{"embeddable":true,"href":"https:\/\/www.bauplay.com\/en\/wp-json\/wp\/v2\/media\/3077"}],"wp:attachment":[{"href":"https:\/\/www.bauplay.com\/en\/wp-json\/wp\/v2\/media?parent=280"}],"wp:term":[{"taxonomy":"product_brand","embeddable":true,"href":"https:\/\/www.bauplay.com\/en\/wp-json\/wp\/v2\/product_brand?post=280"},{"taxonomy":"product_cat","embeddable":true,"href":"https:\/\/www.bauplay.com\/en\/wp-json\/wp\/v2\/product_cat?post=280"},{"taxonomy":"product_tag","embeddable":true,"href":"https:\/\/www.bauplay.com\/en\/wp-json\/wp\/v2\/product_tag?post=280"}],"curies":[{"name":"wp","href":"https:\/\/api.w.org\/{rel}","templated":true}]}}