{"id":2580,"date":"2022-10-25T13:43:01","date_gmt":"2022-10-25T11:43:01","guid":{"rendered":"https:\/\/www.bauplay.com\/?post_type=product&#038;p=2580"},"modified":"2025-02-24T19:24:27","modified_gmt":"2025-02-24T18:24:27","slug":"bautype-maker","status":"publish","type":"product","link":"https:\/\/www.bauplay.com\/en\/producto\/bautype-maker\/","title":{"rendered":"Bautype MAKER"},"content":{"rendered":"<p>The pieces of each letter made with the typeface on which Bautype is based come separately in a wooden box. The \u201cmaker\u201d adventure begins when you have to cut or break the fastening of each piece, file the pieces, build the letters and paint them to your liking using the paints that are included. Apart from the creative painting, you can participate in the whole process of building and creating the typography. For those who like to do it their own way and from scratch. An unforgettable experience of how to work on your project in a small workshop at home.<\/p>\n<p style=\"text-align: center;\"><img decoding=\"async\" src=\"https:\/\/www.bauplay.com\/wp-content\/uploads\/2022\/10\/EyC.png\" width=\"100px\" \/><\/p>\n<p>To learn, you have to live it, feel it, touch it! With Bautype Maker we work on multiple skills, especially reading and writing, fine motor skills and 2D and 3D construction. Perfect for working with the active methodology of Project Based Learning (PBL).<\/p>","protected":false},"excerpt":{"rendered":"<p>The MAKER version of the Bautype game is an authentic experience to learn how to work with wood, paint it and create your name to place on your bedroom door, bookshelf or as a decoration. You will learn how to build your name with Bautype typography made with your own hands using the included wood pieces, file and brush paints.<\/p>","protected":false},"featured_media":2638,"comment_status":"open","ping_status":"closed","template":"","meta":{"_acf_changed":false},"product_brand":[],"product_cat":[46,21],"product_tag":[34],"class_list":{"0":"post-2580","1":"product","2":"type-product","3":"status-publish","4":"has-post-thumbnail","6":"product_cat-bautype","7":"product_cat-juegos","8":"product_tag-destacado","10":"first","11":"instock","12":"purchasable","13":"product-type-variable"},"acf":[],"yoast_head":"<!-- This site is optimized with the Yoast SEO plugin v27.3 - https:\/\/yoast.com\/product\/yoast-seo-wordpress\/ -->\n<title>Bautype MAKER &#8226; Bauplay<\/title>\n<meta name=\"robots\" content=\"index, follow, max-snippet:-1, max-image-preview:large, max-video-preview:-1\" \/>\n<link rel=\"canonical\" href=\"https:\/\/www.bauplay.com\/en\/product-2\/bautype-maker\/\" \/>\n<meta property=\"og:locale\" content=\"en_GB\" \/>\n<meta property=\"og:type\" content=\"article\" \/>\n<meta property=\"og:title\" content=\"Bautype MAKER &#8226; Bauplay\" \/>\n<meta property=\"og:description\" content=\"La versi\u00f3n MAKER del juego Bautype es una experiencia aut\u00e9ntica para aprender a trabajar la madera, pintarla y as\u00ed crear su nombre para colocarlo en la puerta de su habitaci\u00f3n, estanter\u00eda o como una decoraci\u00f3n. Aprender\u00e1s a construir tu nombre con la tipograf\u00eda de Bautype hecho con tus propias manos utilizando las piezas de madera, la lima y las pinturas con pincel que vienen incluidas.\" \/>\n<meta property=\"og:url\" content=\"https:\/\/www.bauplay.com\/en\/product-2\/bautype-maker\/\" \/>\n<meta property=\"og:site_name\" content=\"Bauplay\" \/>\n<meta property=\"article:modified_time\" content=\"2025-02-24T18:24:27+00:00\" \/>\n<meta property=\"og:image\" content=\"https:\/\/www.bauplay.com\/wp-content\/uploads\/2022\/10\/Bautype-maker-01.jpg\" \/>\n\t<meta property=\"og:image:width\" content=\"1200\" \/>\n\t<meta property=\"og:image:height\" content=\"1200\" \/>\n\t<meta property=\"og:image:type\" content=\"image\/jpeg\" \/>\n<meta name=\"twitter:card\" content=\"summary_large_image\" \/>\n<meta name=\"twitter:label1\" content=\"Estimated reading time\" \/>\n\t<meta name=\"twitter:data1\" content=\"1 minute\" \/>\n<script type=\"application\/ld+json\" class=\"yoast-schema-graph\">{\"@context\":\"https:\\\/\\\/schema.org\",\"@graph\":[{\"@type\":\"WebPage\",\"@id\":\"https:\\\/\\\/www.bauplay.com\\\/producto\\\/bautype-maker\\\/\",\"url\":\"https:\\\/\\\/www.bauplay.com\\\/producto\\\/bautype-maker\\\/\",\"name\":\"Bautype MAKER &#8226; Bauplay\",\"isPartOf\":{\"@id\":\"https:\\\/\\\/www.bauplay.com\\\/#website\"},\"primaryImageOfPage\":{\"@id\":\"https:\\\/\\\/www.bauplay.com\\\/producto\\\/bautype-maker\\\/#primaryimage\"},\"image\":{\"@id\":\"https:\\\/\\\/www.bauplay.com\\\/producto\\\/bautype-maker\\\/#primaryimage\"},\"thumbnailUrl\":\"https:\\\/\\\/www.bauplay.com\\\/wp-content\\\/uploads\\\/2022\\\/10\\\/Bautype-maker-01.jpg\",\"datePublished\":\"2022-10-25T11:43:01+00:00\",\"dateModified\":\"2025-02-24T18:24:27+00:00\",\"breadcrumb\":{\"@id\":\"https:\\\/\\\/www.bauplay.com\\\/producto\\\/bautype-maker\\\/#breadcrumb\"},\"inLanguage\":\"en-GB\",\"potentialAction\":[{\"@type\":\"ReadAction\",\"target\":[\"https:\\\/\\\/www.bauplay.com\\\/producto\\\/bautype-maker\\\/\"]}]},{\"@type\":\"ImageObject\",\"inLanguage\":\"en-GB\",\"@id\":\"https:\\\/\\\/www.bauplay.com\\\/producto\\\/bautype-maker\\\/#primaryimage\",\"url\":\"https:\\\/\\\/www.bauplay.com\\\/wp-content\\\/uploads\\\/2022\\\/10\\\/Bautype-maker-01.jpg\",\"contentUrl\":\"https:\\\/\\\/www.bauplay.com\\\/wp-content\\\/uploads\\\/2022\\\/10\\\/Bautype-maker-01.jpg\",\"width\":1200,\"height\":1200},{\"@type\":\"BreadcrumbList\",\"@id\":\"https:\\\/\\\/www.bauplay.com\\\/producto\\\/bautype-maker\\\/#breadcrumb\",\"itemListElement\":[{\"@type\":\"ListItem\",\"position\":1,\"name\":\"Portada\",\"item\":\"https:\\\/\\\/www.bauplay.com\\\/\"},{\"@type\":\"ListItem\",\"position\":2,\"name\":\"Tienda\",\"item\":\"https:\\\/\\\/www.bauplay.com\\\/tienda\\\/\"},{\"@type\":\"ListItem\",\"position\":3,\"name\":\"Bautype MAKER\"}]},{\"@type\":\"WebSite\",\"@id\":\"https:\\\/\\\/www.bauplay.com\\\/#website\",\"url\":\"https:\\\/\\\/www.bauplay.com\\\/\",\"name\":\"Bauplay\",\"description\":\"\",\"publisher\":{\"@id\":\"https:\\\/\\\/www.bauplay.com\\\/#organization\"},\"potentialAction\":[{\"@type\":\"SearchAction\",\"target\":{\"@type\":\"EntryPoint\",\"urlTemplate\":\"https:\\\/\\\/www.bauplay.com\\\/?s={search_term_string}\"},\"query-input\":{\"@type\":\"PropertyValueSpecification\",\"valueRequired\":true,\"valueName\":\"search_term_string\"}}],\"inLanguage\":\"en-GB\"},{\"@type\":\"Organization\",\"@id\":\"https:\\\/\\\/www.bauplay.com\\\/#organization\",\"name\":\"Bauplay\",\"url\":\"https:\\\/\\\/www.bauplay.com\\\/\",\"logo\":{\"@type\":\"ImageObject\",\"inLanguage\":\"en-GB\",\"@id\":\"https:\\\/\\\/www.bauplay.com\\\/#\\\/schema\\\/logo\\\/image\\\/\",\"url\":\"https:\\\/\\\/www.bauplay.com\\\/wp-content\\\/uploads\\\/2021\\\/11\\\/Bauplay_logo.svg\",\"contentUrl\":\"https:\\\/\\\/www.bauplay.com\\\/wp-content\\\/uploads\\\/2021\\\/11\\\/Bauplay_logo.svg\",\"width\":918,\"height\":207,\"caption\":\"Bauplay\"},\"image\":{\"@id\":\"https:\\\/\\\/www.bauplay.com\\\/#\\\/schema\\\/logo\\\/image\\\/\"}}]}<\/script>\n<!-- \/ Yoast SEO plugin. -->","yoast_head_json":{"title":"Bautype MAKER - Bauplay","robots":{"index":"index","follow":"follow","max-snippet":"max-snippet:-1","max-image-preview":"max-image-preview:large","max-video-preview":"max-video-preview:-1"},"canonical":"https:\/\/www.bauplay.com\/en\/product-2\/bautype-maker\/","og_locale":"en_GB","og_type":"article","og_title":"Bautype MAKER &#8226; Bauplay","og_description":"La versi\u00f3n MAKER del juego Bautype es una experiencia aut\u00e9ntica para aprender a trabajar la madera, pintarla y as\u00ed crear su nombre para colocarlo en la puerta de su habitaci\u00f3n, estanter\u00eda o como una decoraci\u00f3n. Aprender\u00e1s a construir tu nombre con la tipograf\u00eda de Bautype hecho con tus propias manos utilizando las piezas de madera, la lima y las pinturas con pincel que vienen incluidas.","og_url":"https:\/\/www.bauplay.com\/en\/product-2\/bautype-maker\/","og_site_name":"Bauplay","article_modified_time":"2025-02-24T18:24:27+00:00","og_image":[{"width":1200,"height":1200,"url":"https:\/\/www.bauplay.com\/wp-content\/uploads\/2022\/10\/Bautype-maker-01.jpg","type":"image\/jpeg"}],"twitter_card":"summary_large_image","twitter_misc":{"Estimated reading time":"1 minute"},"schema":{"@context":"https:\/\/schema.org","@graph":[{"@type":"WebPage","@id":"https:\/\/www.bauplay.com\/producto\/bautype-maker\/","url":"https:\/\/www.bauplay.com\/producto\/bautype-maker\/","name":"Bautype MAKER - Bauplay","isPartOf":{"@id":"https:\/\/www.bauplay.com\/#website"},"primaryImageOfPage":{"@id":"https:\/\/www.bauplay.com\/producto\/bautype-maker\/#primaryimage"},"image":{"@id":"https:\/\/www.bauplay.com\/producto\/bautype-maker\/#primaryimage"},"thumbnailUrl":"https:\/\/www.bauplay.com\/wp-content\/uploads\/2022\/10\/Bautype-maker-01.jpg","datePublished":"2022-10-25T11:43:01+00:00","dateModified":"2025-02-24T18:24:27+00:00","breadcrumb":{"@id":"https:\/\/www.bauplay.com\/producto\/bautype-maker\/#breadcrumb"},"inLanguage":"en-GB","potentialAction":[{"@type":"ReadAction","target":["https:\/\/www.bauplay.com\/producto\/bautype-maker\/"]}]},{"@type":"ImageObject","inLanguage":"en-GB","@id":"https:\/\/www.bauplay.com\/producto\/bautype-maker\/#primaryimage","url":"https:\/\/www.bauplay.com\/wp-content\/uploads\/2022\/10\/Bautype-maker-01.jpg","contentUrl":"https:\/\/www.bauplay.com\/wp-content\/uploads\/2022\/10\/Bautype-maker-01.jpg","width":1200,"height":1200},{"@type":"BreadcrumbList","@id":"https:\/\/www.bauplay.com\/producto\/bautype-maker\/#breadcrumb","itemListElement":[{"@type":"ListItem","position":1,"name":"Portada","item":"https:\/\/www.bauplay.com\/"},{"@type":"ListItem","position":2,"name":"Tienda","item":"https:\/\/www.bauplay.com\/tienda\/"},{"@type":"ListItem","position":3,"name":"Bautype MAKER"}]},{"@type":"WebSite","@id":"https:\/\/www.bauplay.com\/#website","url":"https:\/\/www.bauplay.com\/","name":"Bauplay","description":"","publisher":{"@id":"https:\/\/www.bauplay.com\/#organization"},"potentialAction":[{"@type":"SearchAction","target":{"@type":"EntryPoint","urlTemplate":"https:\/\/www.bauplay.com\/?s={search_term_string}"},"query-input":{"@type":"PropertyValueSpecification","valueRequired":true,"valueName":"search_term_string"}}],"inLanguage":"en-GB"},{"@type":"Organization","@id":"https:\/\/www.bauplay.com\/#organization","name":"Bauplay","url":"https:\/\/www.bauplay.com\/","logo":{"@type":"ImageObject","inLanguage":"en-GB","@id":"https:\/\/www.bauplay.com\/#\/schema\/logo\/image\/","url":"https:\/\/www.bauplay.com\/wp-content\/uploads\/2021\/11\/Bauplay_logo.svg","contentUrl":"https:\/\/www.bauplay.com\/wp-content\/uploads\/2021\/11\/Bauplay_logo.svg","width":918,"height":207,"caption":"Bauplay"},"image":{"@id":"https:\/\/www.bauplay.com\/#\/schema\/logo\/image\/"}}]}},"_links":{"self":[{"href":"https:\/\/www.bauplay.com\/en\/wp-json\/wp\/v2\/product\/2580","targetHints":{"allow":["GET"]}}],"collection":[{"href":"https:\/\/www.bauplay.com\/en\/wp-json\/wp\/v2\/product"}],"about":[{"href":"https:\/\/www.bauplay.com\/en\/wp-json\/wp\/v2\/types\/product"}],"replies":[{"embeddable":true,"href":"https:\/\/www.bauplay.com\/en\/wp-json\/wp\/v2\/comments?post=2580"}],"wp:featuredmedia":[{"embeddable":true,"href":"https:\/\/www.bauplay.com\/en\/wp-json\/wp\/v2\/media\/2638"}],"wp:attachment":[{"href":"https:\/\/www.bauplay.com\/en\/wp-json\/wp\/v2\/media?parent=2580"}],"wp:term":[{"taxonomy":"product_brand","embeddable":true,"href":"https:\/\/www.bauplay.com\/en\/wp-json\/wp\/v2\/product_brand?post=2580"},{"taxonomy":"product_cat","embeddable":true,"href":"https:\/\/www.bauplay.com\/en\/wp-json\/wp\/v2\/product_cat?post=2580"},{"taxonomy":"product_tag","embeddable":true,"href":"https:\/\/www.bauplay.com\/en\/wp-json\/wp\/v2\/product_tag?post=2580"}],"curies":[{"name":"wp","href":"https:\/\/api.w.org\/{rel}","templated":true}]}}