{"id":3123,"date":"2024-11-25T19:23:54","date_gmt":"2024-11-25T18:23:54","guid":{"rendered":"https:\/\/www.bauplay.com\/?page_id=3123"},"modified":"2024-11-25T19:26:35","modified_gmt":"2024-11-25T18:26:35","slug":"bauboard-num-info","status":"publish","type":"page","link":"https:\/\/www.bauplay.com\/en\/bauboard-num-info\/","title":{"rendered":"Bauboard - Let's count!"},"content":{"rendered":"\t\t<div data-elementor-type=\"wp-page\" data-elementor-id=\"3123\" class=\"elementor elementor-3123\" data-elementor-post-type=\"page\">\n\t\t\t\t<div class=\"elementor-element elementor-element-2c15291 e-flex e-con-boxed e-con e-parent\" data-id=\"2c15291\" data-element_type=\"container\" data-e-type=\"container\">\n\t\t\t\t\t<div class=\"e-con-inner\">\n\t\t\t\t<div class=\"elementor-element elementor-element-34a5537 elementor-widget elementor-widget-heading\" data-id=\"34a5537\" data-element_type=\"widget\" data-e-type=\"widget\" data-widget_type=\"heading.default\">\n\t\t\t\t<div class=\"elementor-widget-container\">\n\t\t\t\t\t<h2 class=\"elementor-heading-title elementor-size-default\">Bauboard \u00b7 \u00a1Vamos a contar!<\/h2>\t\t\t\t<\/div>\n\t\t\t\t<\/div>\n\t\t<div class=\"elementor-element elementor-element-2c070b1 e-con-full e-flex e-con e-child\" data-id=\"2c070b1\" data-element_type=\"container\" data-e-type=\"container\">\n\t\t<div class=\"elementor-element elementor-element-466a52e e-con-full e-flex e-con e-child\" data-id=\"466a52e\" data-element_type=\"container\" data-e-type=\"container\">\n\t\t\t\t<div class=\"elementor-element elementor-element-d726979 elementor-widget elementor-widget-heading\" data-id=\"d726979\" data-element_type=\"widget\" data-e-type=\"widget\" data-widget_type=\"heading.default\">\n\t\t\t\t<div class=\"elementor-widget-container\">\n\t\t\t\t\t<h4 class=\"elementor-heading-title elementor-size-default\">CA<\/h4>\t\t\t\t<\/div>\n\t\t\t\t<\/div>\n\t\t\t\t<div class=\"elementor-element elementor-element-a8a59bb elementor-widget elementor-widget-text-editor\" data-id=\"a8a59bb\" data-element_type=\"widget\" data-e-type=\"widget\" data-widget_type=\"text-editor.default\">\n\t\t\t\t<div class=\"elementor-widget-container\">\n\t\t\t\t\t\t\t\t\t<p>Bauboard \u00abAnem a comptar!\u00bb \u00e9s un joc num\u00e8ric, art\u00edstic i educatiu que est\u00e0 desenvolupat a base de peces geom\u00e8triques i els 3 colors primaris, a m\u00e9s del color negre. Est\u00e0 inspirat en l&#8217;escola Bauhaus, que es considera el bressol del disseny i intenta unir totes les arts. \u00c9s un joc creatiu per aprendre els n\u00fameros d&#8217;una manera diferent, allunyant-se de la manera tradicional. Amb Bauboard\u00ae els nens i nenes aprenen jugant mitjan\u00e7ant l&#8217;enganxament de peces geom\u00e8triques de feltre a la taula de llen\u00e7 blanc acabada en velcro amb l&#8217;objectiu de compondre els n\u00fameros. \u00c9s possible copiar la creaci\u00f3 que es proposa d&#8217;exemple a les 10 targetes que estan relacionades amb cada n\u00famero o realitzar les seves pr\u00f2pies creacions. Aquestes targetes proporcionen curiositats sobre cada n\u00famero i, a m\u00e9s, contenen targetes amb reptes que s\u00f3n una manera f\u00e0cil d&#8217;aprendre a sumar, restar, multiplicar i dividir, entre moltes altres activitats m\u00e9s enll\u00e0 de les matem\u00e0tiques. Les creacions es conserven al llen\u00e7 recolzat en el nostre cavallet Bauplay\u00ae o penjat a la paret com una obra d&#8217;art que es pot refer o canviar tantes vegades com es desitgi.<\/p>\t\t\t\t\t\t\t\t<\/div>\n\t\t\t\t<\/div>\n\t\t\t\t<\/div>\n\t\t<div class=\"elementor-element elementor-element-917a91f e-con-full e-flex e-con e-child\" data-id=\"917a91f\" data-element_type=\"container\" data-e-type=\"container\">\n\t\t\t\t<div class=\"elementor-element elementor-element-00685c8 elementor-widget elementor-widget-heading\" data-id=\"00685c8\" data-element_type=\"widget\" data-e-type=\"widget\" data-widget_type=\"heading.default\">\n\t\t\t\t<div class=\"elementor-widget-container\">\n\t\t\t\t\t<h4 class=\"elementor-heading-title elementor-size-default\">ES<\/h4>\t\t\t\t<\/div>\n\t\t\t\t<\/div>\n\t\t\t\t<div class=\"elementor-element elementor-element-695eaaf elementor-widget elementor-widget-text-editor\" data-id=\"695eaaf\" data-element_type=\"widget\" data-e-type=\"widget\" data-widget_type=\"text-editor.default\">\n\t\t\t\t<div class=\"elementor-widget-container\">\n\t\t\t\t\t\t\t\t\t<p>Bauboard \u201c\u00a1Vamos a contar!\u201d es un juego num\u00e9rico, art\u00edstico y educativo que est\u00e1 desarrollado a base de piezas geom\u00e9tricas y los 3 colores primarios, adem\u00e1s del color negro. Est\u00e1 inspirado en la escuela Bauhaus que es considera la cuna del dise\u00f1o e intenta unir todas las artes. Es un juego creativo para aprender los n\u00fameros de manera diferente, evadi\u00e9ndose de la manera tradicional. Con Bauboard\u00ae l@s ni\u00f1@s aprenden jugando mediante el pegado de piezas geom\u00e9tricas de fieltro a la tabla de lienzo blanco acabada en velcro con el fin de componer los n\u00fameros. Es posible copiar la creaci\u00f3n que se propone de ejemplo en las 10 tarjetas que est\u00e1n relacionadas a cada n\u00famero o realizar sus propias creaciones. Estas tarjetas proporcionan curiosidades sobre cada n\u00famero y, adem\u00e1s, contiene tarjetas con retos que son una manera f\u00e1cil de aprender a sumar, restar, multiplicar y dividir, entre otras muchas actividades m\u00e1s all\u00e1 de las matem\u00e1ticas. Las creaciones se conservan en el lienzo apoyado en nuestro atril Bauplay\u00ae o colgado en la pared como una obra de arte que se puede rehacer o cambiar tantas veces como te apetezca.<\/p>\t\t\t\t\t\t\t\t<\/div>\n\t\t\t\t<\/div>\n\t\t\t\t<\/div>\n\t\t<div class=\"elementor-element elementor-element-1a2e05c e-con-full e-flex e-con e-child\" data-id=\"1a2e05c\" data-element_type=\"container\" data-e-type=\"container\">\n\t\t\t\t<div class=\"elementor-element elementor-element-22827bc elementor-widget elementor-widget-heading\" data-id=\"22827bc\" data-element_type=\"widget\" data-e-type=\"widget\" data-widget_type=\"heading.default\">\n\t\t\t\t<div class=\"elementor-widget-container\">\n\t\t\t\t\t<h4 class=\"elementor-heading-title elementor-size-default\">EN<\/h4>\t\t\t\t<\/div>\n\t\t\t\t<\/div>\n\t\t\t\t<div class=\"elementor-element elementor-element-32a27dd elementor-widget elementor-widget-text-editor\" data-id=\"32a27dd\" data-element_type=\"widget\" data-e-type=\"widget\" data-widget_type=\"text-editor.default\">\n\t\t\t\t<div class=\"elementor-widget-container\">\n\t\t\t\t\t\t\t\t\t<div class=\"flex max-w-full flex-col flex-grow\">\n<div class=\"min-h-8 text-message flex w-full flex-col items-end gap-2 whitespace-normal break-words [.text-message+&amp;]:mt-5\" dir=\"auto\" data-message-author-role=\"assistant\" data-message-id=\"d9581e25-29ce-4f32-8fe4-448e4375a8fd\" data-message-model-slug=\"o1-preview\">\n<div class=\"flex w-full flex-col gap-1 empty:hidden first:pt-[3px]\">\n<div class=\"markdown prose w-full break-words dark:prose-invert light\">\n<p>Bauboard \u00abLet&#8217;s Count!\u00bb is a numerical, artistic, and educational game developed using geometric pieces and the three primary colors, plus black. It is inspired by the Bauhaus school, which is considered the cradle of design and seeks to unite all the arts. It is a creative game to learn numbers in a different way, moving away from the traditional method. With Bauboard\u00ae, children learn by playing through attaching geometric felt pieces to the white canvas board finished with Velcro in order to compose the numbers. It&#8217;s possible to copy the creation proposed as an example on the 10 cards that are related to each number or to make their own creations. These cards provide curiosities about each number and also contain challenge cards that are an easy way to learn to add, subtract, multiply, and divide, among many other activities beyond mathematics. The creations are preserved on the canvas supported on our Bauplay\u00ae easel or hung on the wall as a work of art that can be redone or changed as many times as desired.<\/p>\n<\/div>\n<\/div>\n<\/div>\n<\/div>\t\t\t\t\t\t\t\t<\/div>\n\t\t\t\t<\/div>\n\t\t\t\t<\/div>\n\t\t\t\t<\/div>\n\t\t\t\t\t<\/div>\n\t\t\t\t<\/div>\n\t\t<div class=\"elementor-element elementor-element-6ea39ae e-flex e-con-boxed e-con e-parent\" data-id=\"6ea39ae\" data-element_type=\"container\" data-e-type=\"container\">\n\t\t\t\t\t<div class=\"e-con-inner\">\n\t\t<div class=\"elementor-element elementor-element-4e8e2f6 e-con-full e-flex e-con e-child\" data-id=\"4e8e2f6\" data-element_type=\"container\" data-e-type=\"container\">\n\t\t\t\t<div class=\"elementor-element elementor-element-5d284fa elementor-widget elementor-widget-image\" data-id=\"5d284fa\" data-element_type=\"widget\" data-e-type=\"widget\" data-widget_type=\"image.default\">\n\t\t\t\t<div class=\"elementor-widget-container\">\n\t\t\t\t\t\t\t\t\t\t\t\t\t\t\t<img fetchpriority=\"high\" decoding=\"async\" width=\"800\" height=\"800\" src=\"https:\/\/www.bauplay.com\/wp-content\/uploads\/2022\/10\/Bauboard-numeros-1-min-1024x1024.jpg\" class=\"attachment-large size-large wp-image-2571\" alt=\"\" srcset=\"https:\/\/www.bauplay.com\/wp-content\/uploads\/2022\/10\/Bauboard-numeros-1-min-1024x1024.jpg 1024w, https:\/\/www.bauplay.com\/wp-content\/uploads\/2022\/10\/Bauboard-numeros-1-min-300x300.jpg 300w, https:\/\/www.bauplay.com\/wp-content\/uploads\/2022\/10\/Bauboard-numeros-1-min-150x150.jpg 150w, https:\/\/www.bauplay.com\/wp-content\/uploads\/2022\/10\/Bauboard-numeros-1-min-768x768.jpg 768w, https:\/\/www.bauplay.com\/wp-content\/uploads\/2022\/10\/Bauboard-numeros-1-min-12x12.jpg 12w, https:\/\/www.bauplay.com\/wp-content\/uploads\/2022\/10\/Bauboard-numeros-1-min-600x600.jpg 600w, https:\/\/www.bauplay.com\/wp-content\/uploads\/2022\/10\/Bauboard-numeros-1-min-100x100.jpg 100w, https:\/\/www.bauplay.com\/wp-content\/uploads\/2022\/10\/Bauboard-numeros-1-min.jpg 1200w\" sizes=\"(max-width: 800px) 100vw, 800px\" \/>\t\t\t\t\t\t\t\t\t\t\t\t\t\t\t<\/div>\n\t\t\t\t<\/div>\n\t\t\t\t<\/div>\n\t\t<div class=\"elementor-element elementor-element-c3de2f8 e-con-full elementor-hidden-desktop elementor-hidden-tablet elementor-hidden-mobile e-flex e-con e-child\" data-id=\"c3de2f8\" data-element_type=\"container\" data-e-type=\"container\" data-settings=\"{&quot;background_background&quot;:&quot;classic&quot;}\">\n\t\t\t\t<div class=\"elementor-element elementor-element-30d4d7e elementor-widget elementor-widget-heading\" data-id=\"30d4d7e\" data-element_type=\"widget\" data-e-type=\"widget\" data-widget_type=\"heading.default\">\n\t\t\t\t<div class=\"elementor-widget-container\">\n\t\t\t\t\t<h3 class=\"elementor-heading-title elementor-size-default\"><a href=\"https:\/\/www.bauplay.com\/producto\/bauboard-vamos-a-contar\/\">Comprar<\/a><\/h3>\t\t\t\t<\/div>\n\t\t\t\t<\/div>\n\t\t\t\t<div class=\"elementor-element elementor-element-c887242 elementor-view-default elementor-widget elementor-widget-icon\" data-id=\"c887242\" data-element_type=\"widget\" data-e-type=\"widget\" data-widget_type=\"icon.default\">\n\t\t\t\t<div class=\"elementor-widget-container\">\n\t\t\t\t\t\t\t<div class=\"elementor-icon-wrapper\">\n\t\t\t<a class=\"elementor-icon\" href=\"https:\/\/www.bauplay.com\/producto\/bauboard-vamos-a-contar\/\">\n\t\t\t<svg aria-hidden=\"true\" class=\"e-font-icon-svg e-fas-shopping-cart\" viewBox=\"0 0 576 512\" xmlns=\"http:\/\/www.w3.org\/2000\/svg\"><path d=\"M528.12 301.319l47.273-208C578.806 78.301 567.391 64 551.99 64H159.208l-9.166-44.81C147.758 8.021 137.93 0 126.529 0H24C10.745 0 0 10.745 0 24v16c0 13.255 10.745 24 24 24h69.883l70.248 343.435C147.325 417.1 136 435.222 136 456c0 30.928 25.072 56 56 56s56-25.072 56-56c0-15.674-6.447-29.835-16.824-40h209.647C430.447 426.165 424 440.326 424 456c0 30.928 25.072 56 56 56s56-25.072 56-56c0-22.172-12.888-41.332-31.579-50.405l5.517-24.276c3.413-15.018-8.002-29.319-23.403-29.319H218.117l-6.545-32h293.145c11.206 0 20.92-7.754 23.403-18.681z\"><\/path><\/svg>\t\t\t<\/a>\n\t\t<\/div>\n\t\t\t\t\t\t<\/div>\n\t\t\t\t<\/div>\n\t\t\t\t<\/div>\n\t\t\t\t\t<\/div>\n\t\t\t\t<\/div>\n\t\t\t\t<\/div>\n\t\t","protected":false},"excerpt":{"rendered":"<p>CA Bauboard \u00abAnem a comptar!\u00bb \u00e9s un joc num\u00e8ric, art\u00edstic i educatiu que est\u00e0 desenvolupat a base de peces geom\u00e8triques i els 3 colors primaris, a m\u00e9s del color negre. Est\u00e0 inspirat en l&#8217;escola Bauhaus, que es considera el bressol del disseny i intenta unir totes les arts. \u00c9s un joc creatiu per aprendre els [&hellip;]<\/p>\n","protected":false},"author":1,"featured_media":0,"parent":0,"menu_order":0,"comment_status":"closed","ping_status":"closed","template":"","meta":{"_acf_changed":false,"footnotes":""},"class_list":["post-3123","page","type-page","status-publish","hentry"],"acf":[],"yoast_head":"<!-- This site is optimized with the Yoast SEO plugin v27.3 - https:\/\/yoast.com\/product\/yoast-seo-wordpress\/ -->\n<title>Bauboard \u00b7 \u00a1Vamos a contar! &#8226; Bauplay<\/title>\n<meta name=\"robots\" content=\"index, follow, max-snippet:-1, max-image-preview:large, max-video-preview:-1\" \/>\n<link rel=\"canonical\" href=\"https:\/\/www.bauplay.com\/en\/bauboard-num-info\/\" \/>\n<meta property=\"og:locale\" content=\"en_GB\" \/>\n<meta property=\"og:type\" content=\"article\" \/>\n<meta property=\"og:title\" content=\"Bauboard \u00b7 \u00a1Vamos a contar! &#8226; Bauplay\" \/>\n<meta property=\"og:description\" content=\"CA Bauboard \u00abAnem a comptar!\u00bb \u00e9s un joc num\u00e8ric, art\u00edstic i educatiu que est\u00e0 desenvolupat a base de peces geom\u00e8triques i els 3 colors primaris, a m\u00e9s del color negre. Est\u00e0 inspirat en l&#8217;escola Bauhaus, que es considera el bressol del disseny i intenta unir totes les arts. \u00c9s un joc creatiu per aprendre els [&hellip;]\" \/>\n<meta property=\"og:url\" content=\"https:\/\/www.bauplay.com\/en\/bauboard-num-info\/\" \/>\n<meta property=\"og:site_name\" content=\"Bauplay\" \/>\n<meta property=\"article:modified_time\" content=\"2024-11-25T18:26:35+00:00\" \/>\n<meta property=\"og:image\" content=\"https:\/\/www.bauplay.com\/wp-content\/uploads\/2022\/10\/Bauboard-numeros-1-min.jpg\" \/>\n\t<meta property=\"og:image:width\" content=\"1200\" \/>\n\t<meta property=\"og:image:height\" content=\"1200\" \/>\n\t<meta property=\"og:image:type\" content=\"image\/jpeg\" \/>\n<meta name=\"twitter:card\" content=\"summary_large_image\" \/>\n<meta name=\"twitter:label1\" content=\"Estimated reading time\" \/>\n\t<meta name=\"twitter:data1\" content=\"3 minutes\" \/>\n<script type=\"application\/ld+json\" class=\"yoast-schema-graph\">{\"@context\":\"https:\\\/\\\/schema.org\",\"@graph\":[{\"@type\":\"WebPage\",\"@id\":\"https:\\\/\\\/www.bauplay.com\\\/bauboard-num-info\\\/\",\"url\":\"https:\\\/\\\/www.bauplay.com\\\/bauboard-num-info\\\/\",\"name\":\"Bauboard \u00b7 \u00a1Vamos a contar! &#8226; Bauplay\",\"isPartOf\":{\"@id\":\"https:\\\/\\\/www.bauplay.com\\\/#website\"},\"primaryImageOfPage\":{\"@id\":\"https:\\\/\\\/www.bauplay.com\\\/bauboard-num-info\\\/#primaryimage\"},\"image\":{\"@id\":\"https:\\\/\\\/www.bauplay.com\\\/bauboard-num-info\\\/#primaryimage\"},\"thumbnailUrl\":\"https:\\\/\\\/www.bauplay.com\\\/wp-content\\\/uploads\\\/2022\\\/10\\\/Bauboard-numeros-1-min-1024x1024.jpg\",\"datePublished\":\"2024-11-25T18:23:54+00:00\",\"dateModified\":\"2024-11-25T18:26:35+00:00\",\"breadcrumb\":{\"@id\":\"https:\\\/\\\/www.bauplay.com\\\/bauboard-num-info\\\/#breadcrumb\"},\"inLanguage\":\"en-GB\",\"potentialAction\":[{\"@type\":\"ReadAction\",\"target\":[\"https:\\\/\\\/www.bauplay.com\\\/bauboard-num-info\\\/\"]}]},{\"@type\":\"ImageObject\",\"inLanguage\":\"en-GB\",\"@id\":\"https:\\\/\\\/www.bauplay.com\\\/bauboard-num-info\\\/#primaryimage\",\"url\":\"https:\\\/\\\/www.bauplay.com\\\/wp-content\\\/uploads\\\/2022\\\/10\\\/Bauboard-numeros-1-min-1024x1024.jpg\",\"contentUrl\":\"https:\\\/\\\/www.bauplay.com\\\/wp-content\\\/uploads\\\/2022\\\/10\\\/Bauboard-numeros-1-min-1024x1024.jpg\"},{\"@type\":\"BreadcrumbList\",\"@id\":\"https:\\\/\\\/www.bauplay.com\\\/bauboard-num-info\\\/#breadcrumb\",\"itemListElement\":[{\"@type\":\"ListItem\",\"position\":1,\"name\":\"Portada\",\"item\":\"https:\\\/\\\/www.bauplay.com\\\/\"},{\"@type\":\"ListItem\",\"position\":2,\"name\":\"Bauboard \u00b7 \u00a1Vamos a contar!\"}]},{\"@type\":\"WebSite\",\"@id\":\"https:\\\/\\\/www.bauplay.com\\\/#website\",\"url\":\"https:\\\/\\\/www.bauplay.com\\\/\",\"name\":\"Bauplay\",\"description\":\"\",\"publisher\":{\"@id\":\"https:\\\/\\\/www.bauplay.com\\\/#organization\"},\"potentialAction\":[{\"@type\":\"SearchAction\",\"target\":{\"@type\":\"EntryPoint\",\"urlTemplate\":\"https:\\\/\\\/www.bauplay.com\\\/?s={search_term_string}\"},\"query-input\":{\"@type\":\"PropertyValueSpecification\",\"valueRequired\":true,\"valueName\":\"search_term_string\"}}],\"inLanguage\":\"en-GB\"},{\"@type\":\"Organization\",\"@id\":\"https:\\\/\\\/www.bauplay.com\\\/#organization\",\"name\":\"Bauplay\",\"url\":\"https:\\\/\\\/www.bauplay.com\\\/\",\"logo\":{\"@type\":\"ImageObject\",\"inLanguage\":\"en-GB\",\"@id\":\"https:\\\/\\\/www.bauplay.com\\\/#\\\/schema\\\/logo\\\/image\\\/\",\"url\":\"https:\\\/\\\/www.bauplay.com\\\/wp-content\\\/uploads\\\/2021\\\/11\\\/Bauplay_logo.svg\",\"contentUrl\":\"https:\\\/\\\/www.bauplay.com\\\/wp-content\\\/uploads\\\/2021\\\/11\\\/Bauplay_logo.svg\",\"width\":918,\"height\":207,\"caption\":\"Bauplay\"},\"image\":{\"@id\":\"https:\\\/\\\/www.bauplay.com\\\/#\\\/schema\\\/logo\\\/image\\\/\"}}]}<\/script>\n<!-- \/ Yoast SEO plugin. -->","yoast_head_json":{"title":"Bauboard \u00b7 Let's count! \u2022 Bauplay","robots":{"index":"index","follow":"follow","max-snippet":"max-snippet:-1","max-image-preview":"max-image-preview:large","max-video-preview":"max-video-preview:-1"},"canonical":"https:\/\/www.bauplay.com\/en\/bauboard-num-info\/","og_locale":"en_GB","og_type":"article","og_title":"Bauboard \u00b7 \u00a1Vamos a contar! &#8226; Bauplay","og_description":"CA Bauboard \u00abAnem a comptar!\u00bb \u00e9s un joc num\u00e8ric, art\u00edstic i educatiu que est\u00e0 desenvolupat a base de peces geom\u00e8triques i els 3 colors primaris, a m\u00e9s del color negre. Est\u00e0 inspirat en l&#8217;escola Bauhaus, que es considera el bressol del disseny i intenta unir totes les arts. \u00c9s un joc creatiu per aprendre els [&hellip;]","og_url":"https:\/\/www.bauplay.com\/en\/bauboard-num-info\/","og_site_name":"Bauplay","article_modified_time":"2024-11-25T18:26:35+00:00","og_image":[{"width":1200,"height":1200,"url":"https:\/\/www.bauplay.com\/wp-content\/uploads\/2022\/10\/Bauboard-numeros-1-min.jpg","type":"image\/jpeg"}],"twitter_card":"summary_large_image","twitter_misc":{"Estimated reading time":"3 minutes"},"schema":{"@context":"https:\/\/schema.org","@graph":[{"@type":"WebPage","@id":"https:\/\/www.bauplay.com\/bauboard-num-info\/","url":"https:\/\/www.bauplay.com\/bauboard-num-info\/","name":"Bauboard \u00b7 Let's count! \u2022 Bauplay","isPartOf":{"@id":"https:\/\/www.bauplay.com\/#website"},"primaryImageOfPage":{"@id":"https:\/\/www.bauplay.com\/bauboard-num-info\/#primaryimage"},"image":{"@id":"https:\/\/www.bauplay.com\/bauboard-num-info\/#primaryimage"},"thumbnailUrl":"https:\/\/www.bauplay.com\/wp-content\/uploads\/2022\/10\/Bauboard-numeros-1-min-1024x1024.jpg","datePublished":"2024-11-25T18:23:54+00:00","dateModified":"2024-11-25T18:26:35+00:00","breadcrumb":{"@id":"https:\/\/www.bauplay.com\/bauboard-num-info\/#breadcrumb"},"inLanguage":"en-GB","potentialAction":[{"@type":"ReadAction","target":["https:\/\/www.bauplay.com\/bauboard-num-info\/"]}]},{"@type":"ImageObject","inLanguage":"en-GB","@id":"https:\/\/www.bauplay.com\/bauboard-num-info\/#primaryimage","url":"https:\/\/www.bauplay.com\/wp-content\/uploads\/2022\/10\/Bauboard-numeros-1-min-1024x1024.jpg","contentUrl":"https:\/\/www.bauplay.com\/wp-content\/uploads\/2022\/10\/Bauboard-numeros-1-min-1024x1024.jpg"},{"@type":"BreadcrumbList","@id":"https:\/\/www.bauplay.com\/bauboard-num-info\/#breadcrumb","itemListElement":[{"@type":"ListItem","position":1,"name":"Portada","item":"https:\/\/www.bauplay.com\/"},{"@type":"ListItem","position":2,"name":"Bauboard \u00b7 \u00a1Vamos a contar!"}]},{"@type":"WebSite","@id":"https:\/\/www.bauplay.com\/#website","url":"https:\/\/www.bauplay.com\/","name":"Bauplay","description":"","publisher":{"@id":"https:\/\/www.bauplay.com\/#organization"},"potentialAction":[{"@type":"SearchAction","target":{"@type":"EntryPoint","urlTemplate":"https:\/\/www.bauplay.com\/?s={search_term_string}"},"query-input":{"@type":"PropertyValueSpecification","valueRequired":true,"valueName":"search_term_string"}}],"inLanguage":"en-GB"},{"@type":"Organization","@id":"https:\/\/www.bauplay.com\/#organization","name":"Bauplay","url":"https:\/\/www.bauplay.com\/","logo":{"@type":"ImageObject","inLanguage":"en-GB","@id":"https:\/\/www.bauplay.com\/#\/schema\/logo\/image\/","url":"https:\/\/www.bauplay.com\/wp-content\/uploads\/2021\/11\/Bauplay_logo.svg","contentUrl":"https:\/\/www.bauplay.com\/wp-content\/uploads\/2021\/11\/Bauplay_logo.svg","width":918,"height":207,"caption":"Bauplay"},"image":{"@id":"https:\/\/www.bauplay.com\/#\/schema\/logo\/image\/"}}]}},"_links":{"self":[{"href":"https:\/\/www.bauplay.com\/en\/wp-json\/wp\/v2\/pages\/3123","targetHints":{"allow":["GET"]}}],"collection":[{"href":"https:\/\/www.bauplay.com\/en\/wp-json\/wp\/v2\/pages"}],"about":[{"href":"https:\/\/www.bauplay.com\/en\/wp-json\/wp\/v2\/types\/page"}],"author":[{"embeddable":true,"href":"https:\/\/www.bauplay.com\/en\/wp-json\/wp\/v2\/users\/1"}],"replies":[{"embeddable":true,"href":"https:\/\/www.bauplay.com\/en\/wp-json\/wp\/v2\/comments?post=3123"}],"version-history":[{"count":0,"href":"https:\/\/www.bauplay.com\/en\/wp-json\/wp\/v2\/pages\/3123\/revisions"}],"wp:attachment":[{"href":"https:\/\/www.bauplay.com\/en\/wp-json\/wp\/v2\/media?parent=3123"}],"curies":[{"name":"wp","href":"https:\/\/api.w.org\/{rel}","templated":true}]}}