{"id":2632,"date":"2022-11-18T23:43:56","date_gmt":"2022-11-18T22:43:56","guid":{"rendered":"https:\/\/www.bauplay.com\/?post_type=product&#038;p=2632"},"modified":"2025-09-26T20:15:30","modified_gmt":"2025-09-26T18:15:30","slug":"bauboard-mein-erstes-sensorisches-spiel","status":"publish","type":"product","link":"https:\/\/www.bauplay.com\/de\/producto\/bauboard-mi-primer-juego-sensorial\/","title":{"rendered":"Bauboard \u00b7 Mein erstes sensorisches Spiel"},"content":{"rendered":"<p>Mit Bauboard lernen wir spielerisch, indem wir geometrische schwarze Filzteile auf die wei\u00dfe Leinwand mit Klettverschluss kleben, um Kreationen zu komponieren, die uns dazu anregen, eine Geschichte daraus zu entwickeln. Es ist m\u00f6glich, die vorgeschlagene Beispielkreation auf den 10 Karten, die wir anbieten, zu kopieren oder eigene Kreationen zu erstellen. Diese Karten bieten Ideen zur Entwicklung einer Geschichte und lassen uns Platz, um unsere eigenen Ideen aufzuschreiben. Es ist ein ideales Spiel, um es in den ersten Lebensmonaten mit den Kleinsten zu teilen, da der hohe Kontrast der Farben und die Grundformen die Entwicklung des Kindes unterst\u00fctzen. Sp\u00e4ter funktioniert es, ebenso wie f\u00fcr Eltern oder Personen jeden Alters, als Werkzeug, um den Geist aktiv zu halten und eine Quelle der Inspiration f\u00fcr die Erstellung literarischer Geschichten aus dem, was wir mit den Formen des Spiels erstellen, zu sein. Die Kreationen werden auf der Leinwand aufbewahrt, die auf unserem Bauplay\u00ae-St\u00e4nder steht, oder an der Wand als Kunstwerk aufgeh\u00e4ngt, das beliebig oft wiederholt oder ver\u00e4ndert werden kann.<\/p>\n<p>&nbsp;<\/p>\n<p style=\"text-align: center;\"><img decoding=\"async\" src=\"https:\/\/www.bauplay.com\/wp-content\/uploads\/2022\/10\/EyC.png\" width=\"100px\" \/><\/p>\n<p>Wir wenden aktive Methoden an, denn um zu lernen, muss man es erleben und erfahren. Alle Spiele der Marke Bauplay\u00ae f\u00f6rdern die multiplen Intelligenzen und folgen den Prinzipien der <strong>kindzentrierten Bildung<\/strong>, wie in den Reggio Emilia-, Pikler-, Waldorf- oder <a href=\"https:\/\/es.wikipedia.org\/wiki\/M%C3%A9todo_Montessori\" target=\"_blank\" rel=\"noopener\">Montessori-Schulen<\/a> (mit ihren jeweiligen Unterschieden).<\/p>","protected":false},"excerpt":{"rendered":"<p>Bauboard\u00ae \u00abMein erstes sensorisches Spiel\u00bb ist ein kreatives, literarisches und p\u00e4dagogisches Spiel, das auf 70 geometrischen Filzteilen in schwarzer Farbe basiert. Das Spiel enth\u00e4lt ein Blatt, das in 10 Karten mit verschiedenen kreativen Vorschl\u00e4gen umgewandelt werden kann. Auf der R\u00fcckseite finden Sie 5 Vorschl\u00e4ge f\u00fcr Geschichten, die Sie entwickeln k\u00f6nnen, w\u00e4hrend Sie neue Zeichnungen auf der Bauboard\u00ae-Tafel erstellen, die aus Holz und wei\u00dfem Klettverschluss besteht, sowie die Filzteile.<\/p>","protected":false},"featured_media":2628,"comment_status":"open","ping_status":"closed","template":"","meta":{"_acf_changed":false},"product_brand":[],"product_cat":[47,21],"product_tag":[34],"class_list":{"0":"post-2632","1":"product","2":"type-product","3":"status-publish","4":"has-post-thumbnail","6":"product_cat-bauboard","7":"product_cat-juegos","8":"product_tag-destacado","10":"first","11":"instock","12":"purchasable","13":"product-type-variable"},"acf":[],"yoast_head":"<!-- This site is optimized with the Yoast SEO plugin v27.3 - https:\/\/yoast.com\/product\/yoast-seo-wordpress\/ -->\n<title>Bauboard \u00b7 Mi primer juego sensorial &#8226; Bauplay<\/title>\n<meta name=\"robots\" content=\"index, follow, max-snippet:-1, max-image-preview:large, max-video-preview:-1\" \/>\n<link rel=\"canonical\" href=\"https:\/\/www.bauplay.com\/de\/product-2\/bauboard-mein-erstes-sensorisches-spiel\/\" \/>\n<meta property=\"og:locale\" content=\"de_DE\" \/>\n<meta property=\"og:type\" content=\"article\" \/>\n<meta property=\"og:title\" content=\"Bauboard \u00b7 Mi primer juego sensorial &#8226; Bauplay\" \/>\n<meta property=\"og:description\" content=\"Bauboard\u00ae &quot;Mi primer juego sensorial&quot; es un juego creativo, literario y educativo que est\u00e1 desarrollado a base de 70 piezas de fieltro geom\u00e9tricas en color negro. El juego contiene una hoja convertible en 10 tarjetas con diferentes propuestas creativas. En el reverso encontrar\u00e1s 5 propuestas de historias que puedes desarrollar mientras formas nuevos dibujos en la tableta Bauboard\u00ae, hecha con madera y velcro blanco, y las piezas de fieltro.\" \/>\n<meta property=\"og:url\" content=\"https:\/\/www.bauplay.com\/de\/product-2\/bauboard-mein-erstes-sensorisches-spiel\/\" \/>\n<meta property=\"og:site_name\" content=\"Bauplay\" \/>\n<meta property=\"article:modified_time\" content=\"2025-09-26T18:15:30+00:00\" \/>\n<meta property=\"og:image\" content=\"https:\/\/www.bauplay.com\/wp-content\/uploads\/2022\/11\/Bauboard-sensorial-1-min.jpg\" \/>\n\t<meta property=\"og:image:width\" content=\"1200\" \/>\n\t<meta property=\"og:image:height\" content=\"1200\" \/>\n\t<meta property=\"og:image:type\" content=\"image\/jpeg\" \/>\n<meta name=\"twitter:card\" content=\"summary_large_image\" \/>\n<meta name=\"twitter:label1\" content=\"Gesch\u00e4tzte Lesezeit\" \/>\n\t<meta name=\"twitter:data1\" content=\"1\u00a0Minute\" \/>\n<script type=\"application\/ld+json\" class=\"yoast-schema-graph\">{\"@context\":\"https:\\\/\\\/schema.org\",\"@graph\":[{\"@type\":\"WebPage\",\"@id\":\"https:\\\/\\\/www.bauplay.com\\\/producto\\\/bauboard-mi-primer-juego-sensorial\\\/\",\"url\":\"https:\\\/\\\/www.bauplay.com\\\/producto\\\/bauboard-mi-primer-juego-sensorial\\\/\",\"name\":\"Bauboard \u00b7 Mi primer juego sensorial &#8226; Bauplay\",\"isPartOf\":{\"@id\":\"https:\\\/\\\/www.bauplay.com\\\/#website\"},\"primaryImageOfPage\":{\"@id\":\"https:\\\/\\\/www.bauplay.com\\\/producto\\\/bauboard-mi-primer-juego-sensorial\\\/#primaryimage\"},\"image\":{\"@id\":\"https:\\\/\\\/www.bauplay.com\\\/producto\\\/bauboard-mi-primer-juego-sensorial\\\/#primaryimage\"},\"thumbnailUrl\":\"https:\\\/\\\/www.bauplay.com\\\/wp-content\\\/uploads\\\/2022\\\/11\\\/Bauboard-sensorial-1-min.jpg\",\"datePublished\":\"2022-11-18T22:43:56+00:00\",\"dateModified\":\"2025-09-26T18:15:30+00:00\",\"breadcrumb\":{\"@id\":\"https:\\\/\\\/www.bauplay.com\\\/producto\\\/bauboard-mi-primer-juego-sensorial\\\/#breadcrumb\"},\"inLanguage\":\"de\",\"potentialAction\":[{\"@type\":\"ReadAction\",\"target\":[\"https:\\\/\\\/www.bauplay.com\\\/producto\\\/bauboard-mi-primer-juego-sensorial\\\/\"]}]},{\"@type\":\"ImageObject\",\"inLanguage\":\"de\",\"@id\":\"https:\\\/\\\/www.bauplay.com\\\/producto\\\/bauboard-mi-primer-juego-sensorial\\\/#primaryimage\",\"url\":\"https:\\\/\\\/www.bauplay.com\\\/wp-content\\\/uploads\\\/2022\\\/11\\\/Bauboard-sensorial-1-min.jpg\",\"contentUrl\":\"https:\\\/\\\/www.bauplay.com\\\/wp-content\\\/uploads\\\/2022\\\/11\\\/Bauboard-sensorial-1-min.jpg\",\"width\":1200,\"height\":1200},{\"@type\":\"BreadcrumbList\",\"@id\":\"https:\\\/\\\/www.bauplay.com\\\/producto\\\/bauboard-mi-primer-juego-sensorial\\\/#breadcrumb\",\"itemListElement\":[{\"@type\":\"ListItem\",\"position\":1,\"name\":\"Portada\",\"item\":\"https:\\\/\\\/www.bauplay.com\\\/\"},{\"@type\":\"ListItem\",\"position\":2,\"name\":\"Tienda\",\"item\":\"https:\\\/\\\/www.bauplay.com\\\/tienda\\\/\"},{\"@type\":\"ListItem\",\"position\":3,\"name\":\"Bauboard \u00b7 Mi primer juego sensorial\"}]},{\"@type\":\"WebSite\",\"@id\":\"https:\\\/\\\/www.bauplay.com\\\/#website\",\"url\":\"https:\\\/\\\/www.bauplay.com\\\/\",\"name\":\"Bauplay\",\"description\":\"\",\"publisher\":{\"@id\":\"https:\\\/\\\/www.bauplay.com\\\/#organization\"},\"potentialAction\":[{\"@type\":\"SearchAction\",\"target\":{\"@type\":\"EntryPoint\",\"urlTemplate\":\"https:\\\/\\\/www.bauplay.com\\\/?s={search_term_string}\"},\"query-input\":{\"@type\":\"PropertyValueSpecification\",\"valueRequired\":true,\"valueName\":\"search_term_string\"}}],\"inLanguage\":\"de\"},{\"@type\":\"Organization\",\"@id\":\"https:\\\/\\\/www.bauplay.com\\\/#organization\",\"name\":\"Bauplay\",\"url\":\"https:\\\/\\\/www.bauplay.com\\\/\",\"logo\":{\"@type\":\"ImageObject\",\"inLanguage\":\"de\",\"@id\":\"https:\\\/\\\/www.bauplay.com\\\/#\\\/schema\\\/logo\\\/image\\\/\",\"url\":\"https:\\\/\\\/www.bauplay.com\\\/wp-content\\\/uploads\\\/2021\\\/11\\\/Bauplay_logo.svg\",\"contentUrl\":\"https:\\\/\\\/www.bauplay.com\\\/wp-content\\\/uploads\\\/2021\\\/11\\\/Bauplay_logo.svg\",\"width\":918,\"height\":207,\"caption\":\"Bauplay\"},\"image\":{\"@id\":\"https:\\\/\\\/www.bauplay.com\\\/#\\\/schema\\\/logo\\\/image\\\/\"}}]}<\/script>\n<!-- \/ Yoast SEO plugin. -->","yoast_head_json":{"title":"Bauboard \u00b7 Mein erstes sensorisches Spiel \u2022 Bauplay","robots":{"index":"index","follow":"follow","max-snippet":"max-snippet:-1","max-image-preview":"max-image-preview:large","max-video-preview":"max-video-preview:-1"},"canonical":"https:\/\/www.bauplay.com\/de\/product-2\/bauboard-mein-erstes-sensorisches-spiel\/","og_locale":"de_DE","og_type":"article","og_title":"Bauboard \u00b7 Mi primer juego sensorial &#8226; Bauplay","og_description":"Bauboard\u00ae \"Mi primer juego sensorial\" es un juego creativo, literario y educativo que est\u00e1 desarrollado a base de 70 piezas de fieltro geom\u00e9tricas en color negro. El juego contiene una hoja convertible en 10 tarjetas con diferentes propuestas creativas. En el reverso encontrar\u00e1s 5 propuestas de historias que puedes desarrollar mientras formas nuevos dibujos en la tableta Bauboard\u00ae, hecha con madera y velcro blanco, y las piezas de fieltro.","og_url":"https:\/\/www.bauplay.com\/de\/product-2\/bauboard-mein-erstes-sensorisches-spiel\/","og_site_name":"Bauplay","article_modified_time":"2025-09-26T18:15:30+00:00","og_image":[{"width":1200,"height":1200,"url":"https:\/\/www.bauplay.com\/wp-content\/uploads\/2022\/11\/Bauboard-sensorial-1-min.jpg","type":"image\/jpeg"}],"twitter_card":"summary_large_image","twitter_misc":{"Gesch\u00e4tzte Lesezeit":"1\u00a0Minute"},"schema":{"@context":"https:\/\/schema.org","@graph":[{"@type":"WebPage","@id":"https:\/\/www.bauplay.com\/producto\/bauboard-mi-primer-juego-sensorial\/","url":"https:\/\/www.bauplay.com\/producto\/bauboard-mi-primer-juego-sensorial\/","name":"Bauboard \u00b7 Mein erstes sensorisches Spiel \u2022 Bauplay","isPartOf":{"@id":"https:\/\/www.bauplay.com\/#website"},"primaryImageOfPage":{"@id":"https:\/\/www.bauplay.com\/producto\/bauboard-mi-primer-juego-sensorial\/#primaryimage"},"image":{"@id":"https:\/\/www.bauplay.com\/producto\/bauboard-mi-primer-juego-sensorial\/#primaryimage"},"thumbnailUrl":"https:\/\/www.bauplay.com\/wp-content\/uploads\/2022\/11\/Bauboard-sensorial-1-min.jpg","datePublished":"2022-11-18T22:43:56+00:00","dateModified":"2025-09-26T18:15:30+00:00","breadcrumb":{"@id":"https:\/\/www.bauplay.com\/producto\/bauboard-mi-primer-juego-sensorial\/#breadcrumb"},"inLanguage":"de","potentialAction":[{"@type":"ReadAction","target":["https:\/\/www.bauplay.com\/producto\/bauboard-mi-primer-juego-sensorial\/"]}]},{"@type":"ImageObject","inLanguage":"de","@id":"https:\/\/www.bauplay.com\/producto\/bauboard-mi-primer-juego-sensorial\/#primaryimage","url":"https:\/\/www.bauplay.com\/wp-content\/uploads\/2022\/11\/Bauboard-sensorial-1-min.jpg","contentUrl":"https:\/\/www.bauplay.com\/wp-content\/uploads\/2022\/11\/Bauboard-sensorial-1-min.jpg","width":1200,"height":1200},{"@type":"BreadcrumbList","@id":"https:\/\/www.bauplay.com\/producto\/bauboard-mi-primer-juego-sensorial\/#breadcrumb","itemListElement":[{"@type":"ListItem","position":1,"name":"Portada","item":"https:\/\/www.bauplay.com\/"},{"@type":"ListItem","position":2,"name":"Tienda","item":"https:\/\/www.bauplay.com\/tienda\/"},{"@type":"ListItem","position":3,"name":"Bauboard \u00b7 Mi primer juego sensorial"}]},{"@type":"WebSite","@id":"https:\/\/www.bauplay.com\/#website","url":"https:\/\/www.bauplay.com\/","name":"Bauplay","description":"","publisher":{"@id":"https:\/\/www.bauplay.com\/#organization"},"potentialAction":[{"@type":"SearchAction","target":{"@type":"EntryPoint","urlTemplate":"https:\/\/www.bauplay.com\/?s={search_term_string}"},"query-input":{"@type":"PropertyValueSpecification","valueRequired":true,"valueName":"search_term_string"}}],"inLanguage":"de"},{"@type":"Organization","@id":"https:\/\/www.bauplay.com\/#organization","name":"Bauplay","url":"https:\/\/www.bauplay.com\/","logo":{"@type":"ImageObject","inLanguage":"de","@id":"https:\/\/www.bauplay.com\/#\/schema\/logo\/image\/","url":"https:\/\/www.bauplay.com\/wp-content\/uploads\/2021\/11\/Bauplay_logo.svg","contentUrl":"https:\/\/www.bauplay.com\/wp-content\/uploads\/2021\/11\/Bauplay_logo.svg","width":918,"height":207,"caption":"Bauplay"},"image":{"@id":"https:\/\/www.bauplay.com\/#\/schema\/logo\/image\/"}}]}},"_links":{"self":[{"href":"https:\/\/www.bauplay.com\/de\/wp-json\/wp\/v2\/product\/2632","targetHints":{"allow":["GET"]}}],"collection":[{"href":"https:\/\/www.bauplay.com\/de\/wp-json\/wp\/v2\/product"}],"about":[{"href":"https:\/\/www.bauplay.com\/de\/wp-json\/wp\/v2\/types\/product"}],"replies":[{"embeddable":true,"href":"https:\/\/www.bauplay.com\/de\/wp-json\/wp\/v2\/comments?post=2632"}],"wp:featuredmedia":[{"embeddable":true,"href":"https:\/\/www.bauplay.com\/de\/wp-json\/wp\/v2\/media\/2628"}],"wp:attachment":[{"href":"https:\/\/www.bauplay.com\/de\/wp-json\/wp\/v2\/media?parent=2632"}],"wp:term":[{"taxonomy":"product_brand","embeddable":true,"href":"https:\/\/www.bauplay.com\/de\/wp-json\/wp\/v2\/product_brand?post=2632"},{"taxonomy":"product_cat","embeddable":true,"href":"https:\/\/www.bauplay.com\/de\/wp-json\/wp\/v2\/product_cat?post=2632"},{"taxonomy":"product_tag","embeddable":true,"href":"https:\/\/www.bauplay.com\/de\/wp-json\/wp\/v2\/product_tag?post=2632"}],"curies":[{"name":"wp","href":"https:\/\/api.w.org\/{rel}","templated":true}]}}