{"id":398,"date":"2021-12-12T18:48:50","date_gmt":"2021-12-12T17:48:50","guid":{"rendered":"https:\/\/www.bauplay.com\/terms-privacy\/"},"modified":"2022-03-03T20:31:35","modified_gmt":"2022-03-03T19:31:35","slug":"datenschutzrichtlinie","status":"publish","type":"page","link":"https:\/\/www.bauplay.com\/de\/politica-de-privacidad\/","title":{"rendered":"Datenschutzrichtlinie"},"content":{"rendered":"<div data-elementor-type=\"wp-page\" data-elementor-id=\"398\" class=\"elementor elementor-398\" data-elementor-post-type=\"page\">\n\t\t\t\t\t\t<section class=\"elementor-section elementor-top-section elementor-element elementor-element-20bce81d elementor-section-content-middle elementor-section-full_width elementor-section-height-default elementor-section-height-default\" data-id=\"20bce81d\" data-element_type=\"section\" data-e-type=\"section\">\n\t\t\t\t\t\t<div class=\"elementor-container elementor-column-gap-no\">\n\t\t\t\t\t<div class=\"elementor-column elementor-col-100 elementor-top-column elementor-element elementor-element-cc00c06\" data-id=\"cc00c06\" data-element_type=\"column\" data-e-type=\"column\">\n\t\t\t<div class=\"elementor-widget-wrap elementor-element-populated\">\n\t\t\t\t\t\t<div class=\"elementor-element elementor-element-129ac6fb elementor-widget elementor-widget-heading\" data-id=\"129ac6fb\" data-element_type=\"widget\" data-e-type=\"widget\" data-widget_type=\"heading.default\">\n\t\t\t\t<div class=\"elementor-widget-container\">\n\t\t\t\t\t<h2 class=\"elementor-heading-title elementor-size-default\">Datenschutzrichtlinie<\/h2>\t\t\t\t<\/div>\n\t\t\t\t<\/div>\n\t\t\t\t\t<\/div>\n\t\t<\/div>\n\t\t\t\t\t<\/div>\n\t\t<\/section>\n\t\t\t\t<section class=\"elementor-section elementor-top-section elementor-element elementor-element-4d6ca093 elementor-section-content-top elementor-section-full_width elementor-section-height-default elementor-section-height-default\" data-id=\"4d6ca093\" data-element_type=\"section\" data-e-type=\"section\">\n\t\t\t\t\t\t<div class=\"elementor-container elementor-column-gap-no\">\n\t\t\t\t\t<div class=\"elementor-column elementor-col-50 elementor-top-column elementor-element elementor-element-34c226bd\" data-id=\"34c226bd\" data-element_type=\"column\" data-e-type=\"column\">\n\t\t\t<div class=\"elementor-widget-wrap elementor-element-populated\">\n\t\t\t\t\t\t<div class=\"elementor-element elementor-element-4a84c69a elementor-widget elementor-widget-text-editor\" data-id=\"4a84c69a\" data-element_type=\"widget\" data-e-type=\"widget\" data-widget_type=\"text-editor.default\">\n\t\t\t\t<div class=\"elementor-widget-container\">\n\t\t\t\t\t\t\t\t\t<p>Diese Datenschutzrichtlinie legt die Bedingungen fest, unter denen Randomers die Informationen, die seine Nutzer bei der Nutzung seiner Website zur Verf\u00fcgung stellen, verwendet und sch\u00fctzt. Dieses Unternehmen verpflichtet sich zur Sicherheit der Daten seiner Nutzer. Wenn wir Sie bitten, die Felder mit pers\u00f6nlichen Informationen auszuf\u00fcllen, mit denen Sie identifiziert werden k\u00f6nnen, tun wir dies in der Zusicherung, dass diese nur gem\u00e4\u00df den Bestimmungen dieses Dokuments verwendet werden. Diese Datenschutzrichtlinie kann sich jedoch im Laufe der Zeit \u00e4ndern oder aktualisiert werden, weshalb wir Ihnen empfehlen und betonen, diese Seite kontinuierlich zu \u00fcberpr\u00fcfen, um sicherzustellen, dass Sie mit diesen \u00c4nderungen einverstanden sind.<\/p><ul><li><strong>Gesammelte Informationen<\/strong><\/li><\/ul><p>Unsere Website kann pers\u00f6nliche Informationen sammeln, z. B. Name, Kontaktinformationen wie Ihre E-Mail-Adresse und demografische Informationen. Ebenso k\u00f6nnen bei Bedarf spezifische Informationen angefordert werden, um eine Bestellung zu bearbeiten oder eine Lieferung oder Rechnung durchzuf\u00fchren.<\/p><ul><li><strong>Verwendung der gesammelten Informationen<\/strong><\/li><\/ul><p>Unsere Website verwendet die Informationen, um den bestm\u00f6glichen Service zu bieten, insbesondere zur F\u00fchrung von Nutzeraufzeichnungen, Bestellungen, falls zutreffend, und zur Verbesserung unserer Produkte und Dienstleistungen. Es ist m\u00f6glich, dass regelm\u00e4\u00dfig E-Mails \u00fcber unsere Website mit Sonderangeboten, neuen Produkten und anderen Werbeinformationen versendet werden, die wir f\u00fcr Sie relevant halten oder die Ihnen einen Vorteil bieten k\u00f6nnen. Diese E-Mails werden an die von Ihnen angegebene Adresse gesendet und k\u00f6nnen jederzeit abbestellt werden.<\/p><p>Randomers ist bestrebt, seine Informationen sicher aufzubewahren. Wir verwenden die fortschrittlichsten Systeme und aktualisieren sie st\u00e4ndig, um sicherzustellen, dass kein unbefugter Zugriff erfolgt.<\/p><ul><li><strong>Cookies<\/strong><\/li><\/ul><p>Ein Cookie ist eine Datei, die gesendet wird, um die Erlaubnis zum Speichern auf Ihrem Computer anzufordern. Wenn Sie diese Datei akzeptieren, wird sie erstellt und der Cookie dient dann dazu, Informationen \u00fcber den Webverkehr zu erhalten und zuk\u00fcnftige Besuche auf einer wiederkehrenden Website zu erleichtern. Eine weitere Funktion von Cookies ist, dass Websites Sie damit individuell erkennen und Ihnen somit den besten personalisierten Service ihrer Website bieten k\u00f6nnen.<\/p><p>Unsere Website verwendet Cookies, um die besuchten Seiten und deren H\u00e4ufigkeit zu identifizieren. Diese Informationen werden ausschlie\u00dflich f\u00fcr statistische Analysen verwendet und anschlie\u00dfend dauerhaft gel\u00f6scht. Sie k\u00f6nnen Cookies jederzeit von Ihrem Computer l\u00f6schen. Cookies helfen jedoch, einen besseren Service von Websites zu bieten. Sie gew\u00e4hren keinen Zugriff auf Informationen \u00fcber Ihren Computer oder Sie, es sei denn, Sie m\u00f6chten dies und stellen diese direkt zur Verf\u00fcgung. Sie k\u00f6nnen die Verwendung von Cookies akzeptieren oder ablehnen, jedoch akzeptieren die meisten Browser Cookies automatisch, da dies einen besseren Web-Service bietet. Sie k\u00f6nnen auch die Einstellungen Ihres Computers \u00e4ndern, um Cookies abzulehnen. Wenn Sie Cookies ablehnen, k\u00f6nnen Sie m\u00f6glicherweise einige unserer Dienste nicht nutzen.<\/p><ul><li><strong>Links zu Dritten<\/strong><\/li><\/ul><p>Diese Website kann Links zu anderen Websites enthalten, die f\u00fcr Sie von Interesse sein k\u00f6nnten. Sobald Sie auf diese Links klicken und unsere Seite verlassen, haben wir keine Kontrolle mehr \u00fcber die Website, zu der Sie weitergeleitet werden, und sind daher nicht f\u00fcr die Bedingungen, die Privatsph\u00e4re oder den Schutz Ihrer Daten auf diesen anderen Websites Dritter verantwortlich. Diese Websites unterliegen ihren eigenen Datenschutzrichtlinien, weshalb es ratsam ist, diese zu konsultieren, um sicherzustellen, dass Sie mit ihnen einverstanden sind.<\/p><ul><li><strong>Kontrolle Ihrer pers\u00f6nlichen Daten<\/strong><\/li><\/ul><p>Sie k\u00f6nnen die Erfassung oder Verwendung der auf unserer Website bereitgestellten pers\u00f6nlichen Daten jederzeit einschr\u00e4nken. Jedes Mal, wenn Sie aufgefordert werden, ein Formular auszuf\u00fcllen, z. B. zur Benutzerregistrierung, k\u00f6nnen Sie die Option zum Erhalt von Informationen per E-Mail markieren oder abw\u00e4hlen. Wenn Sie die Option zum Erhalt unseres Newsletters oder unserer Werbung markiert haben, k\u00f6nnen Sie diese jederzeit abbestellen.<\/p><p>Dieses Unternehmen wird die gesammelten pers\u00f6nlichen Daten nicht ohne Ihre Zustimmung verkaufen, abtreten oder verteilen, es sei denn, dies wird von einem Richter mit einem Gerichtsbeschluss verlangt.<\/p>\t\t\t\t\t\t\t\t<\/div>\n\t\t\t\t<\/div>\n\t\t\t\t\t<\/div>\n\t\t<\/div>\n\t\t\t\t<div class=\"elementor-column elementor-col-50 elementor-top-column elementor-element elementor-element-1221f8dd\" data-id=\"1221f8dd\" data-element_type=\"column\" data-e-type=\"column\">\n\t\t\t<div class=\"elementor-widget-wrap elementor-element-populated\">\n\t\t\t\t\t\t<div class=\"elementor-element elementor-element-81b2bba elementor-widget elementor-widget-heading\" data-id=\"81b2bba\" data-element_type=\"widget\" data-e-type=\"widget\" data-widget_type=\"heading.default\">\n\t\t\t\t<div class=\"elementor-widget-container\">\n\t\t\t\t\t<h3 class=\"elementor-heading-title elementor-size-default\">SCHUTZ PERSONENBEZOGENER DATEN<\/h3>\t\t\t\t<\/div>\n\t\t\t\t<\/div>\n\t\t\t\t<div class=\"elementor-element elementor-element-b3c3c5d elementor-widget elementor-widget-text-editor\" data-id=\"b3c3c5d\" data-element_type=\"widget\" data-e-type=\"widget\" data-widget_type=\"text-editor.default\">\n\t\t\t\t<div class=\"elementor-widget-container\">\n\t\t\t\t\t\t\t\t\t<p>15.1. Der Schutz der personenbezogenen Daten der nat\u00fcrlichen Person \u2013 des K\u00e4ufers oder seines Vertreters (im Folgenden \u00abbetroffene Person\u00bb) ist in der Verordnung Nr. 2016\/679 zum Schutz nat\u00fcrlicher Personen bei der Verarbeitung personenbezogener Daten und zum freien Datenverkehr und zur Aufhebung der Richtlinie 95\/46\/EG (Datenschutz-Grundverordnung), dem Gesetz Nr. 101\/2000 Slg. \u00fcber den Schutz personenbezogener Daten in der Fassung sp\u00e4terer Vorschriften und dem Gesetz, das das Gesetz Nr. 101\/2000 Slg. aufhebt, vorgesehen.<\/p><p>15.2. Wenn der Interessent das Benutzerkonto registriert, stimmt er der Verarbeitung der im Registrierungsprozess angegebenen personenbezogenen Daten und der durch die Nutzung des Benutzerkontos erhaltenen zus\u00e4tzlichen personenbezogenen Daten zu, sowohl zum Zweck der Verwaltung des Verk\u00e4ufers des Benutzerkontos <br \/><br \/><br \/><\/p><p><strong>Sie k\u00f6nnen Ihre Rechte auf Auskunft, Berichtigung oder L\u00f6schung dieser Daten jederzeit aus\u00fcben, indem Sie Ihre Anfrage an unsere E-Mail-Adresse richten: <\/strong><a href=\"mailto:lab@randomers.org\"><strong>lab@randomers.org<\/strong><\/a><\/p><p><strong>Formulare zur Aus\u00fcbung Ihrer Rechte finden Sie auf der Website der Datenschutzbeh\u00f6rde.<\/strong><\/p><p>Randomers beh\u00e4lt sich das Recht vor, die Bedingungen dieser Datenschutzrichtlinie jederzeit zu \u00e4ndern.<\/p>\t\t\t\t\t\t\t\t<\/div>\n\t\t\t\t<\/div>\n\t\t\t\t\t<\/div>\n\t\t<\/div>\n\t\t\t\t\t<\/div>\n\t\t<\/section>\n\t\t\t\t<\/div>","protected":false},"excerpt":{"rendered":"<p>La\u200b \u200bpresente\u200b \u200bPol\u00edtica\u200b \u200bde\u200b \u200bPrivacidad\u200b \u200bestablece\u200b \u200blos\u200b \u200bt\u00e9rminos\u200b \u200ben\u200b \u200bque\u200b Randomers\u200b \u200busa\u200b \u200by\u200b \u200bprotege\u200b \u200bla\u200b \u200binformaci\u00f3n\u200b \u200bque\u200b \u200bes\u200b \u200bproporcionada\u200b \u200bpor\u200b \u200bsus\u200b \u200busuarios\u200b \u200ben\u200b \u200bel momento\u200b \u200bde\u200b \u200butilizar\u200b \u200bsu\u200b \u200bsitio\u200b \u200bweb.\u200b \u200bEsta\u200b \u200bcompa\u00f1\u00eda\u200b \u200best\u00e1\u200b\u00a0 comprometida\u200b \u200bcon\u200b \u200bla seguridad\u200b \u200bde\u200b \u200blos\u200b \u200bdatos\u200b \u200bde\u200b \u200bsus\u200b \u200busuarios.\u200b \u200bCuando\u200b \u200ble\u200b \u200bpedimos\u200b \u200bcumplimentar\u200b \u200blos campos\u200b \u200bde\u200b \u200binformaci\u00f3n\u200b \u200bpersonal\u200b \u200bcon\u200b \u200bla\u200b \u200bcual\u200b [&hellip;]<\/p>\n","protected":false},"author":1,"featured_media":0,"parent":0,"menu_order":0,"comment_status":"closed","ping_status":"closed","template":"elementor_header_footer","meta":{"_acf_changed":false,"footnotes":""},"class_list":["post-398","page","type-page","status-publish","hentry"],"acf":[],"yoast_head":"<!-- This site is optimized with the Yoast SEO plugin v27.3 - https:\/\/yoast.com\/product\/yoast-seo-wordpress\/ -->\n<title>Pol\u00edtica de privacidad &#8226; Bauplay<\/title>\n<meta name=\"robots\" content=\"index, follow, max-snippet:-1, max-image-preview:large, max-video-preview:-1\" \/>\n<link rel=\"canonical\" href=\"https:\/\/www.bauplay.com\/de\/datenschutzrichtlinie\/\" \/>\n<meta property=\"og:locale\" content=\"de_DE\" \/>\n<meta property=\"og:type\" content=\"article\" \/>\n<meta property=\"og:title\" content=\"Pol\u00edtica de privacidad &#8226; Bauplay\" \/>\n<meta property=\"og:description\" content=\"La\u200b \u200bpresente\u200b \u200bPol\u00edtica\u200b \u200bde\u200b \u200bPrivacidad\u200b \u200bestablece\u200b \u200blos\u200b \u200bt\u00e9rminos\u200b \u200ben\u200b \u200bque\u200b Randomers\u200b \u200busa\u200b \u200by\u200b \u200bprotege\u200b \u200bla\u200b \u200binformaci\u00f3n\u200b \u200bque\u200b \u200bes\u200b \u200bproporcionada\u200b \u200bpor\u200b \u200bsus\u200b \u200busuarios\u200b \u200ben\u200b \u200bel momento\u200b \u200bde\u200b \u200butilizar\u200b \u200bsu\u200b \u200bsitio\u200b \u200bweb.\u200b \u200bEsta\u200b \u200bcompa\u00f1\u00eda\u200b \u200best\u00e1\u200b\u00a0 comprometida\u200b \u200bcon\u200b \u200bla seguridad\u200b \u200bde\u200b \u200blos\u200b \u200bdatos\u200b \u200bde\u200b \u200bsus\u200b \u200busuarios.\u200b \u200bCuando\u200b \u200ble\u200b \u200bpedimos\u200b \u200bcumplimentar\u200b \u200blos campos\u200b \u200bde\u200b \u200binformaci\u00f3n\u200b \u200bpersonal\u200b \u200bcon\u200b \u200bla\u200b \u200bcual\u200b [&hellip;]\" \/>\n<meta property=\"og:url\" content=\"https:\/\/www.bauplay.com\/de\/datenschutzrichtlinie\/\" \/>\n<meta property=\"og:site_name\" content=\"Bauplay\" \/>\n<meta property=\"article:modified_time\" content=\"2022-03-03T19:31:35+00:00\" \/>\n<meta name=\"twitter:card\" content=\"summary_large_image\" \/>\n<meta name=\"twitter:label1\" content=\"Gesch\u00e4tzte Lesezeit\" \/>\n\t<meta name=\"twitter:data1\" content=\"5\u00a0Minuten\" \/>\n<script type=\"application\/ld+json\" class=\"yoast-schema-graph\">{\"@context\":\"https:\\\/\\\/schema.org\",\"@graph\":[{\"@type\":\"WebPage\",\"@id\":\"https:\\\/\\\/www.bauplay.com\\\/politica-de-privacidad\\\/\",\"url\":\"https:\\\/\\\/www.bauplay.com\\\/politica-de-privacidad\\\/\",\"name\":\"Pol\u00edtica de privacidad &#8226; Bauplay\",\"isPartOf\":{\"@id\":\"https:\\\/\\\/www.bauplay.com\\\/#website\"},\"datePublished\":\"2021-12-12T17:48:50+00:00\",\"dateModified\":\"2022-03-03T19:31:35+00:00\",\"breadcrumb\":{\"@id\":\"https:\\\/\\\/www.bauplay.com\\\/politica-de-privacidad\\\/#breadcrumb\"},\"inLanguage\":\"de\",\"potentialAction\":[{\"@type\":\"ReadAction\",\"target\":[\"https:\\\/\\\/www.bauplay.com\\\/politica-de-privacidad\\\/\"]}]},{\"@type\":\"BreadcrumbList\",\"@id\":\"https:\\\/\\\/www.bauplay.com\\\/politica-de-privacidad\\\/#breadcrumb\",\"itemListElement\":[{\"@type\":\"ListItem\",\"position\":1,\"name\":\"Portada\",\"item\":\"https:\\\/\\\/www.bauplay.com\\\/\"},{\"@type\":\"ListItem\",\"position\":2,\"name\":\"Pol\u00edtica de privacidad\"}]},{\"@type\":\"WebSite\",\"@id\":\"https:\\\/\\\/www.bauplay.com\\\/#website\",\"url\":\"https:\\\/\\\/www.bauplay.com\\\/\",\"name\":\"Bauplay\",\"description\":\"\",\"publisher\":{\"@id\":\"https:\\\/\\\/www.bauplay.com\\\/#organization\"},\"potentialAction\":[{\"@type\":\"SearchAction\",\"target\":{\"@type\":\"EntryPoint\",\"urlTemplate\":\"https:\\\/\\\/www.bauplay.com\\\/?s={search_term_string}\"},\"query-input\":{\"@type\":\"PropertyValueSpecification\",\"valueRequired\":true,\"valueName\":\"search_term_string\"}}],\"inLanguage\":\"de\"},{\"@type\":\"Organization\",\"@id\":\"https:\\\/\\\/www.bauplay.com\\\/#organization\",\"name\":\"Bauplay\",\"url\":\"https:\\\/\\\/www.bauplay.com\\\/\",\"logo\":{\"@type\":\"ImageObject\",\"inLanguage\":\"de\",\"@id\":\"https:\\\/\\\/www.bauplay.com\\\/#\\\/schema\\\/logo\\\/image\\\/\",\"url\":\"https:\\\/\\\/www.bauplay.com\\\/wp-content\\\/uploads\\\/2021\\\/11\\\/Bauplay_logo.svg\",\"contentUrl\":\"https:\\\/\\\/www.bauplay.com\\\/wp-content\\\/uploads\\\/2021\\\/11\\\/Bauplay_logo.svg\",\"width\":918,\"height\":207,\"caption\":\"Bauplay\"},\"image\":{\"@id\":\"https:\\\/\\\/www.bauplay.com\\\/#\\\/schema\\\/logo\\\/image\\\/\"}}]}<\/script>\n<!-- \/ Yoast SEO plugin. -->","yoast_head_json":{"title":"Datenschutzrichtlinie \u2022 Bauplay","robots":{"index":"index","follow":"follow","max-snippet":"max-snippet:-1","max-image-preview":"max-image-preview:large","max-video-preview":"max-video-preview:-1"},"canonical":"https:\/\/www.bauplay.com\/de\/datenschutzrichtlinie\/","og_locale":"de_DE","og_type":"article","og_title":"Pol\u00edtica de privacidad &#8226; Bauplay","og_description":"La\u200b \u200bpresente\u200b \u200bPol\u00edtica\u200b \u200bde\u200b \u200bPrivacidad\u200b \u200bestablece\u200b \u200blos\u200b \u200bt\u00e9rminos\u200b \u200ben\u200b \u200bque\u200b Randomers\u200b \u200busa\u200b \u200by\u200b \u200bprotege\u200b \u200bla\u200b \u200binformaci\u00f3n\u200b \u200bque\u200b \u200bes\u200b \u200bproporcionada\u200b \u200bpor\u200b \u200bsus\u200b \u200busuarios\u200b \u200ben\u200b \u200bel momento\u200b \u200bde\u200b \u200butilizar\u200b \u200bsu\u200b \u200bsitio\u200b \u200bweb.\u200b \u200bEsta\u200b \u200bcompa\u00f1\u00eda\u200b \u200best\u00e1\u200b\u00a0 comprometida\u200b \u200bcon\u200b \u200bla seguridad\u200b \u200bde\u200b \u200blos\u200b \u200bdatos\u200b \u200bde\u200b \u200bsus\u200b \u200busuarios.\u200b \u200bCuando\u200b \u200ble\u200b \u200bpedimos\u200b \u200bcumplimentar\u200b \u200blos campos\u200b \u200bde\u200b \u200binformaci\u00f3n\u200b \u200bpersonal\u200b \u200bcon\u200b \u200bla\u200b \u200bcual\u200b [&hellip;]","og_url":"https:\/\/www.bauplay.com\/de\/datenschutzrichtlinie\/","og_site_name":"Bauplay","article_modified_time":"2022-03-03T19:31:35+00:00","twitter_card":"summary_large_image","twitter_misc":{"Gesch\u00e4tzte Lesezeit":"5\u00a0Minuten"},"schema":{"@context":"https:\/\/schema.org","@graph":[{"@type":"WebPage","@id":"https:\/\/www.bauplay.com\/politica-de-privacidad\/","url":"https:\/\/www.bauplay.com\/politica-de-privacidad\/","name":"Datenschutzrichtlinie \u2022 Bauplay","isPartOf":{"@id":"https:\/\/www.bauplay.com\/#website"},"datePublished":"2021-12-12T17:48:50+00:00","dateModified":"2022-03-03T19:31:35+00:00","breadcrumb":{"@id":"https:\/\/www.bauplay.com\/politica-de-privacidad\/#breadcrumb"},"inLanguage":"de","potentialAction":[{"@type":"ReadAction","target":["https:\/\/www.bauplay.com\/politica-de-privacidad\/"]}]},{"@type":"BreadcrumbList","@id":"https:\/\/www.bauplay.com\/politica-de-privacidad\/#breadcrumb","itemListElement":[{"@type":"ListItem","position":1,"name":"Portada","item":"https:\/\/www.bauplay.com\/"},{"@type":"ListItem","position":2,"name":"Pol\u00edtica de privacidad"}]},{"@type":"WebSite","@id":"https:\/\/www.bauplay.com\/#website","url":"https:\/\/www.bauplay.com\/","name":"Bauplay","description":"","publisher":{"@id":"https:\/\/www.bauplay.com\/#organization"},"potentialAction":[{"@type":"SearchAction","target":{"@type":"EntryPoint","urlTemplate":"https:\/\/www.bauplay.com\/?s={search_term_string}"},"query-input":{"@type":"PropertyValueSpecification","valueRequired":true,"valueName":"search_term_string"}}],"inLanguage":"de"},{"@type":"Organization","@id":"https:\/\/www.bauplay.com\/#organization","name":"Bauplay","url":"https:\/\/www.bauplay.com\/","logo":{"@type":"ImageObject","inLanguage":"de","@id":"https:\/\/www.bauplay.com\/#\/schema\/logo\/image\/","url":"https:\/\/www.bauplay.com\/wp-content\/uploads\/2021\/11\/Bauplay_logo.svg","contentUrl":"https:\/\/www.bauplay.com\/wp-content\/uploads\/2021\/11\/Bauplay_logo.svg","width":918,"height":207,"caption":"Bauplay"},"image":{"@id":"https:\/\/www.bauplay.com\/#\/schema\/logo\/image\/"}}]}},"_links":{"self":[{"href":"https:\/\/www.bauplay.com\/de\/wp-json\/wp\/v2\/pages\/398","targetHints":{"allow":["GET"]}}],"collection":[{"href":"https:\/\/www.bauplay.com\/de\/wp-json\/wp\/v2\/pages"}],"about":[{"href":"https:\/\/www.bauplay.com\/de\/wp-json\/wp\/v2\/types\/page"}],"author":[{"embeddable":true,"href":"https:\/\/www.bauplay.com\/de\/wp-json\/wp\/v2\/users\/1"}],"replies":[{"embeddable":true,"href":"https:\/\/www.bauplay.com\/de\/wp-json\/wp\/v2\/comments?post=398"}],"version-history":[{"count":0,"href":"https:\/\/www.bauplay.com\/de\/wp-json\/wp\/v2\/pages\/398\/revisions"}],"wp:attachment":[{"href":"https:\/\/www.bauplay.com\/de\/wp-json\/wp\/v2\/media?parent=398"}],"curies":[{"name":"wp","href":"https:\/\/api.w.org\/{rel}","templated":true}]}}