{"id":940,"date":"2021-12-12T18:48:52","date_gmt":"2021-12-12T17:48:52","guid":{"rendered":"http:\/\/xavi"},"modified":"2022-03-01T13:21:20","modified_gmt":"2022-03-01T12:21:20","slug":"taska-pres-rameno","status":"publish","type":"product","link":"https:\/\/www.bauplay.com\/cs\/producto\/tote-bag\/","title":{"rendered":"Totebag"},"content":{"rendered":"","protected":false},"excerpt":{"rendered":"<p>Origin\u00e1ln\u00ed ta\u0161ka s ilustrac\u00ed od Bautype<\/p>","protected":false},"featured_media":1216,"comment_status":"open","ping_status":"closed","template":"","meta":{"_acf_changed":false},"product_brand":[],"product_cat":[32],"product_tag":[34],"class_list":{"0":"post-940","1":"product","2":"type-product","3":"status-publish","4":"has-post-thumbnail","6":"product_cat-merchandising","7":"product_tag-destacado","9":"first","10":"instock","11":"purchasable","12":"product-type-simple"},"acf":[],"yoast_head":"<!-- This site is optimized with the Yoast SEO plugin v27.3 - https:\/\/yoast.com\/product\/yoast-seo-wordpress\/ -->\n<title>Totebag &#8226; Bauplay<\/title>\n<meta name=\"robots\" content=\"index, follow, max-snippet:-1, max-image-preview:large, max-video-preview:-1\" \/>\n<link rel=\"canonical\" href=\"https:\/\/www.bauplay.com\/cs\/produkt-2\/taska-pres-rameno\/\" \/>\n<meta property=\"og:locale\" content=\"cs_CZ\" \/>\n<meta property=\"og:type\" content=\"article\" \/>\n<meta property=\"og:title\" content=\"Totebag &#8226; Bauplay\" \/>\n<meta property=\"og:description\" content=\"Una original totebag con ilustraci\u00f3n de Bautype\" \/>\n<meta property=\"og:url\" content=\"https:\/\/www.bauplay.com\/cs\/produkt-2\/taska-pres-rameno\/\" \/>\n<meta property=\"og:site_name\" content=\"Bauplay\" \/>\n<meta property=\"article:modified_time\" content=\"2022-03-01T12:21:20+00:00\" \/>\n<meta property=\"og:image\" content=\"https:\/\/www.bauplay.com\/wp-content\/uploads\/2021\/12\/Totebag.jpg\" \/>\n\t<meta property=\"og:image:width\" content=\"900\" \/>\n\t<meta property=\"og:image:height\" content=\"663\" \/>\n\t<meta property=\"og:image:type\" content=\"image\/jpeg\" \/>\n<meta name=\"twitter:card\" content=\"summary_large_image\" \/>\n<script type=\"application\/ld+json\" class=\"yoast-schema-graph\">{\"@context\":\"https:\\\/\\\/schema.org\",\"@graph\":[{\"@type\":\"WebPage\",\"@id\":\"https:\\\/\\\/www.bauplay.com\\\/producto\\\/tote-bag\\\/\",\"url\":\"https:\\\/\\\/www.bauplay.com\\\/producto\\\/tote-bag\\\/\",\"name\":\"Totebag &#8226; Bauplay\",\"isPartOf\":{\"@id\":\"https:\\\/\\\/www.bauplay.com\\\/#website\"},\"primaryImageOfPage\":{\"@id\":\"https:\\\/\\\/www.bauplay.com\\\/producto\\\/tote-bag\\\/#primaryimage\"},\"image\":{\"@id\":\"https:\\\/\\\/www.bauplay.com\\\/producto\\\/tote-bag\\\/#primaryimage\"},\"thumbnailUrl\":\"https:\\\/\\\/www.bauplay.com\\\/wp-content\\\/uploads\\\/2021\\\/12\\\/Totebag.jpg\",\"datePublished\":\"2021-12-12T17:48:52+00:00\",\"dateModified\":\"2022-03-01T12:21:20+00:00\",\"breadcrumb\":{\"@id\":\"https:\\\/\\\/www.bauplay.com\\\/producto\\\/tote-bag\\\/#breadcrumb\"},\"inLanguage\":\"cs\",\"potentialAction\":[{\"@type\":\"ReadAction\",\"target\":[\"https:\\\/\\\/www.bauplay.com\\\/producto\\\/tote-bag\\\/\"]}]},{\"@type\":\"ImageObject\",\"inLanguage\":\"cs\",\"@id\":\"https:\\\/\\\/www.bauplay.com\\\/producto\\\/tote-bag\\\/#primaryimage\",\"url\":\"https:\\\/\\\/www.bauplay.com\\\/wp-content\\\/uploads\\\/2021\\\/12\\\/Totebag.jpg\",\"contentUrl\":\"https:\\\/\\\/www.bauplay.com\\\/wp-content\\\/uploads\\\/2021\\\/12\\\/Totebag.jpg\",\"width\":900,\"height\":663},{\"@type\":\"BreadcrumbList\",\"@id\":\"https:\\\/\\\/www.bauplay.com\\\/producto\\\/tote-bag\\\/#breadcrumb\",\"itemListElement\":[{\"@type\":\"ListItem\",\"position\":1,\"name\":\"Portada\",\"item\":\"https:\\\/\\\/www.bauplay.com\\\/\"},{\"@type\":\"ListItem\",\"position\":2,\"name\":\"Tienda\",\"item\":\"https:\\\/\\\/www.bauplay.com\\\/tienda\\\/\"},{\"@type\":\"ListItem\",\"position\":3,\"name\":\"Totebag\"}]},{\"@type\":\"WebSite\",\"@id\":\"https:\\\/\\\/www.bauplay.com\\\/#website\",\"url\":\"https:\\\/\\\/www.bauplay.com\\\/\",\"name\":\"Bauplay\",\"description\":\"\",\"publisher\":{\"@id\":\"https:\\\/\\\/www.bauplay.com\\\/#organization\"},\"potentialAction\":[{\"@type\":\"SearchAction\",\"target\":{\"@type\":\"EntryPoint\",\"urlTemplate\":\"https:\\\/\\\/www.bauplay.com\\\/?s={search_term_string}\"},\"query-input\":{\"@type\":\"PropertyValueSpecification\",\"valueRequired\":true,\"valueName\":\"search_term_string\"}}],\"inLanguage\":\"cs\"},{\"@type\":\"Organization\",\"@id\":\"https:\\\/\\\/www.bauplay.com\\\/#organization\",\"name\":\"Bauplay\",\"url\":\"https:\\\/\\\/www.bauplay.com\\\/\",\"logo\":{\"@type\":\"ImageObject\",\"inLanguage\":\"cs\",\"@id\":\"https:\\\/\\\/www.bauplay.com\\\/#\\\/schema\\\/logo\\\/image\\\/\",\"url\":\"https:\\\/\\\/www.bauplay.com\\\/wp-content\\\/uploads\\\/2021\\\/11\\\/Bauplay_logo.svg\",\"contentUrl\":\"https:\\\/\\\/www.bauplay.com\\\/wp-content\\\/uploads\\\/2021\\\/11\\\/Bauplay_logo.svg\",\"width\":918,\"height\":207,\"caption\":\"Bauplay\"},\"image\":{\"@id\":\"https:\\\/\\\/www.bauplay.com\\\/#\\\/schema\\\/logo\\\/image\\\/\"}}]}<\/script>\n<!-- \/ Yoast SEO plugin. -->","yoast_head_json":{"title":"Totebag \u2022 Bauplay","robots":{"index":"index","follow":"follow","max-snippet":"max-snippet:-1","max-image-preview":"max-image-preview:large","max-video-preview":"max-video-preview:-1"},"canonical":"https:\/\/www.bauplay.com\/cs\/produkt-2\/taska-pres-rameno\/","og_locale":"cs_CZ","og_type":"article","og_title":"Totebag &#8226; Bauplay","og_description":"Una original totebag con ilustraci\u00f3n de Bautype","og_url":"https:\/\/www.bauplay.com\/cs\/produkt-2\/taska-pres-rameno\/","og_site_name":"Bauplay","article_modified_time":"2022-03-01T12:21:20+00:00","og_image":[{"width":900,"height":663,"url":"https:\/\/www.bauplay.com\/wp-content\/uploads\/2021\/12\/Totebag.jpg","type":"image\/jpeg"}],"twitter_card":"summary_large_image","schema":{"@context":"https:\/\/schema.org","@graph":[{"@type":"WebPage","@id":"https:\/\/www.bauplay.com\/producto\/tote-bag\/","url":"https:\/\/www.bauplay.com\/producto\/tote-bag\/","name":"Totebag \u2022 Bauplay","isPartOf":{"@id":"https:\/\/www.bauplay.com\/#website"},"primaryImageOfPage":{"@id":"https:\/\/www.bauplay.com\/producto\/tote-bag\/#primaryimage"},"image":{"@id":"https:\/\/www.bauplay.com\/producto\/tote-bag\/#primaryimage"},"thumbnailUrl":"https:\/\/www.bauplay.com\/wp-content\/uploads\/2021\/12\/Totebag.jpg","datePublished":"2021-12-12T17:48:52+00:00","dateModified":"2022-03-01T12:21:20+00:00","breadcrumb":{"@id":"https:\/\/www.bauplay.com\/producto\/tote-bag\/#breadcrumb"},"inLanguage":"cs","potentialAction":[{"@type":"ReadAction","target":["https:\/\/www.bauplay.com\/producto\/tote-bag\/"]}]},{"@type":"ImageObject","inLanguage":"cs","@id":"https:\/\/www.bauplay.com\/producto\/tote-bag\/#primaryimage","url":"https:\/\/www.bauplay.com\/wp-content\/uploads\/2021\/12\/Totebag.jpg","contentUrl":"https:\/\/www.bauplay.com\/wp-content\/uploads\/2021\/12\/Totebag.jpg","width":900,"height":663},{"@type":"BreadcrumbList","@id":"https:\/\/www.bauplay.com\/producto\/tote-bag\/#breadcrumb","itemListElement":[{"@type":"ListItem","position":1,"name":"Portada","item":"https:\/\/www.bauplay.com\/"},{"@type":"ListItem","position":2,"name":"Tienda","item":"https:\/\/www.bauplay.com\/tienda\/"},{"@type":"ListItem","position":3,"name":"Totebag"}]},{"@type":"WebSite","@id":"https:\/\/www.bauplay.com\/#website","url":"https:\/\/www.bauplay.com\/","name":"Bauplay","description":"","publisher":{"@id":"https:\/\/www.bauplay.com\/#organization"},"potentialAction":[{"@type":"SearchAction","target":{"@type":"EntryPoint","urlTemplate":"https:\/\/www.bauplay.com\/?s={search_term_string}"},"query-input":{"@type":"PropertyValueSpecification","valueRequired":true,"valueName":"search_term_string"}}],"inLanguage":"cs"},{"@type":"Organization","@id":"https:\/\/www.bauplay.com\/#organization","name":"Bauplay","url":"https:\/\/www.bauplay.com\/","logo":{"@type":"ImageObject","inLanguage":"cs","@id":"https:\/\/www.bauplay.com\/#\/schema\/logo\/image\/","url":"https:\/\/www.bauplay.com\/wp-content\/uploads\/2021\/11\/Bauplay_logo.svg","contentUrl":"https:\/\/www.bauplay.com\/wp-content\/uploads\/2021\/11\/Bauplay_logo.svg","width":918,"height":207,"caption":"Bauplay"},"image":{"@id":"https:\/\/www.bauplay.com\/#\/schema\/logo\/image\/"}}]}},"_links":{"self":[{"href":"https:\/\/www.bauplay.com\/cs\/wp-json\/wp\/v2\/product\/940","targetHints":{"allow":["GET"]}}],"collection":[{"href":"https:\/\/www.bauplay.com\/cs\/wp-json\/wp\/v2\/product"}],"about":[{"href":"https:\/\/www.bauplay.com\/cs\/wp-json\/wp\/v2\/types\/product"}],"replies":[{"embeddable":true,"href":"https:\/\/www.bauplay.com\/cs\/wp-json\/wp\/v2\/comments?post=940"}],"wp:featuredmedia":[{"embeddable":true,"href":"https:\/\/www.bauplay.com\/cs\/wp-json\/wp\/v2\/media\/1216"}],"wp:attachment":[{"href":"https:\/\/www.bauplay.com\/cs\/wp-json\/wp\/v2\/media?parent=940"}],"wp:term":[{"taxonomy":"product_brand","embeddable":true,"href":"https:\/\/www.bauplay.com\/cs\/wp-json\/wp\/v2\/product_brand?post=940"},{"taxonomy":"product_cat","embeddable":true,"href":"https:\/\/www.bauplay.com\/cs\/wp-json\/wp\/v2\/product_cat?post=940"},{"taxonomy":"product_tag","embeddable":true,"href":"https:\/\/www.bauplay.com\/cs\/wp-json\/wp\/v2\/product_tag?post=940"}],"curies":[{"name":"wp","href":"https:\/\/api.w.org\/{rel}","templated":true}]}}