{"id":2632,"date":"2022-11-18T23:43:56","date_gmt":"2022-11-18T22:43:56","guid":{"rendered":"https:\/\/www.bauplay.com\/?post_type=product&#038;p=2632"},"modified":"2025-09-26T20:15:30","modified_gmt":"2025-09-26T18:15:30","slug":"bauboard-moje-prvni-smyslova-hra","status":"publish","type":"product","link":"https:\/\/www.bauplay.com\/cs\/producto\/bauboard-mi-primer-juego-sensorial\/","title":{"rendered":"Bauboard \u00b7 Moje prvn\u00ed smyslov\u00e1 hra"},"content":{"rendered":"<p>S Bauboardem se u\u010d\u00edme hr\u00e1t tak, \u017ee lep\u00edme geometrick\u00e9 kousky \u010dern\u00e9 plsti na b\u00edlou pl\u00e1t\u011bnou desku se such\u00fdm zipem a vytv\u00e1\u0159\u00edme z nich v\u00fdtvory, kter\u00e9 n\u00e1s nut\u00ed vytv\u00e1\u0159et p\u0159\u00edb\u011bh. Je mo\u017en\u00e9 okop\u00edrovat v\u00fdtvor navr\u017een\u00fd jako p\u0159\u00edklad v 10 kart\u00e1ch, kter\u00e9 v\u00e1m nab\u00edz\u00edme, nebo si vytvo\u0159it vlastn\u00ed v\u00fdtvory. Tyto karti\u010dky poskytuj\u00ed n\u00e1pady na rozvinut\u00ed p\u0159\u00edb\u011bhu a tak\u00e9 ponech\u00e1vaj\u00ed prostor pro zaps\u00e1n\u00ed vlastn\u00edch n\u00e1pad\u016f. Jedn\u00e1 se o ide\u00e1ln\u00ed hru, kterou m\u016f\u017eete sd\u00edlet s nejmen\u0161\u00edmi b\u011bhem prvn\u00edch m\u011bs\u00edc\u016f \u017eivota, proto\u017ee vysok\u00fd kontrast barev a z\u00e1kladn\u00edch tvar\u016f napom\u016f\u017ee rozvoji d\u00edt\u011bte. Pozd\u011bji funguje, stejn\u011b jako pro rodi\u010de nebo kohokoli jin\u00e9ho v jak\u00e9mkoli v\u011bku, jako n\u00e1stroj k udr\u017een\u00ed aktivn\u00ed mysli a je zdrojem inspirace k vytv\u00e1\u0159en\u00ed liter\u00e1rn\u00edch p\u0159\u00edb\u011bh\u016f z toho, co pomoc\u00ed tvar\u016f hry vytvo\u0159\u00edme. V\u00fdtvory se uchov\u00e1vaj\u00ed na pl\u00e1tn\u011b na na\u0161em stojanu Bauplay\u00ae nebo se zav\u011b\u0161uj\u00ed na ze\u010f jako um\u011bleck\u00e9 d\u00edlo, kter\u00e9 lze libovoln\u011b \u010dasto p\u0159etv\u00e1\u0159et nebo m\u011bnit.<\/p>\n<p>&nbsp;<\/p>\n<p style=\"text-align: center;\"><img decoding=\"async\" src=\"https:\/\/www.bauplay.com\/wp-content\/uploads\/2022\/10\/EyC.png\" width=\"100px\" \/><\/p>\n<p>Pou\u017e\u00edv\u00e1me aktivn\u00ed metodiky, proto\u017ee abychom se mohli u\u010dit, je t\u0159eba to pro\u017e\u00edt a za\u017e\u00edt. V\u0161echny hry zna\u010dky Bauplay\u00ae posiluj\u00ed mnoho\u010detnou inteligenci a \u0159\u00edd\u00ed se z\u00e1sadami metody \"multiinteligence\". <strong>vzd\u011bl\u00e1v\u00e1n\u00ed zam\u011b\u0159en\u00e9 na d\u011bti<\/strong>, jako v Reggio Emilia, Pikler, Waldorf nebo dal\u0161\u00ed. <a href=\"https:\/\/es.wikipedia.org\/wiki\/M%C3%A9todo_Montessori\" target=\"_blank\" rel=\"noopener\">Montessori<\/a> (s p\u0159\u00edslu\u0161n\u00fdmi rozd\u00edly).<\/p>","protected":false},"excerpt":{"rendered":"<p>Bauboard\u00ae \u00abMoje prvn\u00ed smyslov\u00e1 hra\u00bb je kreativn\u00ed, liter\u00e1rn\u00ed a vzd\u011bl\u00e1vac\u00ed hra ze 70 geometrick\u00fdch plst\u011bn\u00fdch d\u00edlk\u016f v \u010dern\u00e9 barv\u011b. Hra obsahuje list, kter\u00fd lze p\u0159em\u011bnit na 10 karet s r\u016fzn\u00fdmi kreativn\u00edmi n\u00e1vrhy. Na zadn\u00ed stran\u011b najdete 5 n\u00e1vrh\u016f p\u0159\u00edb\u011bh\u016f, kter\u00e9 m\u016f\u017eete rozv\u00edjet p\u0159i tvorb\u011b nov\u00fdch kreseb na desce Bauboard\u00ae, vyroben\u00e9 ze d\u0159eva a b\u00edl\u00e9ho such\u00e9ho zipu, a filcov\u00fdch d\u00edlc\u00edch.<\/p>","protected":false},"featured_media":2628,"comment_status":"open","ping_status":"closed","template":"","meta":{"_acf_changed":false},"product_brand":[],"product_cat":[47,21],"product_tag":[34],"class_list":{"0":"post-2632","1":"product","2":"type-product","3":"status-publish","4":"has-post-thumbnail","6":"product_cat-bauboard","7":"product_cat-juegos","8":"product_tag-destacado","10":"first","11":"instock","12":"purchasable","13":"product-type-variable"},"acf":[],"yoast_head":"<!-- This site is optimized with the Yoast SEO plugin v27.3 - https:\/\/yoast.com\/product\/yoast-seo-wordpress\/ -->\n<title>Bauboard \u00b7 Mi primer juego sensorial &#8226; Bauplay<\/title>\n<meta name=\"robots\" content=\"index, follow, max-snippet:-1, max-image-preview:large, max-video-preview:-1\" \/>\n<link rel=\"canonical\" href=\"https:\/\/www.bauplay.com\/cs\/produkt-2\/bauboard-moje-prvni-smyslova-hra\/\" \/>\n<meta property=\"og:locale\" content=\"cs_CZ\" \/>\n<meta property=\"og:type\" content=\"article\" \/>\n<meta property=\"og:title\" content=\"Bauboard \u00b7 Mi primer juego sensorial &#8226; Bauplay\" \/>\n<meta property=\"og:description\" content=\"Bauboard\u00ae &quot;Mi primer juego sensorial&quot; es un juego creativo, literario y educativo que est\u00e1 desarrollado a base de 70 piezas de fieltro geom\u00e9tricas en color negro. El juego contiene una hoja convertible en 10 tarjetas con diferentes propuestas creativas. En el reverso encontrar\u00e1s 5 propuestas de historias que puedes desarrollar mientras formas nuevos dibujos en la tableta Bauboard\u00ae, hecha con madera y velcro blanco, y las piezas de fieltro.\" \/>\n<meta property=\"og:url\" content=\"https:\/\/www.bauplay.com\/cs\/produkt-2\/bauboard-moje-prvni-smyslova-hra\/\" \/>\n<meta property=\"og:site_name\" content=\"Bauplay\" \/>\n<meta property=\"article:modified_time\" content=\"2025-09-26T18:15:30+00:00\" \/>\n<meta property=\"og:image\" content=\"https:\/\/www.bauplay.com\/wp-content\/uploads\/2022\/11\/Bauboard-sensorial-1-min.jpg\" \/>\n\t<meta property=\"og:image:width\" content=\"1200\" \/>\n\t<meta property=\"og:image:height\" content=\"1200\" \/>\n\t<meta property=\"og:image:type\" content=\"image\/jpeg\" \/>\n<meta name=\"twitter:card\" content=\"summary_large_image\" \/>\n<meta name=\"twitter:label1\" content=\"Odhadovan\u00e1 doba \u010dten\u00ed\" \/>\n\t<meta name=\"twitter:data1\" content=\"1 minuta\" \/>\n<script type=\"application\/ld+json\" class=\"yoast-schema-graph\">{\"@context\":\"https:\\\/\\\/schema.org\",\"@graph\":[{\"@type\":\"WebPage\",\"@id\":\"https:\\\/\\\/www.bauplay.com\\\/producto\\\/bauboard-mi-primer-juego-sensorial\\\/\",\"url\":\"https:\\\/\\\/www.bauplay.com\\\/producto\\\/bauboard-mi-primer-juego-sensorial\\\/\",\"name\":\"Bauboard \u00b7 Mi primer juego sensorial &#8226; Bauplay\",\"isPartOf\":{\"@id\":\"https:\\\/\\\/www.bauplay.com\\\/#website\"},\"primaryImageOfPage\":{\"@id\":\"https:\\\/\\\/www.bauplay.com\\\/producto\\\/bauboard-mi-primer-juego-sensorial\\\/#primaryimage\"},\"image\":{\"@id\":\"https:\\\/\\\/www.bauplay.com\\\/producto\\\/bauboard-mi-primer-juego-sensorial\\\/#primaryimage\"},\"thumbnailUrl\":\"https:\\\/\\\/www.bauplay.com\\\/wp-content\\\/uploads\\\/2022\\\/11\\\/Bauboard-sensorial-1-min.jpg\",\"datePublished\":\"2022-11-18T22:43:56+00:00\",\"dateModified\":\"2025-09-26T18:15:30+00:00\",\"breadcrumb\":{\"@id\":\"https:\\\/\\\/www.bauplay.com\\\/producto\\\/bauboard-mi-primer-juego-sensorial\\\/#breadcrumb\"},\"inLanguage\":\"cs\",\"potentialAction\":[{\"@type\":\"ReadAction\",\"target\":[\"https:\\\/\\\/www.bauplay.com\\\/producto\\\/bauboard-mi-primer-juego-sensorial\\\/\"]}]},{\"@type\":\"ImageObject\",\"inLanguage\":\"cs\",\"@id\":\"https:\\\/\\\/www.bauplay.com\\\/producto\\\/bauboard-mi-primer-juego-sensorial\\\/#primaryimage\",\"url\":\"https:\\\/\\\/www.bauplay.com\\\/wp-content\\\/uploads\\\/2022\\\/11\\\/Bauboard-sensorial-1-min.jpg\",\"contentUrl\":\"https:\\\/\\\/www.bauplay.com\\\/wp-content\\\/uploads\\\/2022\\\/11\\\/Bauboard-sensorial-1-min.jpg\",\"width\":1200,\"height\":1200},{\"@type\":\"BreadcrumbList\",\"@id\":\"https:\\\/\\\/www.bauplay.com\\\/producto\\\/bauboard-mi-primer-juego-sensorial\\\/#breadcrumb\",\"itemListElement\":[{\"@type\":\"ListItem\",\"position\":1,\"name\":\"Portada\",\"item\":\"https:\\\/\\\/www.bauplay.com\\\/\"},{\"@type\":\"ListItem\",\"position\":2,\"name\":\"Tienda\",\"item\":\"https:\\\/\\\/www.bauplay.com\\\/tienda\\\/\"},{\"@type\":\"ListItem\",\"position\":3,\"name\":\"Bauboard \u00b7 Mi primer juego sensorial\"}]},{\"@type\":\"WebSite\",\"@id\":\"https:\\\/\\\/www.bauplay.com\\\/#website\",\"url\":\"https:\\\/\\\/www.bauplay.com\\\/\",\"name\":\"Bauplay\",\"description\":\"\",\"publisher\":{\"@id\":\"https:\\\/\\\/www.bauplay.com\\\/#organization\"},\"potentialAction\":[{\"@type\":\"SearchAction\",\"target\":{\"@type\":\"EntryPoint\",\"urlTemplate\":\"https:\\\/\\\/www.bauplay.com\\\/?s={search_term_string}\"},\"query-input\":{\"@type\":\"PropertyValueSpecification\",\"valueRequired\":true,\"valueName\":\"search_term_string\"}}],\"inLanguage\":\"cs\"},{\"@type\":\"Organization\",\"@id\":\"https:\\\/\\\/www.bauplay.com\\\/#organization\",\"name\":\"Bauplay\",\"url\":\"https:\\\/\\\/www.bauplay.com\\\/\",\"logo\":{\"@type\":\"ImageObject\",\"inLanguage\":\"cs\",\"@id\":\"https:\\\/\\\/www.bauplay.com\\\/#\\\/schema\\\/logo\\\/image\\\/\",\"url\":\"https:\\\/\\\/www.bauplay.com\\\/wp-content\\\/uploads\\\/2021\\\/11\\\/Bauplay_logo.svg\",\"contentUrl\":\"https:\\\/\\\/www.bauplay.com\\\/wp-content\\\/uploads\\\/2021\\\/11\\\/Bauplay_logo.svg\",\"width\":918,\"height\":207,\"caption\":\"Bauplay\"},\"image\":{\"@id\":\"https:\\\/\\\/www.bauplay.com\\\/#\\\/schema\\\/logo\\\/image\\\/\"}}]}<\/script>\n<!-- \/ Yoast SEO plugin. -->","yoast_head_json":{"title":"Bauboard - Moje prvn\u00ed smyslov\u00e1 hra - Bauplay","robots":{"index":"index","follow":"follow","max-snippet":"max-snippet:-1","max-image-preview":"max-image-preview:large","max-video-preview":"max-video-preview:-1"},"canonical":"https:\/\/www.bauplay.com\/cs\/produkt-2\/bauboard-moje-prvni-smyslova-hra\/","og_locale":"cs_CZ","og_type":"article","og_title":"Bauboard \u00b7 Mi primer juego sensorial &#8226; Bauplay","og_description":"Bauboard\u00ae \"Mi primer juego sensorial\" es un juego creativo, literario y educativo que est\u00e1 desarrollado a base de 70 piezas de fieltro geom\u00e9tricas en color negro. El juego contiene una hoja convertible en 10 tarjetas con diferentes propuestas creativas. En el reverso encontrar\u00e1s 5 propuestas de historias que puedes desarrollar mientras formas nuevos dibujos en la tableta Bauboard\u00ae, hecha con madera y velcro blanco, y las piezas de fieltro.","og_url":"https:\/\/www.bauplay.com\/cs\/produkt-2\/bauboard-moje-prvni-smyslova-hra\/","og_site_name":"Bauplay","article_modified_time":"2025-09-26T18:15:30+00:00","og_image":[{"width":1200,"height":1200,"url":"https:\/\/www.bauplay.com\/wp-content\/uploads\/2022\/11\/Bauboard-sensorial-1-min.jpg","type":"image\/jpeg"}],"twitter_card":"summary_large_image","twitter_misc":{"Odhadovan\u00e1 doba \u010dten\u00ed":"1 minuta"},"schema":{"@context":"https:\/\/schema.org","@graph":[{"@type":"WebPage","@id":"https:\/\/www.bauplay.com\/producto\/bauboard-mi-primer-juego-sensorial\/","url":"https:\/\/www.bauplay.com\/producto\/bauboard-mi-primer-juego-sensorial\/","name":"Bauboard - Moje prvn\u00ed smyslov\u00e1 hra - Bauplay","isPartOf":{"@id":"https:\/\/www.bauplay.com\/#website"},"primaryImageOfPage":{"@id":"https:\/\/www.bauplay.com\/producto\/bauboard-mi-primer-juego-sensorial\/#primaryimage"},"image":{"@id":"https:\/\/www.bauplay.com\/producto\/bauboard-mi-primer-juego-sensorial\/#primaryimage"},"thumbnailUrl":"https:\/\/www.bauplay.com\/wp-content\/uploads\/2022\/11\/Bauboard-sensorial-1-min.jpg","datePublished":"2022-11-18T22:43:56+00:00","dateModified":"2025-09-26T18:15:30+00:00","breadcrumb":{"@id":"https:\/\/www.bauplay.com\/producto\/bauboard-mi-primer-juego-sensorial\/#breadcrumb"},"inLanguage":"cs","potentialAction":[{"@type":"ReadAction","target":["https:\/\/www.bauplay.com\/producto\/bauboard-mi-primer-juego-sensorial\/"]}]},{"@type":"ImageObject","inLanguage":"cs","@id":"https:\/\/www.bauplay.com\/producto\/bauboard-mi-primer-juego-sensorial\/#primaryimage","url":"https:\/\/www.bauplay.com\/wp-content\/uploads\/2022\/11\/Bauboard-sensorial-1-min.jpg","contentUrl":"https:\/\/www.bauplay.com\/wp-content\/uploads\/2022\/11\/Bauboard-sensorial-1-min.jpg","width":1200,"height":1200},{"@type":"BreadcrumbList","@id":"https:\/\/www.bauplay.com\/producto\/bauboard-mi-primer-juego-sensorial\/#breadcrumb","itemListElement":[{"@type":"ListItem","position":1,"name":"Portada","item":"https:\/\/www.bauplay.com\/"},{"@type":"ListItem","position":2,"name":"Tienda","item":"https:\/\/www.bauplay.com\/tienda\/"},{"@type":"ListItem","position":3,"name":"Bauboard \u00b7 Mi primer juego sensorial"}]},{"@type":"WebSite","@id":"https:\/\/www.bauplay.com\/#website","url":"https:\/\/www.bauplay.com\/","name":"Bauplay","description":"","publisher":{"@id":"https:\/\/www.bauplay.com\/#organization"},"potentialAction":[{"@type":"SearchAction","target":{"@type":"EntryPoint","urlTemplate":"https:\/\/www.bauplay.com\/?s={search_term_string}"},"query-input":{"@type":"PropertyValueSpecification","valueRequired":true,"valueName":"search_term_string"}}],"inLanguage":"cs"},{"@type":"Organization","@id":"https:\/\/www.bauplay.com\/#organization","name":"Bauplay","url":"https:\/\/www.bauplay.com\/","logo":{"@type":"ImageObject","inLanguage":"cs","@id":"https:\/\/www.bauplay.com\/#\/schema\/logo\/image\/","url":"https:\/\/www.bauplay.com\/wp-content\/uploads\/2021\/11\/Bauplay_logo.svg","contentUrl":"https:\/\/www.bauplay.com\/wp-content\/uploads\/2021\/11\/Bauplay_logo.svg","width":918,"height":207,"caption":"Bauplay"},"image":{"@id":"https:\/\/www.bauplay.com\/#\/schema\/logo\/image\/"}}]}},"_links":{"self":[{"href":"https:\/\/www.bauplay.com\/cs\/wp-json\/wp\/v2\/product\/2632","targetHints":{"allow":["GET"]}}],"collection":[{"href":"https:\/\/www.bauplay.com\/cs\/wp-json\/wp\/v2\/product"}],"about":[{"href":"https:\/\/www.bauplay.com\/cs\/wp-json\/wp\/v2\/types\/product"}],"replies":[{"embeddable":true,"href":"https:\/\/www.bauplay.com\/cs\/wp-json\/wp\/v2\/comments?post=2632"}],"wp:featuredmedia":[{"embeddable":true,"href":"https:\/\/www.bauplay.com\/cs\/wp-json\/wp\/v2\/media\/2628"}],"wp:attachment":[{"href":"https:\/\/www.bauplay.com\/cs\/wp-json\/wp\/v2\/media?parent=2632"}],"wp:term":[{"taxonomy":"product_brand","embeddable":true,"href":"https:\/\/www.bauplay.com\/cs\/wp-json\/wp\/v2\/product_brand?post=2632"},{"taxonomy":"product_cat","embeddable":true,"href":"https:\/\/www.bauplay.com\/cs\/wp-json\/wp\/v2\/product_cat?post=2632"},{"taxonomy":"product_tag","embeddable":true,"href":"https:\/\/www.bauplay.com\/cs\/wp-json\/wp\/v2\/product_tag?post=2632"}],"curies":[{"name":"wp","href":"https:\/\/api.w.org\/{rel}","templated":true}]}}