{"id":2623,"date":"2022-11-18T23:14:21","date_gmt":"2022-11-18T22:14:21","guid":{"rendered":"https:\/\/www.bauplay.com\/?post_type=product&#038;p=2623"},"modified":"2025-09-26T20:07:07","modified_gmt":"2025-09-26T18:07:07","slug":"bauboard-chci-byt-umelcem","status":"publish","type":"product","link":"https:\/\/www.bauplay.com\/cs\/producto\/bauboard-quiero-ser-artista\/","title":{"rendered":"Bauboard \u00b7 Hrajeme si s um\u011bn\u00edm!"},"content":{"rendered":"<p>Bauboard Chci b\u00fdt um\u011blcem! je pom\u016fcka k procvi\u010dov\u00e1n\u00ed jemn\u00e9 motoriky, logick\u00e9ho a kreativn\u00edho my\u0161len\u00ed, trp\u011blivosti, pam\u011bti a p\u0159edev\u0161\u00edm k u\u010den\u00ed hrou.<\/p>\n<p>&nbsp;<\/p>\n<p style=\"text-align: center;\"><img decoding=\"async\" src=\"https:\/\/www.bauplay.com\/wp-content\/uploads\/2022\/10\/EyC.png\" width=\"100px\" \/><\/p>\n<p>Pou\u017e\u00edv\u00e1me aktivn\u00ed metodiky, proto\u017ee abychom se mohli u\u010dit, je t\u0159eba to pro\u017e\u00edt a za\u017e\u00edt. V\u0161echny hry zna\u010dky Bauplay\u00ae posiluj\u00ed mnoho\u010detnou inteligenci a \u0159\u00edd\u00ed se z\u00e1sadami metody \"multiinteligence\". <strong>vzd\u011bl\u00e1v\u00e1n\u00ed zam\u011b\u0159en\u00e9 na d\u011bti<\/strong>, jako v Reggio Emilia, Pikler, Waldorf nebo dal\u0161\u00ed. <a href=\"https:\/\/es.wikipedia.org\/wiki\/M%C3%A9todo_Montessori\" target=\"_blank\" rel=\"noopener\">Montessori<\/a> (s p\u0159\u00edslu\u0161n\u00fdmi rozd\u00edly).<\/p>","protected":false},"excerpt":{"rendered":"<p>Bauboard \u00abChci b\u00fdt um\u011blcem!\u00bb je um\u011bleck\u00e1 a vzd\u011bl\u00e1vac\u00ed hra, kter\u00e1 je vytvo\u0159ena na z\u00e1klad\u011b 108 geometrick\u00fdch a organick\u00fdch plst\u011bn\u00fdch d\u00edlk\u016f a 4 opakuj\u00edc\u00edch se barev v um\u011bn\u00ed. Hra obsahuje 10 karet s r\u016fzn\u00fdmi um\u011bleck\u00fdmi styly. S Bauboard\u00ae se u\u010d\u00edme hrou tak, \u017ee lep\u00edme geometrick\u00e9 a organick\u00e9 plst\u011bn\u00e9 d\u00edlky na b\u00edlou pl\u00e1t\u011bnou desku zakon\u010denou such\u00fdm zipem, abychom mohli skl\u00e1dat um\u011bleck\u00e1 d\u00edla podle um\u011bleck\u00fdch styl\u016f. Je mo\u017en\u00e9 kop\u00edrovat v\u00fdtvory navr\u017een\u00e9 jako vzor na 10 kart\u00e1ch, kter\u00e9 se vztahuj\u00ed k jednotliv\u00fdm styl\u016fm, nebo vytv\u00e1\u0159et vlastn\u00ed v\u00fdtvory. Karty poskytuj\u00ed informace o jednotliv\u00fdch um\u011bleck\u00fdch sm\u011brech a nav\u00edc n\u00e1s seznamuj\u00ed s v\u00fdznamn\u00fdmi um\u011blci a reprezentativn\u00edmi d\u00edly. Ka\u017ed\u00e1 karta obsahuje v\u00fdzvu, abychom dali pr\u016fchod sv\u00e9 fantazii a procvi\u010dili si to, co jsme se nau\u010dili. V\u00fdtvory se uchov\u00e1vaj\u00ed na pl\u00e1tn\u011b na na\u0161em stojanu Bauplay\u00ae nebo se zav\u011b\u0161uj\u00ed na ze\u010f jako um\u011bleck\u00e9 d\u00edlo, kter\u00e9 lze libovoln\u011b \u010dasto p\u0159etv\u00e1\u0159et nebo m\u011bnit.<\/p>","protected":false},"featured_media":2627,"comment_status":"open","ping_status":"closed","template":"","meta":{"_acf_changed":false},"product_brand":[],"product_cat":[47,21],"product_tag":[68,101,109,107,108,96,89,34,88,64,67,104,106,105,87,66,62,65,60,52,85,86,91,90,53,59,55,54],"class_list":{"0":"post-2623","1":"product","2":"type-product","3":"status-publish","4":"has-post-thumbnail","6":"product_cat-bauboard","7":"product_cat-juegos","8":"product_tag-aprender-jugando","9":"product_tag-arte","10":"product_tag-bauhaus","11":"product_tag-colores","12":"product_tag-colores-basicos","13":"product_tag-concentracion","14":"product_tag-creatividad","15":"product_tag-destacado","16":"product_tag-destreza","17":"product_tag-educacion","18":"product_tag-fabricado-en-eu","19":"product_tag-formas","20":"product_tag-formas-geometricas","21":"product_tag-geometria","22":"product_tag-imaginacion","23":"product_tag-juguetes-artesanos","24":"product_tag-juguetes-de-madera","25":"product_tag-juguetes-sostenibles","26":"product_tag-material-manipulativo","27":"product_tag-montessori","28":"product_tag-motricidad","29":"product_tag-motricidad-fina","30":"product_tag-paciencia","31":"product_tag-pensamiento-logico","32":"product_tag-pikler","33":"product_tag-primera-infancia","34":"product_tag-reggio-emilia","35":"product_tag-waldorf","37":"first","38":"instock","39":"purchasable","40":"product-type-variable"},"acf":[],"yoast_head":"<!-- This site is optimized with the Yoast SEO plugin v27.3 - https:\/\/yoast.com\/product\/yoast-seo-wordpress\/ -->\n<title>Bauboard \u00a1Quiero ser artista! &#8226; Bauplay<\/title>\n<meta name=\"description\" content=\"Bauboard quiero ser artista inspira y fomenta el conocimiento sobre movimientos art\u00edsticos \u00a1Crea tu obra de arte enganchando las piezas en lienzo de velcro!\" \/>\n<meta name=\"robots\" content=\"index, follow, max-snippet:-1, max-image-preview:large, max-video-preview:-1\" \/>\n<link rel=\"canonical\" href=\"https:\/\/www.bauplay.com\/cs\/produkt-2\/bauboard-chci-byt-umelcem\/\" \/>\n<meta property=\"og:locale\" content=\"cs_CZ\" \/>\n<meta property=\"og:type\" content=\"article\" \/>\n<meta property=\"og:title\" content=\"Bauboard \u00a1Quiero ser artista! &#8226; Bauplay\" \/>\n<meta property=\"og:description\" content=\"Bauboard quiero ser artista inspira y fomenta el conocimiento sobre movimientos art\u00edsticos \u00a1Crea tu obra de arte enganchando las piezas en lienzo de velcro!\" \/>\n<meta property=\"og:url\" content=\"https:\/\/www.bauplay.com\/cs\/produkt-2\/bauboard-chci-byt-umelcem\/\" \/>\n<meta property=\"og:site_name\" content=\"Bauplay\" \/>\n<meta property=\"article:modified_time\" content=\"2025-09-26T18:07:07+00:00\" \/>\n<meta property=\"og:image\" content=\"https:\/\/www.bauplay.com\/wp-content\/uploads\/2022\/11\/Bauboard-artistico-1-min.jpg\" \/>\n\t<meta property=\"og:image:width\" content=\"1200\" \/>\n\t<meta property=\"og:image:height\" content=\"1200\" \/>\n\t<meta property=\"og:image:type\" content=\"image\/jpeg\" \/>\n<meta name=\"twitter:card\" content=\"summary_large_image\" \/>\n<script type=\"application\/ld+json\" class=\"yoast-schema-graph\">{\"@context\":\"https:\\\/\\\/schema.org\",\"@graph\":[{\"@type\":\"WebPage\",\"@id\":\"https:\\\/\\\/www.bauplay.com\\\/producto\\\/bauboard-quiero-ser-artista\\\/\",\"url\":\"https:\\\/\\\/www.bauplay.com\\\/producto\\\/bauboard-quiero-ser-artista\\\/\",\"name\":\"Bauboard \u00a1Quiero ser artista! &#8226; Bauplay\",\"isPartOf\":{\"@id\":\"https:\\\/\\\/www.bauplay.com\\\/#website\"},\"primaryImageOfPage\":{\"@id\":\"https:\\\/\\\/www.bauplay.com\\\/producto\\\/bauboard-quiero-ser-artista\\\/#primaryimage\"},\"image\":{\"@id\":\"https:\\\/\\\/www.bauplay.com\\\/producto\\\/bauboard-quiero-ser-artista\\\/#primaryimage\"},\"thumbnailUrl\":\"https:\\\/\\\/www.bauplay.com\\\/wp-content\\\/uploads\\\/2022\\\/11\\\/Bauboard-artistico-1-min.jpg\",\"datePublished\":\"2022-11-18T22:14:21+00:00\",\"dateModified\":\"2025-09-26T18:07:07+00:00\",\"description\":\"Bauboard quiero ser artista inspira y fomenta el conocimiento sobre movimientos art\u00edsticos \u00a1Crea tu obra de arte enganchando las piezas en lienzo de velcro!\",\"breadcrumb\":{\"@id\":\"https:\\\/\\\/www.bauplay.com\\\/producto\\\/bauboard-quiero-ser-artista\\\/#breadcrumb\"},\"inLanguage\":\"cs\",\"potentialAction\":[{\"@type\":\"ReadAction\",\"target\":[\"https:\\\/\\\/www.bauplay.com\\\/producto\\\/bauboard-quiero-ser-artista\\\/\"]}]},{\"@type\":\"ImageObject\",\"inLanguage\":\"cs\",\"@id\":\"https:\\\/\\\/www.bauplay.com\\\/producto\\\/bauboard-quiero-ser-artista\\\/#primaryimage\",\"url\":\"https:\\\/\\\/www.bauplay.com\\\/wp-content\\\/uploads\\\/2022\\\/11\\\/Bauboard-artistico-1-min.jpg\",\"contentUrl\":\"https:\\\/\\\/www.bauplay.com\\\/wp-content\\\/uploads\\\/2022\\\/11\\\/Bauboard-artistico-1-min.jpg\",\"width\":1200,\"height\":1200},{\"@type\":\"BreadcrumbList\",\"@id\":\"https:\\\/\\\/www.bauplay.com\\\/producto\\\/bauboard-quiero-ser-artista\\\/#breadcrumb\",\"itemListElement\":[{\"@type\":\"ListItem\",\"position\":1,\"name\":\"Portada\",\"item\":\"https:\\\/\\\/www.bauplay.com\\\/\"},{\"@type\":\"ListItem\",\"position\":2,\"name\":\"Tienda\",\"item\":\"https:\\\/\\\/www.bauplay.com\\\/tienda\\\/\"},{\"@type\":\"ListItem\",\"position\":3,\"name\":\"Bauboard \u00b7 \u00a1Quiero ser artista!\"}]},{\"@type\":\"WebSite\",\"@id\":\"https:\\\/\\\/www.bauplay.com\\\/#website\",\"url\":\"https:\\\/\\\/www.bauplay.com\\\/\",\"name\":\"Bauplay\",\"description\":\"\",\"publisher\":{\"@id\":\"https:\\\/\\\/www.bauplay.com\\\/#organization\"},\"potentialAction\":[{\"@type\":\"SearchAction\",\"target\":{\"@type\":\"EntryPoint\",\"urlTemplate\":\"https:\\\/\\\/www.bauplay.com\\\/?s={search_term_string}\"},\"query-input\":{\"@type\":\"PropertyValueSpecification\",\"valueRequired\":true,\"valueName\":\"search_term_string\"}}],\"inLanguage\":\"cs\"},{\"@type\":\"Organization\",\"@id\":\"https:\\\/\\\/www.bauplay.com\\\/#organization\",\"name\":\"Bauplay\",\"url\":\"https:\\\/\\\/www.bauplay.com\\\/\",\"logo\":{\"@type\":\"ImageObject\",\"inLanguage\":\"cs\",\"@id\":\"https:\\\/\\\/www.bauplay.com\\\/#\\\/schema\\\/logo\\\/image\\\/\",\"url\":\"https:\\\/\\\/www.bauplay.com\\\/wp-content\\\/uploads\\\/2021\\\/11\\\/Bauplay_logo.svg\",\"contentUrl\":\"https:\\\/\\\/www.bauplay.com\\\/wp-content\\\/uploads\\\/2021\\\/11\\\/Bauplay_logo.svg\",\"width\":918,\"height\":207,\"caption\":\"Bauplay\"},\"image\":{\"@id\":\"https:\\\/\\\/www.bauplay.com\\\/#\\\/schema\\\/logo\\\/image\\\/\"}}]}<\/script>\n<!-- \/ Yoast SEO plugin. -->","yoast_head_json":{"title":"Bauboard Chci b\u00fdt um\u011blcem! - Bauplay","description":"Bauboard Chci b\u00fdt um\u011blcem inspiruje a podporuje znalosti o um\u011bleck\u00fdch sm\u011brech. Vytvo\u0159te si um\u011bleck\u00e9 d\u00edlo zah\u00e1knut\u00edm d\u00edlk\u016f na pl\u00e1tno se such\u00fdm zipem!","robots":{"index":"index","follow":"follow","max-snippet":"max-snippet:-1","max-image-preview":"max-image-preview:large","max-video-preview":"max-video-preview:-1"},"canonical":"https:\/\/www.bauplay.com\/cs\/produkt-2\/bauboard-chci-byt-umelcem\/","og_locale":"cs_CZ","og_type":"article","og_title":"Bauboard \u00a1Quiero ser artista! &#8226; Bauplay","og_description":"Bauboard quiero ser artista inspira y fomenta el conocimiento sobre movimientos art\u00edsticos \u00a1Crea tu obra de arte enganchando las piezas en lienzo de velcro!","og_url":"https:\/\/www.bauplay.com\/cs\/produkt-2\/bauboard-chci-byt-umelcem\/","og_site_name":"Bauplay","article_modified_time":"2025-09-26T18:07:07+00:00","og_image":[{"width":1200,"height":1200,"url":"https:\/\/www.bauplay.com\/wp-content\/uploads\/2022\/11\/Bauboard-artistico-1-min.jpg","type":"image\/jpeg"}],"twitter_card":"summary_large_image","schema":{"@context":"https:\/\/schema.org","@graph":[{"@type":"WebPage","@id":"https:\/\/www.bauplay.com\/producto\/bauboard-quiero-ser-artista\/","url":"https:\/\/www.bauplay.com\/producto\/bauboard-quiero-ser-artista\/","name":"Bauboard Chci b\u00fdt um\u011blcem! - Bauplay","isPartOf":{"@id":"https:\/\/www.bauplay.com\/#website"},"primaryImageOfPage":{"@id":"https:\/\/www.bauplay.com\/producto\/bauboard-quiero-ser-artista\/#primaryimage"},"image":{"@id":"https:\/\/www.bauplay.com\/producto\/bauboard-quiero-ser-artista\/#primaryimage"},"thumbnailUrl":"https:\/\/www.bauplay.com\/wp-content\/uploads\/2022\/11\/Bauboard-artistico-1-min.jpg","datePublished":"2022-11-18T22:14:21+00:00","dateModified":"2025-09-26T18:07:07+00:00","description":"Bauboard Chci b\u00fdt um\u011blcem inspiruje a podporuje znalosti o um\u011bleck\u00fdch sm\u011brech. Vytvo\u0159te si um\u011bleck\u00e9 d\u00edlo zah\u00e1knut\u00edm d\u00edlk\u016f na pl\u00e1tno se such\u00fdm zipem!","breadcrumb":{"@id":"https:\/\/www.bauplay.com\/producto\/bauboard-quiero-ser-artista\/#breadcrumb"},"inLanguage":"cs","potentialAction":[{"@type":"ReadAction","target":["https:\/\/www.bauplay.com\/producto\/bauboard-quiero-ser-artista\/"]}]},{"@type":"ImageObject","inLanguage":"cs","@id":"https:\/\/www.bauplay.com\/producto\/bauboard-quiero-ser-artista\/#primaryimage","url":"https:\/\/www.bauplay.com\/wp-content\/uploads\/2022\/11\/Bauboard-artistico-1-min.jpg","contentUrl":"https:\/\/www.bauplay.com\/wp-content\/uploads\/2022\/11\/Bauboard-artistico-1-min.jpg","width":1200,"height":1200},{"@type":"BreadcrumbList","@id":"https:\/\/www.bauplay.com\/producto\/bauboard-quiero-ser-artista\/#breadcrumb","itemListElement":[{"@type":"ListItem","position":1,"name":"Portada","item":"https:\/\/www.bauplay.com\/"},{"@type":"ListItem","position":2,"name":"Tienda","item":"https:\/\/www.bauplay.com\/tienda\/"},{"@type":"ListItem","position":3,"name":"Bauboard \u00b7 \u00a1Quiero ser artista!"}]},{"@type":"WebSite","@id":"https:\/\/www.bauplay.com\/#website","url":"https:\/\/www.bauplay.com\/","name":"Bauplay","description":"","publisher":{"@id":"https:\/\/www.bauplay.com\/#organization"},"potentialAction":[{"@type":"SearchAction","target":{"@type":"EntryPoint","urlTemplate":"https:\/\/www.bauplay.com\/?s={search_term_string}"},"query-input":{"@type":"PropertyValueSpecification","valueRequired":true,"valueName":"search_term_string"}}],"inLanguage":"cs"},{"@type":"Organization","@id":"https:\/\/www.bauplay.com\/#organization","name":"Bauplay","url":"https:\/\/www.bauplay.com\/","logo":{"@type":"ImageObject","inLanguage":"cs","@id":"https:\/\/www.bauplay.com\/#\/schema\/logo\/image\/","url":"https:\/\/www.bauplay.com\/wp-content\/uploads\/2021\/11\/Bauplay_logo.svg","contentUrl":"https:\/\/www.bauplay.com\/wp-content\/uploads\/2021\/11\/Bauplay_logo.svg","width":918,"height":207,"caption":"Bauplay"},"image":{"@id":"https:\/\/www.bauplay.com\/#\/schema\/logo\/image\/"}}]}},"_links":{"self":[{"href":"https:\/\/www.bauplay.com\/cs\/wp-json\/wp\/v2\/product\/2623","targetHints":{"allow":["GET"]}}],"collection":[{"href":"https:\/\/www.bauplay.com\/cs\/wp-json\/wp\/v2\/product"}],"about":[{"href":"https:\/\/www.bauplay.com\/cs\/wp-json\/wp\/v2\/types\/product"}],"replies":[{"embeddable":true,"href":"https:\/\/www.bauplay.com\/cs\/wp-json\/wp\/v2\/comments?post=2623"}],"wp:featuredmedia":[{"embeddable":true,"href":"https:\/\/www.bauplay.com\/cs\/wp-json\/wp\/v2\/media\/2627"}],"wp:attachment":[{"href":"https:\/\/www.bauplay.com\/cs\/wp-json\/wp\/v2\/media?parent=2623"}],"wp:term":[{"taxonomy":"product_brand","embeddable":true,"href":"https:\/\/www.bauplay.com\/cs\/wp-json\/wp\/v2\/product_brand?post=2623"},{"taxonomy":"product_cat","embeddable":true,"href":"https:\/\/www.bauplay.com\/cs\/wp-json\/wp\/v2\/product_cat?post=2623"},{"taxonomy":"product_tag","embeddable":true,"href":"https:\/\/www.bauplay.com\/cs\/wp-json\/wp\/v2\/product_tag?post=2623"}],"curies":[{"name":"wp","href":"https:\/\/api.w.org\/{rel}","templated":true}]}}