{"id":2559,"date":"2022-10-29T21:29:07","date_gmt":"2022-10-29T19:29:07","guid":{"rendered":"https:\/\/www.bauplay.com\/?post_type=product&#038;p=2559"},"modified":"2025-09-26T20:06:21","modified_gmt":"2025-09-26T18:06:21","slug":"bauboard-pocitejme","status":"publish","type":"product","link":"https:\/\/www.bauplay.com\/cs\/producto\/bauboard-vamos-a-contar\/","title":{"rendered":"Bauboard \u00b7 Jdeme po\u010d\u00edtat!"},"content":{"rendered":"<p>Bauboard Po\u010d\u00edtejme! je pom\u016fcka k procvi\u010dov\u00e1n\u00ed jemn\u00e9 motoriky, logick\u00e9ho a kreativn\u00edho my\u0161len\u00ed, trp\u011blivosti, pam\u011bti a p\u0159edev\u0161\u00edm k u\u010den\u00ed hrou.<\/p>\n<p>&nbsp;<\/p>\n<p style=\"text-align: center;\"><img decoding=\"async\" src=\"https:\/\/www.bauplay.com\/wp-content\/uploads\/2022\/10\/EyC.png\" width=\"100px\" \/><\/p>\n<p>Pou\u017e\u00edv\u00e1me aktivn\u00ed metodiky, proto\u017ee abychom se mohli u\u010dit, je t\u0159eba to pro\u017e\u00edt a za\u017e\u00edt. V\u0161echny hry zna\u010dky Bauplay\u00ae posiluj\u00ed mnoho\u010detnou inteligenci a \u0159\u00edd\u00ed se z\u00e1sadami metody \"multiinteligence\". <strong>vzd\u011bl\u00e1v\u00e1n\u00ed zam\u011b\u0159en\u00e9 na d\u011bti<\/strong>, jako v Reggio Emilia, Pikler, Waldorf nebo dal\u0161\u00ed. <a href=\"https:\/\/es.wikipedia.org\/wiki\/M%C3%A9todo_Montessori\" target=\"_blank\" rel=\"noopener\">Montessori<\/a> (s p\u0159\u00edslu\u0161n\u00fdmi rozd\u00edly).<\/p>","protected":false},"excerpt":{"rendered":"<p>Bauboard \u201cPo\u010d\u00edtejme!\u201d je po\u010detn\u00ed, v\u00fdtvarn\u00e1 a vzd\u011bl\u00e1vac\u00ed hra zalo\u017een\u00e1 na geometrick\u00fdch d\u00edlc\u00edch a 3 z\u00e1kladn\u00edch barv\u00e1ch a \u010dern\u00e9 barv\u011b. Je inspirov\u00e1na \u0161kolou Bauhaus, kter\u00e1 je pova\u017eov\u00e1na za kol\u00e9bku designu a sna\u017e\u00ed se spojit v\u0161echna um\u011bn\u00ed. Jedn\u00e1 se o kreativn\u00ed hru, kter\u00e1 umo\u017e\u0148uje u\u010dit se \u010d\u00edsla jin\u00fdm zp\u016fsobem a vyhnout se tradi\u010dn\u00edmu zp\u016fsobu. S Bauboard\u00ae se d\u011bti u\u010d\u00ed hrou, kdy na b\u00edlou pl\u00e1t\u011bnou desku zakon\u010denou such\u00fdm zipem lep\u00ed geometrick\u00e9 kousky plsti a skl\u00e1daj\u00ed z nich \u010d\u00edsla. Je mo\u017en\u00e9 kop\u00edrovat v\u00fdtvory, kter\u00e9 jsou navr\u017eeny jako p\u0159\u00edklad na 10 kart\u00e1ch, kter\u00e9 se v\u00e1\u017eou ke ka\u017ed\u00e9mu \u010d\u00edslu, nebo vytv\u00e1\u0159et vlastn\u00ed v\u00fdtvory. Tyto karti\u010dky poskytuj\u00ed zaj\u00edmavosti o ka\u017ed\u00e9m \u010d\u00edsle a obsahuj\u00ed tak\u00e9 karti\u010dky s \u00fakoly, kter\u00e9 jsou snadn\u00fdm zp\u016fsobem, jak se nau\u010dit s\u010d\u00edt\u00e1n\u00ed, od\u010d\u00edt\u00e1n\u00ed, n\u00e1soben\u00ed a d\u011blen\u00ed, krom\u011b mnoha dal\u0161\u00edch \u010dinnost\u00ed nad r\u00e1mec matematiky. V\u00fdtvory m\u016f\u017eete uchov\u00e1vat na pl\u00e1tn\u011b na na\u0161em stojanu Bauplay\u00ae nebo je zav\u011bsit na ze\u010f jako um\u011bleck\u00e9 d\u00edlo, kter\u00e9 m\u016f\u017eete libovoln\u011b \u010dasto p\u0159etv\u00e1\u0159et nebo m\u011bnit.<\/p>\n<p>&nbsp;<\/p>\n<p><strong>SOON IN ENGLISH<\/strong><br \/>\n<strong><a href=\"https:\/\/www.bauplay.com\/cs\/kontakt\/\">Kontaktujte n\u00e1s pro v\u00e1\u0161 Bauboard en Espa\u00f1ol<\/a><\/strong><\/p>","protected":false},"featured_media":2637,"comment_status":"open","ping_status":"closed","template":"","meta":{"_acf_changed":false},"product_brand":[],"product_cat":[47,21],"product_tag":[68,101,109,107,108,96,89,34,88,64,67,104,106,105,87,66,62,65,111,60,52,85,86,110,91,90,53,59,55,112,54],"class_list":{"0":"post-2559","1":"product","2":"type-product","3":"status-publish","4":"has-post-thumbnail","6":"product_cat-bauboard","7":"product_cat-juegos","8":"product_tag-aprender-jugando","9":"product_tag-arte","10":"product_tag-bauhaus","11":"product_tag-colores","12":"product_tag-colores-basicos","13":"product_tag-concentracion","14":"product_tag-creatividad","15":"product_tag-destacado","16":"product_tag-destreza","17":"product_tag-educacion","18":"product_tag-fabricado-en-eu","19":"product_tag-formas","20":"product_tag-formas-geometricas","21":"product_tag-geometria","22":"product_tag-imaginacion","23":"product_tag-juguetes-artesanos","24":"product_tag-juguetes-de-madera","25":"product_tag-juguetes-sostenibles","26":"product_tag-lienzo","27":"product_tag-material-manipulativo","28":"product_tag-montessori","29":"product_tag-motricidad","30":"product_tag-motricidad-fina","31":"product_tag-numeros","32":"product_tag-paciencia","33":"product_tag-pensamiento-logico","34":"product_tag-pikler","35":"product_tag-primera-infancia","36":"product_tag-reggio-emilia","37":"product_tag-velcro","38":"product_tag-waldorf","40":"first","41":"instock","42":"purchasable","43":"product-type-variable"},"acf":[],"yoast_head":"<!-- This site is optimized with the Yoast SEO plugin v27.3 - https:\/\/yoast.com\/product\/yoast-seo-wordpress\/ -->\n<title>Bauboard \u00a1Vamos a contar! &#8226; Bauplay<\/title>\n<meta name=\"description\" content=\"Bauboard vamos a contar es un juego para aprender n\u00fameros de forma creativa mediante enganchar las piezas geom\u00e9tricas en tabla de velcro. \u00a1Aprende jugando!\" \/>\n<meta name=\"robots\" content=\"index, follow, max-snippet:-1, max-image-preview:large, max-video-preview:-1\" \/>\n<link rel=\"canonical\" href=\"https:\/\/www.bauplay.com\/cs\/produkt-2\/bauboard-pocitejme\/\" \/>\n<meta property=\"og:locale\" content=\"cs_CZ\" \/>\n<meta property=\"og:type\" content=\"article\" \/>\n<meta property=\"og:title\" content=\"Bauboard \u00a1Vamos a contar! &#8226; Bauplay\" \/>\n<meta property=\"og:description\" content=\"Bauboard vamos a contar es un juego para aprender n\u00fameros de forma creativa mediante enganchar las piezas geom\u00e9tricas en tabla de velcro. \u00a1Aprende jugando!\" \/>\n<meta property=\"og:url\" content=\"https:\/\/www.bauplay.com\/cs\/produkt-2\/bauboard-pocitejme\/\" \/>\n<meta property=\"og:site_name\" content=\"Bauplay\" \/>\n<meta property=\"article:modified_time\" content=\"2025-09-26T18:06:21+00:00\" \/>\n<meta property=\"og:image\" content=\"https:\/\/www.bauplay.com\/wp-content\/uploads\/2022\/10\/Bauboard-numeros-01.jpg\" \/>\n\t<meta property=\"og:image:width\" content=\"1200\" \/>\n\t<meta property=\"og:image:height\" content=\"1200\" \/>\n\t<meta property=\"og:image:type\" content=\"image\/jpeg\" \/>\n<meta name=\"twitter:card\" content=\"summary_large_image\" \/>\n<script type=\"application\/ld+json\" class=\"yoast-schema-graph\">{\"@context\":\"https:\\\/\\\/schema.org\",\"@graph\":[{\"@type\":\"WebPage\",\"@id\":\"https:\\\/\\\/www.bauplay.com\\\/producto\\\/bauboard-vamos-a-contar\\\/\",\"url\":\"https:\\\/\\\/www.bauplay.com\\\/producto\\\/bauboard-vamos-a-contar\\\/\",\"name\":\"Bauboard \u00a1Vamos a contar! &#8226; Bauplay\",\"isPartOf\":{\"@id\":\"https:\\\/\\\/www.bauplay.com\\\/#website\"},\"primaryImageOfPage\":{\"@id\":\"https:\\\/\\\/www.bauplay.com\\\/producto\\\/bauboard-vamos-a-contar\\\/#primaryimage\"},\"image\":{\"@id\":\"https:\\\/\\\/www.bauplay.com\\\/producto\\\/bauboard-vamos-a-contar\\\/#primaryimage\"},\"thumbnailUrl\":\"https:\\\/\\\/www.bauplay.com\\\/wp-content\\\/uploads\\\/2022\\\/10\\\/Bauboard-numeros-01.jpg\",\"datePublished\":\"2022-10-29T19:29:07+00:00\",\"dateModified\":\"2025-09-26T18:06:21+00:00\",\"description\":\"Bauboard vamos a contar es un juego para aprender n\u00fameros de forma creativa mediante enganchar las piezas geom\u00e9tricas en tabla de velcro. \u00a1Aprende jugando!\",\"breadcrumb\":{\"@id\":\"https:\\\/\\\/www.bauplay.com\\\/producto\\\/bauboard-vamos-a-contar\\\/#breadcrumb\"},\"inLanguage\":\"cs\",\"potentialAction\":[{\"@type\":\"ReadAction\",\"target\":[\"https:\\\/\\\/www.bauplay.com\\\/producto\\\/bauboard-vamos-a-contar\\\/\"]}]},{\"@type\":\"ImageObject\",\"inLanguage\":\"cs\",\"@id\":\"https:\\\/\\\/www.bauplay.com\\\/producto\\\/bauboard-vamos-a-contar\\\/#primaryimage\",\"url\":\"https:\\\/\\\/www.bauplay.com\\\/wp-content\\\/uploads\\\/2022\\\/10\\\/Bauboard-numeros-01.jpg\",\"contentUrl\":\"https:\\\/\\\/www.bauplay.com\\\/wp-content\\\/uploads\\\/2022\\\/10\\\/Bauboard-numeros-01.jpg\",\"width\":1200,\"height\":1200},{\"@type\":\"BreadcrumbList\",\"@id\":\"https:\\\/\\\/www.bauplay.com\\\/producto\\\/bauboard-vamos-a-contar\\\/#breadcrumb\",\"itemListElement\":[{\"@type\":\"ListItem\",\"position\":1,\"name\":\"Portada\",\"item\":\"https:\\\/\\\/www.bauplay.com\\\/\"},{\"@type\":\"ListItem\",\"position\":2,\"name\":\"Tienda\",\"item\":\"https:\\\/\\\/www.bauplay.com\\\/tienda\\\/\"},{\"@type\":\"ListItem\",\"position\":3,\"name\":\"Bauboard \u00b7 \u00a1Vamos a contar!\"}]},{\"@type\":\"WebSite\",\"@id\":\"https:\\\/\\\/www.bauplay.com\\\/#website\",\"url\":\"https:\\\/\\\/www.bauplay.com\\\/\",\"name\":\"Bauplay\",\"description\":\"\",\"publisher\":{\"@id\":\"https:\\\/\\\/www.bauplay.com\\\/#organization\"},\"potentialAction\":[{\"@type\":\"SearchAction\",\"target\":{\"@type\":\"EntryPoint\",\"urlTemplate\":\"https:\\\/\\\/www.bauplay.com\\\/?s={search_term_string}\"},\"query-input\":{\"@type\":\"PropertyValueSpecification\",\"valueRequired\":true,\"valueName\":\"search_term_string\"}}],\"inLanguage\":\"cs\"},{\"@type\":\"Organization\",\"@id\":\"https:\\\/\\\/www.bauplay.com\\\/#organization\",\"name\":\"Bauplay\",\"url\":\"https:\\\/\\\/www.bauplay.com\\\/\",\"logo\":{\"@type\":\"ImageObject\",\"inLanguage\":\"cs\",\"@id\":\"https:\\\/\\\/www.bauplay.com\\\/#\\\/schema\\\/logo\\\/image\\\/\",\"url\":\"https:\\\/\\\/www.bauplay.com\\\/wp-content\\\/uploads\\\/2021\\\/11\\\/Bauplay_logo.svg\",\"contentUrl\":\"https:\\\/\\\/www.bauplay.com\\\/wp-content\\\/uploads\\\/2021\\\/11\\\/Bauplay_logo.svg\",\"width\":918,\"height\":207,\"caption\":\"Bauplay\"},\"image\":{\"@id\":\"https:\\\/\\\/www.bauplay.com\\\/#\\\/schema\\\/logo\\\/image\\\/\"}}]}<\/script>\n<!-- \/ Yoast SEO plugin. -->","yoast_head_json":{"title":"Bauboard Po\u010d\u00edtejme! - Bauplay","description":"Bauboard poj\u010fme po\u010d\u00edtat je hra na u\u010den\u00ed \u010d\u00edsel kreativn\u00edm zp\u016fsobem pomoc\u00ed h\u00e1\u010dkov\u00e1n\u00ed geometrick\u00fdch d\u00edlk\u016f na desce se such\u00fdm zipem. U\u010dte se hrou!","robots":{"index":"index","follow":"follow","max-snippet":"max-snippet:-1","max-image-preview":"max-image-preview:large","max-video-preview":"max-video-preview:-1"},"canonical":"https:\/\/www.bauplay.com\/cs\/produkt-2\/bauboard-pocitejme\/","og_locale":"cs_CZ","og_type":"article","og_title":"Bauboard \u00a1Vamos a contar! &#8226; Bauplay","og_description":"Bauboard vamos a contar es un juego para aprender n\u00fameros de forma creativa mediante enganchar las piezas geom\u00e9tricas en tabla de velcro. \u00a1Aprende jugando!","og_url":"https:\/\/www.bauplay.com\/cs\/produkt-2\/bauboard-pocitejme\/","og_site_name":"Bauplay","article_modified_time":"2025-09-26T18:06:21+00:00","og_image":[{"width":1200,"height":1200,"url":"https:\/\/www.bauplay.com\/wp-content\/uploads\/2022\/10\/Bauboard-numeros-01.jpg","type":"image\/jpeg"}],"twitter_card":"summary_large_image","schema":{"@context":"https:\/\/schema.org","@graph":[{"@type":"WebPage","@id":"https:\/\/www.bauplay.com\/producto\/bauboard-vamos-a-contar\/","url":"https:\/\/www.bauplay.com\/producto\/bauboard-vamos-a-contar\/","name":"Bauboard Po\u010d\u00edtejme! - Bauplay","isPartOf":{"@id":"https:\/\/www.bauplay.com\/#website"},"primaryImageOfPage":{"@id":"https:\/\/www.bauplay.com\/producto\/bauboard-vamos-a-contar\/#primaryimage"},"image":{"@id":"https:\/\/www.bauplay.com\/producto\/bauboard-vamos-a-contar\/#primaryimage"},"thumbnailUrl":"https:\/\/www.bauplay.com\/wp-content\/uploads\/2022\/10\/Bauboard-numeros-01.jpg","datePublished":"2022-10-29T19:29:07+00:00","dateModified":"2025-09-26T18:06:21+00:00","description":"Bauboard poj\u010fme po\u010d\u00edtat je hra na u\u010den\u00ed \u010d\u00edsel kreativn\u00edm zp\u016fsobem pomoc\u00ed h\u00e1\u010dkov\u00e1n\u00ed geometrick\u00fdch d\u00edlk\u016f na desce se such\u00fdm zipem. U\u010dte se hrou!","breadcrumb":{"@id":"https:\/\/www.bauplay.com\/producto\/bauboard-vamos-a-contar\/#breadcrumb"},"inLanguage":"cs","potentialAction":[{"@type":"ReadAction","target":["https:\/\/www.bauplay.com\/producto\/bauboard-vamos-a-contar\/"]}]},{"@type":"ImageObject","inLanguage":"cs","@id":"https:\/\/www.bauplay.com\/producto\/bauboard-vamos-a-contar\/#primaryimage","url":"https:\/\/www.bauplay.com\/wp-content\/uploads\/2022\/10\/Bauboard-numeros-01.jpg","contentUrl":"https:\/\/www.bauplay.com\/wp-content\/uploads\/2022\/10\/Bauboard-numeros-01.jpg","width":1200,"height":1200},{"@type":"BreadcrumbList","@id":"https:\/\/www.bauplay.com\/producto\/bauboard-vamos-a-contar\/#breadcrumb","itemListElement":[{"@type":"ListItem","position":1,"name":"Portada","item":"https:\/\/www.bauplay.com\/"},{"@type":"ListItem","position":2,"name":"Tienda","item":"https:\/\/www.bauplay.com\/tienda\/"},{"@type":"ListItem","position":3,"name":"Bauboard \u00b7 \u00a1Vamos a contar!"}]},{"@type":"WebSite","@id":"https:\/\/www.bauplay.com\/#website","url":"https:\/\/www.bauplay.com\/","name":"Bauplay","description":"","publisher":{"@id":"https:\/\/www.bauplay.com\/#organization"},"potentialAction":[{"@type":"SearchAction","target":{"@type":"EntryPoint","urlTemplate":"https:\/\/www.bauplay.com\/?s={search_term_string}"},"query-input":{"@type":"PropertyValueSpecification","valueRequired":true,"valueName":"search_term_string"}}],"inLanguage":"cs"},{"@type":"Organization","@id":"https:\/\/www.bauplay.com\/#organization","name":"Bauplay","url":"https:\/\/www.bauplay.com\/","logo":{"@type":"ImageObject","inLanguage":"cs","@id":"https:\/\/www.bauplay.com\/#\/schema\/logo\/image\/","url":"https:\/\/www.bauplay.com\/wp-content\/uploads\/2021\/11\/Bauplay_logo.svg","contentUrl":"https:\/\/www.bauplay.com\/wp-content\/uploads\/2021\/11\/Bauplay_logo.svg","width":918,"height":207,"caption":"Bauplay"},"image":{"@id":"https:\/\/www.bauplay.com\/#\/schema\/logo\/image\/"}}]}},"_links":{"self":[{"href":"https:\/\/www.bauplay.com\/cs\/wp-json\/wp\/v2\/product\/2559","targetHints":{"allow":["GET"]}}],"collection":[{"href":"https:\/\/www.bauplay.com\/cs\/wp-json\/wp\/v2\/product"}],"about":[{"href":"https:\/\/www.bauplay.com\/cs\/wp-json\/wp\/v2\/types\/product"}],"replies":[{"embeddable":true,"href":"https:\/\/www.bauplay.com\/cs\/wp-json\/wp\/v2\/comments?post=2559"}],"wp:featuredmedia":[{"embeddable":true,"href":"https:\/\/www.bauplay.com\/cs\/wp-json\/wp\/v2\/media\/2637"}],"wp:attachment":[{"href":"https:\/\/www.bauplay.com\/cs\/wp-json\/wp\/v2\/media?parent=2559"}],"wp:term":[{"taxonomy":"product_brand","embeddable":true,"href":"https:\/\/www.bauplay.com\/cs\/wp-json\/wp\/v2\/product_brand?post=2559"},{"taxonomy":"product_cat","embeddable":true,"href":"https:\/\/www.bauplay.com\/cs\/wp-json\/wp\/v2\/product_cat?post=2559"},{"taxonomy":"product_tag","embeddable":true,"href":"https:\/\/www.bauplay.com\/cs\/wp-json\/wp\/v2\/product_tag?post=2559"}],"curies":[{"name":"wp","href":"https:\/\/api.w.org\/{rel}","templated":true}]}}