{"id":2198,"date":"2022-04-23T12:08:06","date_gmt":"2022-04-23T10:08:06","guid":{"rendered":"https:\/\/www.bauplay.com\/?page_id=2198"},"modified":"2022-12-11T23:55:06","modified_gmt":"2022-12-11T22:55:06","slug":"doprava-a-dodaci-lhuty","status":"publish","type":"page","link":"https:\/\/www.bauplay.com\/cs\/envios-y-plazos-de-entrega\/","title":{"rendered":"Doprava a doba dod\u00e1n\u00ed"},"content":{"rendered":"<div data-elementor-type=\"wp-page\" data-elementor-id=\"2198\" class=\"elementor elementor-2198\" data-elementor-post-type=\"page\">\n\t\t\t\t\t\t<section class=\"elementor-section elementor-top-section elementor-element elementor-element-20bce81d elementor-section-content-middle elementor-section-full_width elementor-section-height-default elementor-section-height-default\" data-id=\"20bce81d\" data-element_type=\"section\" data-e-type=\"section\">\n\t\t\t\t\t\t<div class=\"elementor-container elementor-column-gap-no\">\n\t\t\t\t\t<div class=\"elementor-column elementor-col-100 elementor-top-column elementor-element elementor-element-cc00c06\" data-id=\"cc00c06\" data-element_type=\"column\" data-e-type=\"column\">\n\t\t\t<div class=\"elementor-widget-wrap elementor-element-populated\">\n\t\t\t\t\t\t<div class=\"elementor-element elementor-element-129ac6fb elementor-widget elementor-widget-heading\" data-id=\"129ac6fb\" data-element_type=\"widget\" data-e-type=\"widget\" data-widget_type=\"heading.default\">\n\t\t\t\t<div class=\"elementor-widget-container\">\n\t\t\t\t\t<h2 class=\"elementor-heading-title elementor-size-default\">Doprava a doba dod\u00e1n\u00ed<\/h2>\t\t\t\t<\/div>\n\t\t\t\t<\/div>\n\t\t\t\t\t<\/div>\n\t\t<\/div>\n\t\t\t\t\t<\/div>\n\t\t<\/section>\n\t\t\t\t<section class=\"elementor-section elementor-top-section elementor-element elementor-element-4d6ca093 elementor-section-content-top elementor-section-full_width elementor-section-height-default elementor-section-height-default\" data-id=\"4d6ca093\" data-element_type=\"section\" data-e-type=\"section\">\n\t\t\t\t\t\t<div class=\"elementor-container elementor-column-gap-no\">\n\t\t\t\t\t<div class=\"elementor-column elementor-col-50 elementor-top-column elementor-element elementor-element-34c226bd\" data-id=\"34c226bd\" data-element_type=\"column\" data-e-type=\"column\">\n\t\t\t<div class=\"elementor-widget-wrap elementor-element-populated\">\n\t\t\t\t\t\t<div class=\"elementor-element elementor-element-4a84c69a elementor-widget elementor-widget-text-editor\" data-id=\"4a84c69a\" data-element_type=\"widget\" data-e-type=\"widget\" data-widget_type=\"text-editor.default\">\n\t\t\t\t<div class=\"elementor-widget-container\">\n\t\t\t\t\t\t\t\t\t<p>V souladu s bodem 5 (Dod\u00e1vka a riziko) obchodn\u00edch podm\u00ednek v t\u00e9to sekci podrobn\u011b specifikujeme mo\u017enosti dod\u00e1n\u00ed a dodac\u00ed lh\u016fty.<\/p><p>Nab\u00edz\u00edme 3 mo\u017enosti doru\u010den\u00ed:<\/p><ul><li><strong>Bezplatn\u00e9 vyzvednut\u00ed v Barcelon\u011b (Sants) do 48 hodin<\/strong>. Pokud si p\u0159ejete vyzvednout si svou objedn\u00e1vku bezplatn\u011b p\u0159i platb\u011b, zvolte mo\u017enost \u00abbezplatn\u00e9 vyzvednut\u00ed\u00bb a kontaktujte n\u00e1s e-mailem <a href=\"mailto:lab@randomers.org\">lab@randomers.org<\/a> pro domluvu ohledn\u011b p\u0159esn\u00e9ho m\u00edsta p\u0159ed\u00e1n\u00ed<\/li><\/ul><ul><li><strong>Odesl\u00e1n\u00ed do cel\u00e9ho \u0160pan\u011blska (Poloostrov a Bale\u00e1rsk\u00e9 ostrovy)<\/strong> ve v\u00fd\u0161i 5,90 \u20ac v\u010detn\u011b DPH. Z\u00e1silka bude odesl\u00e1na spole\u010dnost\u00ed Correos jako doporu\u010den\u00fd dopis s mo\u017enost\u00ed sledov\u00e1n\u00ed z\u00e1silky pro lokalizaci bal\u00edku. Obvykl\u00e9 dodac\u00ed lh\u016fty jsou mezi <strong>3-5 pracovn\u00edch dn\u00ed<\/strong> V p\u0159\u00edpad\u011b, \u017ee V\u00e1s doru\u010dovatel nezastihne na doru\u010dovac\u00ed adrese, bude ve schr\u00e1nce zanech\u00e1no upozorn\u011bn\u00ed na vyzvednut\u00ed bal\u00edku na nejbli\u017e\u0161\u00ed po\u0161t\u011b. Respektujte pros\u00edm lh\u016fty uveden\u00e9 v ozn\u00e1men\u00ed, proto\u017ee pokud se bal\u00edk vr\u00e1t\u00ed na adresu p\u016fvodu, budete muset znovu zaplatit \u010d\u00e1stku za dopravu, abyste mohli objedn\u00e1vku p\u0159ijmout.<\/li><\/ul><ul><li style=\"list-style-type: none;\"><ul><li><strong>Doru\u010den\u00ed do jak\u00e9koli zem\u011b Evropsk\u00e9 unie<\/strong> za \u010d\u00e1stku 14,90 \u20ac v\u010detn\u011b DPH. Z\u00e1silku provede Correos formou doporu\u010den\u00e9ho dopisu se sledov\u00e1n\u00edm z\u00e1silky, aby bylo mo\u017en\u00e9 bal\u00edk lokalizovat. Obvykl\u00e9 dodac\u00ed lh\u016fty jsou mezi cca <strong>5 - 14 pracovn\u00edch dn\u00ed<\/strong>, proto\u017ee z\u00e1vis\u00ed na vzd\u00e1lenosti a plynulosti tranzitu c\u00edlov\u00e9 zem\u011b. V p\u0159\u00edpad\u011b, \u017ee V\u00e1s doru\u010dovatel nezastihne na doru\u010dovac\u00ed adrese, bude ve schr\u00e1nce zanech\u00e1no upozorn\u011bn\u00ed na vyzvednut\u00ed bal\u00edku na nejbli\u017e\u0161\u00ed po\u0161t\u011b. Respektujte pros\u00edm lh\u016fty uveden\u00e9 v ozn\u00e1men\u00ed, proto\u017ee pokud se bal\u00edk vr\u00e1t\u00ed na adresu p\u016fvodu, budete muset znovu zaplatit \u010d\u00e1stku za dopravu, abyste mohli objedn\u00e1vku p\u0159ijmout.<\/li><\/ul><\/li><\/ul>\t\t\t\t\t\t\t\t<\/div>\n\t\t\t\t<\/div>\n\t\t\t\t\t<\/div>\n\t\t<\/div>\n\t\t\t\t<div class=\"elementor-column elementor-col-50 elementor-top-column elementor-element elementor-element-1221f8dd\" data-id=\"1221f8dd\" data-element_type=\"column\" data-e-type=\"column\">\n\t\t\t<div class=\"elementor-widget-wrap elementor-element-populated\">\n\t\t\t\t\t\t<div class=\"elementor-element elementor-element-4f25ac0 elementor-widget elementor-widget-text-editor\" data-id=\"4f25ac0\" data-element_type=\"widget\" data-e-type=\"widget\" data-widget_type=\"text-editor.default\">\n\t\t\t\t<div class=\"elementor-widget-container\">\n\t\t\t\t\t\t\t\t\t<p>Pokud si p\u0159ejete zaslat z\u00e1silku na Kan\u00e1rsk\u00e9 ostrovy, Ceutu a Melillu, Andorru, Spojen\u00e9 kr\u00e1lovstv\u00ed nebo jakoukoli jinou zemi mimo Evropskou unii, m\u016f\u017eete n\u00e1s kontaktovat prost\u0159ednictv\u00edm e-mailu. <a href=\"mailto:lab@randomers.org\">lab@randomers.org<\/a> a my v\u00e1s budeme informovat o podm\u00ednk\u00e1ch a n\u00e1kladech, kter\u00e9 by z\u00e1silka m\u011bla.<\/p><p>* Neneseme odpov\u011bdnost za zpo\u017ed\u011bn\u00ed p\u0159epravy zp\u016fsoben\u00e9 st\u00e1vkami, nep\u0159\u00edjemnostmi nebo vy\u0161\u0161\u00ed moc\u00ed, kter\u00e9 mohou vzniknout ze strany po\u0161ty nebo t\u0159et\u00edch stran zapojen\u00fdch do p\u0159epravy.\u00a0<\/p><p>* Doru\u010dovac\u00ed adresa zadan\u00e1 z\u00e1kazn\u00edkem p\u0159i zad\u00e1v\u00e1n\u00ed objedn\u00e1vky je automaticky pova\u017eov\u00e1na za spr\u00e1vnou. V p\u0159\u00edpad\u011b chybn\u00fdch nebo ne\u00fapln\u00fdch \u00fadaj\u016f neneseme odpov\u011bdnost za ztracen\u00e9 z\u00e1silky nebo vr\u00e1cen\u00e9 zbo\u017e\u00ed. Pokud zjist\u00edte chybu a va\u0161e objedn\u00e1vka je\u0161t\u011b nebyla odesl\u00e1na, m\u016f\u017eete ji opravit t\u00edm, \u017ee n\u00e1s co nejd\u0159\u00edve kontaktujete. <\/p>\t\t\t\t\t\t\t\t<\/div>\n\t\t\t\t<\/div>\n\t\t\t\t\t<\/div>\n\t\t<\/div>\n\t\t\t\t\t<\/div>\n\t\t<\/section>\n\t\t\t\t<\/div>","protected":false},"excerpt":{"rendered":"<p>De acuerdo con el punto 5 (Entrega y Riesgo) en los T\u00e9rminos y Condiciones, en esta secci\u00f3n especificamos detalladamente las opciones de entrega y los plazos de entrega. Ofrecemos 3 posibilidades de entrega: Recogida gratuita en Barcelona ciudad (barrio de Sants) en 48 horas. Si deseas recoger tu pedido sin costes al realizar el pago [&hellip;]<\/p>\n","protected":false},"author":1,"featured_media":0,"parent":0,"menu_order":0,"comment_status":"closed","ping_status":"closed","template":"elementor_header_footer","meta":{"_acf_changed":false,"footnotes":""},"class_list":["post-2198","page","type-page","status-publish","hentry"],"acf":[],"yoast_head":"<!-- This site is optimized with the Yoast SEO plugin v27.3 - https:\/\/yoast.com\/product\/yoast-seo-wordpress\/ -->\n<title>Env\u00edos y plazos de entrega &#8226; Bauplay<\/title>\n<meta name=\"robots\" content=\"index, follow, max-snippet:-1, max-image-preview:large, max-video-preview:-1\" \/>\n<link rel=\"canonical\" href=\"https:\/\/www.bauplay.com\/cs\/doprava-a-dodaci-lhuty\/\" \/>\n<meta property=\"og:locale\" content=\"cs_CZ\" \/>\n<meta property=\"og:type\" content=\"article\" \/>\n<meta property=\"og:title\" content=\"Env\u00edos y plazos de entrega &#8226; Bauplay\" \/>\n<meta property=\"og:description\" content=\"De acuerdo con el punto 5 (Entrega y Riesgo) en los T\u00e9rminos y Condiciones, en esta secci\u00f3n especificamos detalladamente las opciones de entrega y los plazos de entrega. Ofrecemos 3 posibilidades de entrega: Recogida gratuita en Barcelona ciudad (barrio de Sants) en 48 horas. Si deseas recoger tu pedido sin costes al realizar el pago [&hellip;]\" \/>\n<meta property=\"og:url\" content=\"https:\/\/www.bauplay.com\/cs\/doprava-a-dodaci-lhuty\/\" \/>\n<meta property=\"og:site_name\" content=\"Bauplay\" \/>\n<meta property=\"article:modified_time\" content=\"2022-12-11T22:55:06+00:00\" \/>\n<meta name=\"twitter:card\" content=\"summary_large_image\" \/>\n<meta name=\"twitter:label1\" content=\"Odhadovan\u00e1 doba \u010dten\u00ed\" \/>\n\t<meta name=\"twitter:data1\" content=\"2 minuty\" \/>\n<script type=\"application\/ld+json\" class=\"yoast-schema-graph\">{\"@context\":\"https:\\\/\\\/schema.org\",\"@graph\":[{\"@type\":\"WebPage\",\"@id\":\"https:\\\/\\\/www.bauplay.com\\\/cs\\\/envios-y-plazos-de-entrega\\\/\",\"url\":\"https:\\\/\\\/www.bauplay.com\\\/cs\\\/envios-y-plazos-de-entrega\\\/\",\"name\":\"Env\u00edos y plazos de entrega &#8226; Bauplay\",\"isPartOf\":{\"@id\":\"https:\\\/\\\/www.bauplay.com\\\/#website\"},\"datePublished\":\"2022-04-23T10:08:06+00:00\",\"dateModified\":\"2022-12-11T22:55:06+00:00\",\"breadcrumb\":{\"@id\":\"https:\\\/\\\/www.bauplay.com\\\/cs\\\/envios-y-plazos-de-entrega\\\/#breadcrumb\"},\"inLanguage\":\"cs\",\"potentialAction\":[{\"@type\":\"ReadAction\",\"target\":[\"https:\\\/\\\/www.bauplay.com\\\/cs\\\/envios-y-plazos-de-entrega\\\/\"]}]},{\"@type\":\"BreadcrumbList\",\"@id\":\"https:\\\/\\\/www.bauplay.com\\\/cs\\\/envios-y-plazos-de-entrega\\\/#breadcrumb\",\"itemListElement\":[{\"@type\":\"ListItem\",\"position\":1,\"name\":\"Portada\",\"item\":\"https:\\\/\\\/www.bauplay.com\\\/\"},{\"@type\":\"ListItem\",\"position\":2,\"name\":\"Env\u00edos y plazos de entrega\"}]},{\"@type\":\"WebSite\",\"@id\":\"https:\\\/\\\/www.bauplay.com\\\/#website\",\"url\":\"https:\\\/\\\/www.bauplay.com\\\/\",\"name\":\"Bauplay\",\"description\":\"\",\"publisher\":{\"@id\":\"https:\\\/\\\/www.bauplay.com\\\/#organization\"},\"potentialAction\":[{\"@type\":\"SearchAction\",\"target\":{\"@type\":\"EntryPoint\",\"urlTemplate\":\"https:\\\/\\\/www.bauplay.com\\\/?s={search_term_string}\"},\"query-input\":{\"@type\":\"PropertyValueSpecification\",\"valueRequired\":true,\"valueName\":\"search_term_string\"}}],\"inLanguage\":\"cs\"},{\"@type\":\"Organization\",\"@id\":\"https:\\\/\\\/www.bauplay.com\\\/#organization\",\"name\":\"Bauplay\",\"url\":\"https:\\\/\\\/www.bauplay.com\\\/\",\"logo\":{\"@type\":\"ImageObject\",\"inLanguage\":\"cs\",\"@id\":\"https:\\\/\\\/www.bauplay.com\\\/#\\\/schema\\\/logo\\\/image\\\/\",\"url\":\"https:\\\/\\\/www.bauplay.com\\\/wp-content\\\/uploads\\\/2021\\\/11\\\/Bauplay_logo.svg\",\"contentUrl\":\"https:\\\/\\\/www.bauplay.com\\\/wp-content\\\/uploads\\\/2021\\\/11\\\/Bauplay_logo.svg\",\"width\":918,\"height\":207,\"caption\":\"Bauplay\"},\"image\":{\"@id\":\"https:\\\/\\\/www.bauplay.com\\\/#\\\/schema\\\/logo\\\/image\\\/\"}}]}<\/script>\n<!-- \/ Yoast SEO plugin. -->","yoast_head_json":{"title":"Doprava a dodac\u00ed lh\u016fty \u2022 Bauplay","robots":{"index":"index","follow":"follow","max-snippet":"max-snippet:-1","max-image-preview":"max-image-preview:large","max-video-preview":"max-video-preview:-1"},"canonical":"https:\/\/www.bauplay.com\/cs\/doprava-a-dodaci-lhuty\/","og_locale":"cs_CZ","og_type":"article","og_title":"Env\u00edos y plazos de entrega &#8226; Bauplay","og_description":"De acuerdo con el punto 5 (Entrega y Riesgo) en los T\u00e9rminos y Condiciones, en esta secci\u00f3n especificamos detalladamente las opciones de entrega y los plazos de entrega. Ofrecemos 3 posibilidades de entrega: Recogida gratuita en Barcelona ciudad (barrio de Sants) en 48 horas. Si deseas recoger tu pedido sin costes al realizar el pago [&hellip;]","og_url":"https:\/\/www.bauplay.com\/cs\/doprava-a-dodaci-lhuty\/","og_site_name":"Bauplay","article_modified_time":"2022-12-11T22:55:06+00:00","twitter_card":"summary_large_image","twitter_misc":{"Odhadovan\u00e1 doba \u010dten\u00ed":"2 minuty"},"schema":{"@context":"https:\/\/schema.org","@graph":[{"@type":"WebPage","@id":"https:\/\/www.bauplay.com\/cs\/envios-y-plazos-de-entrega\/","url":"https:\/\/www.bauplay.com\/cs\/envios-y-plazos-de-entrega\/","name":"Doprava a dodac\u00ed lh\u016fty \u2022 Bauplay","isPartOf":{"@id":"https:\/\/www.bauplay.com\/#website"},"datePublished":"2022-04-23T10:08:06+00:00","dateModified":"2022-12-11T22:55:06+00:00","breadcrumb":{"@id":"https:\/\/www.bauplay.com\/cs\/envios-y-plazos-de-entrega\/#breadcrumb"},"inLanguage":"cs","potentialAction":[{"@type":"ReadAction","target":["https:\/\/www.bauplay.com\/cs\/envios-y-plazos-de-entrega\/"]}]},{"@type":"BreadcrumbList","@id":"https:\/\/www.bauplay.com\/cs\/envios-y-plazos-de-entrega\/#breadcrumb","itemListElement":[{"@type":"ListItem","position":1,"name":"Portada","item":"https:\/\/www.bauplay.com\/"},{"@type":"ListItem","position":2,"name":"Env\u00edos y plazos de entrega"}]},{"@type":"WebSite","@id":"https:\/\/www.bauplay.com\/#website","url":"https:\/\/www.bauplay.com\/","name":"Bauplay","description":"","publisher":{"@id":"https:\/\/www.bauplay.com\/#organization"},"potentialAction":[{"@type":"SearchAction","target":{"@type":"EntryPoint","urlTemplate":"https:\/\/www.bauplay.com\/?s={search_term_string}"},"query-input":{"@type":"PropertyValueSpecification","valueRequired":true,"valueName":"search_term_string"}}],"inLanguage":"cs"},{"@type":"Organization","@id":"https:\/\/www.bauplay.com\/#organization","name":"Bauplay","url":"https:\/\/www.bauplay.com\/","logo":{"@type":"ImageObject","inLanguage":"cs","@id":"https:\/\/www.bauplay.com\/#\/schema\/logo\/image\/","url":"https:\/\/www.bauplay.com\/wp-content\/uploads\/2021\/11\/Bauplay_logo.svg","contentUrl":"https:\/\/www.bauplay.com\/wp-content\/uploads\/2021\/11\/Bauplay_logo.svg","width":918,"height":207,"caption":"Bauplay"},"image":{"@id":"https:\/\/www.bauplay.com\/#\/schema\/logo\/image\/"}}]}},"_links":{"self":[{"href":"https:\/\/www.bauplay.com\/cs\/wp-json\/wp\/v2\/pages\/2198","targetHints":{"allow":["GET"]}}],"collection":[{"href":"https:\/\/www.bauplay.com\/cs\/wp-json\/wp\/v2\/pages"}],"about":[{"href":"https:\/\/www.bauplay.com\/cs\/wp-json\/wp\/v2\/types\/page"}],"author":[{"embeddable":true,"href":"https:\/\/www.bauplay.com\/cs\/wp-json\/wp\/v2\/users\/1"}],"replies":[{"embeddable":true,"href":"https:\/\/www.bauplay.com\/cs\/wp-json\/wp\/v2\/comments?post=2198"}],"version-history":[{"count":0,"href":"https:\/\/www.bauplay.com\/cs\/wp-json\/wp\/v2\/pages\/2198\/revisions"}],"wp:attachment":[{"href":"https:\/\/www.bauplay.com\/cs\/wp-json\/wp\/v2\/media?parent=2198"}],"curies":[{"name":"wp","href":"https:\/\/api.w.org\/{rel}","templated":true}]}}