{"id":3179,"date":"2025-03-06T19:49:31","date_gmt":"2025-03-06T18:49:31","guid":{"rendered":"https:\/\/www.bauplay.com\/?post_type=product&#038;p=3179"},"modified":"2025-03-07T11:10:28","modified_gmt":"2025-03-07T10:10:28","slug":"bauboard-ars-feminae","status":"publish","type":"product","link":"https:\/\/www.bauplay.com\/ca\/producto\/bauboard-ars-feminae\/","title":{"rendered":"Bauboard \u00b7 Ars feminae"},"content":{"rendered":"<p>Bauboard Ars feminae \u00e9s una eina per practicar la motricitat fina, pensament l\u00f2gic i creatiu, paci\u00e8ncia, mem\u00f2ria i sobretot aprendre jugant<\/p>\n<p>&nbsp;<\/p>\n<p style=\"text-align: center;\"><img decoding=\"async\" src=\"https:\/\/www.bauplay.com\/wp-content\/uploads\/2022\/10\/EyC.png\" width=\"100px\" \/><\/p>\n<p>Apliquem metodologies actives perqu\u00e8 per aprendre cal viure&#039;l i experimentar-ho. Tots els jocs de la marca Bauplay\u00ae potencien les intel\u00b7lig\u00e8ncies m\u00faltiples i segueixen els principis de la <strong>educaci\u00f3 centrada en el nen<\/strong>, com a les escoles Reggio Emilia, Pikler, Waldorf o <a href=\"https:\/\/es.wikipedia.org\/wiki\/M%C3%A9todo_Montessori\" target=\"_blank\" rel=\"noopener\">Montessori<\/a> (amb les respectives difer\u00e8ncies).<\/p>","protected":false},"excerpt":{"rendered":"<p><strong><span style=\"color: #000000;\"><u>Reserva ja el teu joc de manera anticipada!<\/u> \u2013 Tenim previst comen\u00e7ar a enviar el nou joc a partir del 31\/5\/25<\/span><\/strong><\/p>\n<p>Descobreix el m\u00f3n fascinant de l&#039;art a trav\u00e9s d&#039;un joc educatiu i creatiu amb el nostre nou Bauboard \u00b7 Ars feminae i les seves peces de feltre. Utilitzant les targetes art\u00edstiques que trobar\u00e0s en el joc, aprendr\u00e0s sobre dones artistes, algunes oblidades i no reconegudes, explorant els elements principals que apareixen a les seves obres. Cada targeta presenta una breu informaci\u00f3 de cada artista, destacant-ne la contribuci\u00f3 al m\u00f3n de l&#039;art i els motius recurrents en les seves creacions.<\/p>\n<p>Despr\u00e9s d&#039;aprendre sobre aquestes artistes, enfrontar\u00e0s reptes emocionants que et conviden a crear les teves pr\u00f2pies obres inspirades en els seus estils i tem\u00e0tiques. Des d&#039;autoretrats expressius fins a composicions surrealistes, aquest joc us permetr\u00e0 experimentar i connectar amb la hist\u00f2ria de l&#039;art d&#039;una manera l\u00fadica i interactiva.<\/p>\n<p><strong>Qu\u00e8 us espera dins de la caixa?<\/strong><\/p>\n<ul>\n<li>4 nous colors vibrants<\/li>\n<li>Noves formes geom\u00e8triques i org\u00e0niques<\/li>\n<li>Noves targeres amb artistes escollides<\/li>\n<li>Una targeta extra amb m\u00e9s dones artistes i reptes a fer<\/li>\n<\/ul>\n<p><strong><br \/>\nEl perqu\u00e8 dels seus colors:<\/strong><\/p>\n<p>Ens hem aventurat m\u00e9s enll\u00e0 dels colors primaris, i s\u00ed, all\u00f2 que llegeixes \u00e9s veritat. Encara que no creiem a etiquetar els colors com a femenins o masculins, no vam poder resistir-nos a incloure el lila, un color que \u00e9s sin\u00f2nim de la celebraci\u00f3 de la dona, per nombrosos i poderosos motius. Per\u00f2 no ens vam aturar aqu\u00ed. Ens atrevim a descompondre aquest bell to!<\/p>\n<p>Ara et presentem una paleta vibrant i diversa: lavanda suau, rosa cridaner, i blau mar\u00ed, acompanyats per un groc ocre que simplement estimem i que ofereix un contrast espectacular amb la resta de les peces perqu\u00e8 les teves creacions brillin. Amb aquests colors, no nom\u00e9s podeu crear obres d&#039;art fascinants, sin\u00f3 que tamb\u00e9 celebrareu la vostra individualitat i creativitat. Fes teva aquesta paleta de colors i juga amb el nostre Bauboard: Ars Feminae!<\/p>","protected":false},"featured_media":3186,"comment_status":"open","ping_status":"closed","template":"","meta":{"_acf_changed":false},"product_brand":[],"product_cat":[47,21],"product_tag":[68,101,115,116,109,107,108,96,89,34,88,64,67,104,106,105,87,66,62,65,60,52,85,86,114,113,91,90,53,59,55,54],"class_list":{"0":"post-3179","1":"product","2":"type-product","3":"status-publish","4":"has-post-thumbnail","6":"product_cat-bauboard","7":"product_cat-juegos","8":"product_tag-aprender-jugando","9":"product_tag-arte","10":"product_tag-artista","11":"product_tag-artistas","12":"product_tag-bauhaus","13":"product_tag-colores","14":"product_tag-colores-basicos","15":"product_tag-concentracion","16":"product_tag-creatividad","17":"product_tag-destacado","18":"product_tag-destreza","19":"product_tag-educacion","20":"product_tag-fabricado-en-eu","21":"product_tag-formas","22":"product_tag-formas-geometricas","23":"product_tag-geometria","24":"product_tag-imaginacion","25":"product_tag-juguetes-artesanos","26":"product_tag-juguetes-de-madera","27":"product_tag-juguetes-sostenibles","28":"product_tag-material-manipulativo","29":"product_tag-montessori","30":"product_tag-motricidad","31":"product_tag-motricidad-fina","32":"product_tag-mujer","33":"product_tag-mujeres","34":"product_tag-paciencia","35":"product_tag-pensamiento-logico","36":"product_tag-pikler","37":"product_tag-primera-infancia","38":"product_tag-reggio-emilia","39":"product_tag-waldorf","41":"first","42":"instock","43":"purchasable","44":"product-type-variable"},"acf":[],"yoast_head":"<!-- This site is optimized with the Yoast SEO plugin v27.3 - https:\/\/yoast.com\/product\/yoast-seo-wordpress\/ -->\n<title>Bauboard Ars feminae &#8226; Bauplay<\/title>\n<meta name=\"description\" content=\"Bauboard Ars feminae inspira y fomenta el conocimiento sobre mujeres artista. \u00a1Crea tu obra de arte enganchando las piezas en lienzo de velcro!\" \/>\n<meta name=\"robots\" content=\"index, follow, max-snippet:-1, max-image-preview:large, max-video-preview:-1\" \/>\n<link rel=\"canonical\" href=\"https:\/\/www.bauplay.com\/ca\/producte\/bauboard-ars-feminae\/\" \/>\n<meta property=\"og:locale\" content=\"ca_ES\" \/>\n<meta property=\"og:type\" content=\"article\" \/>\n<meta property=\"og:title\" content=\"Bauboard Ars feminae &#8226; Bauplay\" \/>\n<meta property=\"og:description\" content=\"Bauboard Ars feminae inspira y fomenta el conocimiento sobre mujeres artista. \u00a1Crea tu obra de arte enganchando las piezas en lienzo de velcro!\" \/>\n<meta property=\"og:url\" content=\"https:\/\/www.bauplay.com\/ca\/producte\/bauboard-ars-feminae\/\" \/>\n<meta property=\"og:site_name\" content=\"Bauplay\" \/>\n<meta property=\"article:modified_time\" content=\"2025-03-07T10:10:28+00:00\" \/>\n<meta property=\"og:image\" content=\"https:\/\/www.bauplay.com\/wp-content\/uploads\/2025\/03\/Bauboard-Ars-feminae-pre.png\" \/>\n\t<meta property=\"og:image:width\" content=\"1200\" \/>\n\t<meta property=\"og:image:height\" content=\"1200\" \/>\n\t<meta property=\"og:image:type\" content=\"image\/png\" \/>\n<meta name=\"twitter:card\" content=\"summary_large_image\" \/>\n<script type=\"application\/ld+json\" class=\"yoast-schema-graph\">{\"@context\":\"https:\\\/\\\/schema.org\",\"@graph\":[{\"@type\":\"WebPage\",\"@id\":\"https:\\\/\\\/www.bauplay.com\\\/producto\\\/bauboard-ars-feminae\\\/\",\"url\":\"https:\\\/\\\/www.bauplay.com\\\/producto\\\/bauboard-ars-feminae\\\/\",\"name\":\"Bauboard Ars feminae &#8226; Bauplay\",\"isPartOf\":{\"@id\":\"https:\\\/\\\/www.bauplay.com\\\/#website\"},\"primaryImageOfPage\":{\"@id\":\"https:\\\/\\\/www.bauplay.com\\\/producto\\\/bauboard-ars-feminae\\\/#primaryimage\"},\"image\":{\"@id\":\"https:\\\/\\\/www.bauplay.com\\\/producto\\\/bauboard-ars-feminae\\\/#primaryimage\"},\"thumbnailUrl\":\"https:\\\/\\\/www.bauplay.com\\\/wp-content\\\/uploads\\\/2025\\\/03\\\/Bauboard-Ars-feminae-pre.png\",\"datePublished\":\"2025-03-06T18:49:31+00:00\",\"dateModified\":\"2025-03-07T10:10:28+00:00\",\"description\":\"Bauboard Ars feminae inspira y fomenta el conocimiento sobre mujeres artista. \u00a1Crea tu obra de arte enganchando las piezas en lienzo de velcro!\",\"breadcrumb\":{\"@id\":\"https:\\\/\\\/www.bauplay.com\\\/producto\\\/bauboard-ars-feminae\\\/#breadcrumb\"},\"inLanguage\":\"ca\",\"potentialAction\":[{\"@type\":\"ReadAction\",\"target\":[\"https:\\\/\\\/www.bauplay.com\\\/producto\\\/bauboard-ars-feminae\\\/\"]}]},{\"@type\":\"ImageObject\",\"inLanguage\":\"ca\",\"@id\":\"https:\\\/\\\/www.bauplay.com\\\/producto\\\/bauboard-ars-feminae\\\/#primaryimage\",\"url\":\"https:\\\/\\\/www.bauplay.com\\\/wp-content\\\/uploads\\\/2025\\\/03\\\/Bauboard-Ars-feminae-pre.png\",\"contentUrl\":\"https:\\\/\\\/www.bauplay.com\\\/wp-content\\\/uploads\\\/2025\\\/03\\\/Bauboard-Ars-feminae-pre.png\",\"width\":1200,\"height\":1200},{\"@type\":\"BreadcrumbList\",\"@id\":\"https:\\\/\\\/www.bauplay.com\\\/producto\\\/bauboard-ars-feminae\\\/#breadcrumb\",\"itemListElement\":[{\"@type\":\"ListItem\",\"position\":1,\"name\":\"Portada\",\"item\":\"https:\\\/\\\/www.bauplay.com\\\/\"},{\"@type\":\"ListItem\",\"position\":2,\"name\":\"Tienda\",\"item\":\"https:\\\/\\\/www.bauplay.com\\\/tienda\\\/\"},{\"@type\":\"ListItem\",\"position\":3,\"name\":\"Bauboard \u00b7 Ars feminae\"}]},{\"@type\":\"WebSite\",\"@id\":\"https:\\\/\\\/www.bauplay.com\\\/#website\",\"url\":\"https:\\\/\\\/www.bauplay.com\\\/\",\"name\":\"Bauplay\",\"description\":\"\",\"publisher\":{\"@id\":\"https:\\\/\\\/www.bauplay.com\\\/#organization\"},\"potentialAction\":[{\"@type\":\"SearchAction\",\"target\":{\"@type\":\"EntryPoint\",\"urlTemplate\":\"https:\\\/\\\/www.bauplay.com\\\/?s={search_term_string}\"},\"query-input\":{\"@type\":\"PropertyValueSpecification\",\"valueRequired\":true,\"valueName\":\"search_term_string\"}}],\"inLanguage\":\"ca\"},{\"@type\":\"Organization\",\"@id\":\"https:\\\/\\\/www.bauplay.com\\\/#organization\",\"name\":\"Bauplay\",\"url\":\"https:\\\/\\\/www.bauplay.com\\\/\",\"logo\":{\"@type\":\"ImageObject\",\"inLanguage\":\"ca\",\"@id\":\"https:\\\/\\\/www.bauplay.com\\\/#\\\/schema\\\/logo\\\/image\\\/\",\"url\":\"https:\\\/\\\/www.bauplay.com\\\/wp-content\\\/uploads\\\/2021\\\/11\\\/Bauplay_logo.svg\",\"contentUrl\":\"https:\\\/\\\/www.bauplay.com\\\/wp-content\\\/uploads\\\/2021\\\/11\\\/Bauplay_logo.svg\",\"width\":918,\"height\":207,\"caption\":\"Bauplay\"},\"image\":{\"@id\":\"https:\\\/\\\/www.bauplay.com\\\/#\\\/schema\\\/logo\\\/image\\\/\"}}]}<\/script>\n<!-- \/ Yoast SEO plugin. -->","yoast_head_json":{"title":"Bauboard Ars feminae \u2022 Bauplay","description":"Bauboard Ars feminae inspira i fomenta el coneixement sobre dones artista. Crea la teva obra d&#039;art enganxant les peces amb llen\u00e7 de velcro!","robots":{"index":"index","follow":"follow","max-snippet":"max-snippet:-1","max-image-preview":"max-image-preview:large","max-video-preview":"max-video-preview:-1"},"canonical":"https:\/\/www.bauplay.com\/ca\/producte\/bauboard-ars-feminae\/","og_locale":"ca_ES","og_type":"article","og_title":"Bauboard Ars feminae &#8226; Bauplay","og_description":"Bauboard Ars feminae inspira y fomenta el conocimiento sobre mujeres artista. \u00a1Crea tu obra de arte enganchando las piezas en lienzo de velcro!","og_url":"https:\/\/www.bauplay.com\/ca\/producte\/bauboard-ars-feminae\/","og_site_name":"Bauplay","article_modified_time":"2025-03-07T10:10:28+00:00","og_image":[{"width":1200,"height":1200,"url":"https:\/\/www.bauplay.com\/wp-content\/uploads\/2025\/03\/Bauboard-Ars-feminae-pre.png","type":"image\/png"}],"twitter_card":"summary_large_image","schema":{"@context":"https:\/\/schema.org","@graph":[{"@type":"WebPage","@id":"https:\/\/www.bauplay.com\/producto\/bauboard-ars-feminae\/","url":"https:\/\/www.bauplay.com\/producto\/bauboard-ars-feminae\/","name":"Bauboard Ars feminae \u2022 Bauplay","isPartOf":{"@id":"https:\/\/www.bauplay.com\/#website"},"primaryImageOfPage":{"@id":"https:\/\/www.bauplay.com\/producto\/bauboard-ars-feminae\/#primaryimage"},"image":{"@id":"https:\/\/www.bauplay.com\/producto\/bauboard-ars-feminae\/#primaryimage"},"thumbnailUrl":"https:\/\/www.bauplay.com\/wp-content\/uploads\/2025\/03\/Bauboard-Ars-feminae-pre.png","datePublished":"2025-03-06T18:49:31+00:00","dateModified":"2025-03-07T10:10:28+00:00","description":"Bauboard Ars feminae inspira i fomenta el coneixement sobre dones artista. Crea la teva obra d&#039;art enganxant les peces amb llen\u00e7 de velcro!","breadcrumb":{"@id":"https:\/\/www.bauplay.com\/producto\/bauboard-ars-feminae\/#breadcrumb"},"inLanguage":"ca","potentialAction":[{"@type":"ReadAction","target":["https:\/\/www.bauplay.com\/producto\/bauboard-ars-feminae\/"]}]},{"@type":"ImageObject","inLanguage":"ca","@id":"https:\/\/www.bauplay.com\/producto\/bauboard-ars-feminae\/#primaryimage","url":"https:\/\/www.bauplay.com\/wp-content\/uploads\/2025\/03\/Bauboard-Ars-feminae-pre.png","contentUrl":"https:\/\/www.bauplay.com\/wp-content\/uploads\/2025\/03\/Bauboard-Ars-feminae-pre.png","width":1200,"height":1200},{"@type":"BreadcrumbList","@id":"https:\/\/www.bauplay.com\/producto\/bauboard-ars-feminae\/#breadcrumb","itemListElement":[{"@type":"ListItem","position":1,"name":"Portada","item":"https:\/\/www.bauplay.com\/"},{"@type":"ListItem","position":2,"name":"Tienda","item":"https:\/\/www.bauplay.com\/tienda\/"},{"@type":"ListItem","position":3,"name":"Bauboard \u00b7 Ars feminae"}]},{"@type":"WebSite","@id":"https:\/\/www.bauplay.com\/#website","url":"https:\/\/www.bauplay.com\/","name":"Bauplay","description":"","publisher":{"@id":"https:\/\/www.bauplay.com\/#organization"},"potentialAction":[{"@type":"SearchAction","target":{"@type":"EntryPoint","urlTemplate":"https:\/\/www.bauplay.com\/?s={search_term_string}"},"query-input":{"@type":"PropertyValueSpecification","valueRequired":true,"valueName":"search_term_string"}}],"inLanguage":"ca"},{"@type":"Organization","@id":"https:\/\/www.bauplay.com\/#organization","name":"Bauplay","url":"https:\/\/www.bauplay.com\/","logo":{"@type":"ImageObject","inLanguage":"ca","@id":"https:\/\/www.bauplay.com\/#\/schema\/logo\/image\/","url":"https:\/\/www.bauplay.com\/wp-content\/uploads\/2021\/11\/Bauplay_logo.svg","contentUrl":"https:\/\/www.bauplay.com\/wp-content\/uploads\/2021\/11\/Bauplay_logo.svg","width":918,"height":207,"caption":"Bauplay"},"image":{"@id":"https:\/\/www.bauplay.com\/#\/schema\/logo\/image\/"}}]}},"_links":{"self":[{"href":"https:\/\/www.bauplay.com\/ca\/wp-json\/wp\/v2\/product\/3179","targetHints":{"allow":["GET"]}}],"collection":[{"href":"https:\/\/www.bauplay.com\/ca\/wp-json\/wp\/v2\/product"}],"about":[{"href":"https:\/\/www.bauplay.com\/ca\/wp-json\/wp\/v2\/types\/product"}],"replies":[{"embeddable":true,"href":"https:\/\/www.bauplay.com\/ca\/wp-json\/wp\/v2\/comments?post=3179"}],"wp:featuredmedia":[{"embeddable":true,"href":"https:\/\/www.bauplay.com\/ca\/wp-json\/wp\/v2\/media\/3186"}],"wp:attachment":[{"href":"https:\/\/www.bauplay.com\/ca\/wp-json\/wp\/v2\/media?parent=3179"}],"wp:term":[{"taxonomy":"product_brand","embeddable":true,"href":"https:\/\/www.bauplay.com\/ca\/wp-json\/wp\/v2\/product_brand?post=3179"},{"taxonomy":"product_cat","embeddable":true,"href":"https:\/\/www.bauplay.com\/ca\/wp-json\/wp\/v2\/product_cat?post=3179"},{"taxonomy":"product_tag","embeddable":true,"href":"https:\/\/www.bauplay.com\/ca\/wp-json\/wp\/v2\/product_tag?post=3179"}],"curies":[{"name":"wp","href":"https:\/\/api.w.org\/{rel}","templated":true}]}}